{"id":4249,"date":"2019-01-11T10:08:04","date_gmt":"2019-01-11T09:08:04","guid":{"rendered":"https:\/\/www.alphacan.com\/?page_id=4249"},"modified":"2019-01-11T10:26:22","modified_gmt":"2019-01-11T09:26:22","slug":"pravne-napomene","status":"publish","type":"page","link":"https:\/\/www.alphacan.com\/hr\/pravne-napomene\/","title":{"rendered":"Pravne napomene"},"content":{"rendered":"<p>Dobrodo\u0161li na web stranicu alphacan.com koja prikazuje na\u0161u ponudu profila.<br \/>\nPosjetom ove stranice implicitno prihva\u0107ate op\u0107e uvjete kori\u0161tenja iste.<br \/>\nOvi uvjeti podlo\u017eni su promijenama, stoga Vas pozivamo da ih redovito pratite kako biste bili informirani o promjenama<br \/>\n\u00a0<\/p>\n<h3>Izdava\u010d web stranice<\/h3>\n<p>Alphacan S.A.S<br \/>\nJednostavno dioni\u010dko dru\u0161tvo temeljnog kapitala 6 810 000 \u20ac<br \/>\nRCS Le Mans 309 745 891 <br \/>\nZI de l\u2019Aubr\u00e9e<br \/>\n72300 Sabl\u00e9-sur-Sarthe<br \/>\nFRANCUSKA<br \/>\n+33 (0) 2 43 62 48 48<br \/>\nDirektor izdanja : Olivier Leplingard<\/p>\n<h3>Web hosting<\/h3>\n<p>Soci\u00e9t\u00e9 Symbioseo<br \/>\n36 rue Paul C\u00e9zanne<br \/>\n68200 Mulhouse<br \/>\nFrancuska <br \/>\nSIRET 53310168900016<\/p>\n<h3>Izrada<\/h3>\n<p>Grafika:\u00a0<a href=\"http:\/\/www.onthewave.fr\" target=\"_blank\" rel=\"noopener\">AGENCIJA ON THE WAVE<\/a><br \/>\nProdukcija:\u00a0<a href=\"http:\/\/www.symbioseo.fr\" target=\"_blank\" rel=\"noopener\">AGENCIJA SYMBIOSEO<\/a><\/p>\n<h3>Sadr\u017eaj<\/h3>\n<p>Ova stranica pru\u017ea samo op\u0107e informacije koje su samo dane u indikativne svrhe te iste nisu obvezuju\u0107e.<br \/>\nTvrtka ALPHACAN ne jam\u010di za to\u010dnost, potpunost ili a\u017euriranje informacija sadr\u017eanih na ovim stranicama.<br \/>\nTvrtka ALPHACAN se ne mo\u017ee smatrati odgovornom za bilo kakve pogre\u0161ke i \/ ili propuste, nedostupnost informacija, nedostatak a\u017euriranosti informacija i \/ ili prisutnost virusa na svojim stranicama.<br \/>\nSukladno tome, prihva\u0107ate da te informacije koristite isklju\u010divo na svoju odgovornost, tvrtka ALPHACAN ne mo\u017ee se smatrati odgovornom za bilo kakvu izravnu ili neizravnu \u0161tetu koja mo\u017ee nastati kori\u0161tenjem ovih informacija.<br \/>\nTvrtka ALPHACAN mo\u017ee u bilo koje vrijeme i bez prethodne najave izmijeniti ovu stranicu i ove uvjete kori\u0161tenja.<\/p>\n<h3>Kori\u0161tenje osobnih podataka<\/h3>\n<p>Osobni podaci koje prikupljamo isklju\u010divo su za potrebe tvrtke ALPHACAN. Ni u kojem slu\u010daju ne\u0107e se djeliti s tre\u0107im osobama.<\/p>\n<h3>Pristup va\u0161im osobnim podacima<\/h3>\n<p>U skladu sa Zakonom o za\u0161titi podataka od 6. sije\u010dnja 1978. imate pravo na pristup, izmjenu, ispravku i brisanje va\u0161ih osobnih podataka (\u010dlanci 39. i 40. francuskog zakona &#8220;Informatique et Libert\u00e9s&#8221;).<br \/>\nDa biste ostvarili to pravo, mo\u017eete kontaktirati:<\/p>\n<p>Alphacan S.A.S<br \/>\nZI Aubr\u00e9ea<br \/>\n72300 Sabl\u00e9-sur-Sarthe<\/p>\n<h3>Intelektualno vlasni\u0161tvo<\/h3>\n<p>Alphacan posjeduje ili je ovla\u0161ten koristiti sve informacije, kao i sve elemente prisutne na ovim stranicama (tekstove, fotografije, slike i zvukove) u skladu sa zakonima koji \u0161tite autorska prava. Kopije svih ili jednog dijela tih informacija i elemenata dozvoljene su samo u informativne svrhe i isklju\u010divo za strogo privatnu uporabu. Zabranjena je svaka reprodukcija, prikaz, adaptacija, prijevod i \/ ili transformacija svih ili jednog dijela ovih informacija i elemenata u druge svrhe. Nijedna licenca, niti bilo koje drugo pravo osim onoga za pregledavanje web stranice, informacija i elemenata koje sadr\u017ei, nije dodijeljeno nikome u pogledu prava intelektualnog vlasni\u0161tva.<\/p>\n<h3>\u00a0<br \/>\nCr\u00e9dits photos<\/h3>\n<p>istockphoto<\/p>\n<h3>\u00a0<\/h3>\n<h3>Intelektualno vlasni\u0161tvo<\/h3>\n<p class=\"Body\"><span lang=\"EN-GB\" style=\"font-size: 12.0pt; color: windowtext;\">Sadr\u017eaj na ovoj internet stranici za\u0161ti\u0107en je va\u017ee\u0107im zakonima (\u010dlanak L.122-4 Zakona o intelektualnom vlasni\u0161tvo), a reprodukcija ili distribucija, bez izri\u010ditog pisanog dopu\u0161tenja, ozna\u010dava prekr\u0161aj koji se ka\u017enjava kaznenim penalima.<\/span><\/p>\n","protected":false},"excerpt":{"rendered":"<p>Dobrodo\u0161li na web stranicu alphacan.com koja prikazuje na\u0161u ponudu profila. Posjetom ove stranice implicitno prihva\u0107ate op\u0107e uvjete kori\u0161tenja iste. Ovi uvjeti podlo\u017eni su promijenama, stoga Vas pozivamo da ih redovito pratite kako biste bili informirani o promjenama \u00a0 Izdava\u010d web stranice Alphacan S.A.S Jednostavno dioni\u010dko dru\u0161tvo temeljnog kapitala 6 810 000 \u20ac RCS Le Mans [&hellip;]<\/p>\n","protected":false},"author":559,"featured_media":0,"parent":0,"menu_order":0,"comment_status":"open","ping_status":"open","template":"","meta":{"_acf_changed":false,"footnotes":""},"class_list":["post-4249","page","type-page","status-publish","hentry"],"acf":[],"yoast_head":"<!-- This site is optimized with the Yoast SEO plugin v27.0 - https:\/\/yoast.com\/product\/yoast-seo-wordpress\/ -->\n<title>Pravne napomene &#8211; Alphacan<\/title>\n<meta name=\"description\" content=\"Dobrodo\u0161li na web stranicu alphacan.com koja prikazuje na\u0161u ponudu profila. Posjetom ove stranice implicitno prihva\u0107ate op\u0107e uvjete kori\u0161tenja iste. Ovi\" \/>\n<meta name=\"robots\" content=\"index, follow, max-snippet:-1, max-image-preview:large, max-video-preview:-1\" \/>\n<link rel=\"canonical\" href=\"https:\/\/www.alphacan.com\/hr\/pravne-napomene\/\" \/>\n<meta property=\"og:locale\" content=\"hr_HR\" \/>\n<meta property=\"og:type\" content=\"article\" \/>\n<meta property=\"og:title\" content=\"Pravne napomene &#8211; Alphacan\" \/>\n<meta property=\"og:description\" content=\"Dobrodo\u0161li na web stranicu alphacan.com koja prikazuje na\u0161u ponudu profila. Posjetom ove stranice implicitno prihva\u0107ate op\u0107e uvjete kori\u0161tenja iste. Ovi\" \/>\n<meta property=\"og:url\" content=\"https:\/\/www.alphacan.com\/hr\/pravne-napomene\/\" \/>\n<meta property=\"og:site_name\" content=\"Alphacan\" \/>\n<meta property=\"article:modified_time\" content=\"2019-01-11T09:26:22+00:00\" \/>\n<meta name=\"twitter:card\" content=\"summary_large_image\" \/>\n<meta name=\"twitter:label1\" content=\"Procijenjeno vrijeme \u010ditanja\" \/>\n\t<meta name=\"twitter:data1\" content=\"2 minute\" \/>\n<script type=\"application\/ld+json\" class=\"yoast-schema-graph\">{\"@context\":\"https:\/\/schema.org\",\"@graph\":[{\"@type\":\"WebPage\",\"@id\":\"https:\/\/www.alphacan.com\/hr\/pravne-napomene\/\",\"url\":\"https:\/\/www.alphacan.com\/hr\/pravne-napomene\/\",\"name\":\"Pravne napomene &#8211; Alphacan\",\"isPartOf\":{\"@id\":\"https:\/\/www.alphacan.com\/es\/#website\"},\"datePublished\":\"2019-01-11T09:08:04+00:00\",\"dateModified\":\"2019-01-11T09:26:22+00:00\",\"description\":\"Dobrodo\u0161li na web stranicu alphacan.com koja prikazuje na\u0161u ponudu profila. Posjetom ove stranice implicitno prihva\u0107ate op\u0107e uvjete kori\u0161tenja iste. Ovi\",\"breadcrumb\":{\"@id\":\"https:\/\/www.alphacan.com\/hr\/pravne-napomene\/#breadcrumb\"},\"inLanguage\":\"hr\",\"potentialAction\":[{\"@type\":\"ReadAction\",\"target\":[\"https:\/\/www.alphacan.com\/hr\/pravne-napomene\/\"]}]},{\"@type\":\"BreadcrumbList\",\"@id\":\"https:\/\/www.alphacan.com\/hr\/pravne-napomene\/#breadcrumb\",\"itemListElement\":[{\"@type\":\"ListItem\",\"position\":1,\"name\":\"Accueil\",\"item\":\"https:\/\/www.alphacan.com\/hr\/\"},{\"@type\":\"ListItem\",\"position\":2,\"name\":\"Pravne napomene\"}]},{\"@type\":\"WebSite\",\"@id\":\"https:\/\/www.alphacan.com\/es\/#website\",\"url\":\"https:\/\/www.alphacan.com\/es\/\",\"name\":\"Alphacan\",\"description\":\"Concepteur Menuiseries\",\"potentialAction\":[{\"@type\":\"SearchAction\",\"target\":{\"@type\":\"EntryPoint\",\"urlTemplate\":\"https:\/\/www.alphacan.com\/es\/?s={search_term_string}\"},\"query-input\":{\"@type\":\"PropertyValueSpecification\",\"valueRequired\":true,\"valueName\":\"search_term_string\"}}],\"inLanguage\":\"hr\"}]}<\/script>\n<!-- \/ Yoast SEO plugin. -->","yoast_head_json":{"title":"Pravne napomene &#8211; Alphacan","description":"Dobrodo\u0161li na web stranicu alphacan.com koja prikazuje na\u0161u ponudu profila. Posjetom ove stranice implicitno prihva\u0107ate op\u0107e uvjete kori\u0161tenja iste. Ovi","robots":{"index":"index","follow":"follow","max-snippet":"max-snippet:-1","max-image-preview":"max-image-preview:large","max-video-preview":"max-video-preview:-1"},"canonical":"https:\/\/www.alphacan.com\/hr\/pravne-napomene\/","og_locale":"hr_HR","og_type":"article","og_title":"Pravne napomene &#8211; Alphacan","og_description":"Dobrodo\u0161li na web stranicu alphacan.com koja prikazuje na\u0161u ponudu profila. Posjetom ove stranice implicitno prihva\u0107ate op\u0107e uvjete kori\u0161tenja iste. Ovi","og_url":"https:\/\/www.alphacan.com\/hr\/pravne-napomene\/","og_site_name":"Alphacan","article_modified_time":"2019-01-11T09:26:22+00:00","twitter_card":"summary_large_image","twitter_misc":{"Procijenjeno vrijeme \u010ditanja":"2 minute"},"schema":{"@context":"https:\/\/schema.org","@graph":[{"@type":"WebPage","@id":"https:\/\/www.alphacan.com\/hr\/pravne-napomene\/","url":"https:\/\/www.alphacan.com\/hr\/pravne-napomene\/","name":"Pravne napomene &#8211; Alphacan","isPartOf":{"@id":"https:\/\/www.alphacan.com\/es\/#website"},"datePublished":"2019-01-11T09:08:04+00:00","dateModified":"2019-01-11T09:26:22+00:00","description":"Dobrodo\u0161li na web stranicu alphacan.com koja prikazuje na\u0161u ponudu profila. Posjetom ove stranice implicitno prihva\u0107ate op\u0107e uvjete kori\u0161tenja iste. Ovi","breadcrumb":{"@id":"https:\/\/www.alphacan.com\/hr\/pravne-napomene\/#breadcrumb"},"inLanguage":"hr","potentialAction":[{"@type":"ReadAction","target":["https:\/\/www.alphacan.com\/hr\/pravne-napomene\/"]}]},{"@type":"BreadcrumbList","@id":"https:\/\/www.alphacan.com\/hr\/pravne-napomene\/#breadcrumb","itemListElement":[{"@type":"ListItem","position":1,"name":"Accueil","item":"https:\/\/www.alphacan.com\/hr\/"},{"@type":"ListItem","position":2,"name":"Pravne napomene"}]},{"@type":"WebSite","@id":"https:\/\/www.alphacan.com\/es\/#website","url":"https:\/\/www.alphacan.com\/es\/","name":"Alphacan","description":"Concepteur Menuiseries","potentialAction":[{"@type":"SearchAction","target":{"@type":"EntryPoint","urlTemplate":"https:\/\/www.alphacan.com\/es\/?s={search_term_string}"},"query-input":{"@type":"PropertyValueSpecification","valueRequired":true,"valueName":"search_term_string"}}],"inLanguage":"hr"}]}},"_links":{"self":[{"href":"https:\/\/www.alphacan.com\/hr\/wp-json\/wp\/v2\/pages\/4249","targetHints":{"allow":["GET"]}}],"collection":[{"href":"https:\/\/www.alphacan.com\/hr\/wp-json\/wp\/v2\/pages"}],"about":[{"href":"https:\/\/www.alphacan.com\/hr\/wp-json\/wp\/v2\/types\/page"}],"author":[{"embeddable":true,"href":"https:\/\/www.alphacan.com\/hr\/wp-json\/wp\/v2\/users\/559"}],"replies":[{"embeddable":true,"href":"https:\/\/www.alphacan.com\/hr\/wp-json\/wp\/v2\/comments?post=4249"}],"version-history":[{"count":5,"href":"https:\/\/www.alphacan.com\/hr\/wp-json\/wp\/v2\/pages\/4249\/revisions"}],"predecessor-version":[{"id":5104,"href":"https:\/\/www.alphacan.com\/hr\/wp-json\/wp\/v2\/pages\/4249\/revisions\/5104"}],"wp:attachment":[{"href":"https:\/\/www.alphacan.com\/hr\/wp-json\/wp\/v2\/media?parent=4249"}],"curies":[{"name":"wp","href":"https:\/\/api.w.org\/{rel}","templated":true}]}}