{"id":4270,"date":"2019-01-10T12:45:32","date_gmt":"2019-01-10T11:45:32","guid":{"rendered":"https:\/\/www.alphacan.com\/?page_id=4270"},"modified":"2019-04-17T12:11:39","modified_gmt":"2019-04-17T10:11:39","slug":"in-alpha","status":"publish","type":"page","link":"https:\/\/www.alphacan.com\/hr\/stolarija-francuska\/prozori\/in-alpha\/","title":{"rendered":"In Alpha"},"content":{"rendered":"<h2>SUVREMENI DIZAJN<\/h2>\n<p>IN&#8217;ALPHA nudi asortiman stolarije 70 i 80 mm koji uklju\u010duje mnoge patentirane i ekskluzivne inovacije koje zadovoljavaju zahtjeve toplinske, zvu\u010dne i mehani\u010dke izvedbe. Proizvodi spadaju pod DTA (Tehni\u010dki dokumenti za primjenu) i kontrolirani su od CSTB-a (Znanstveni centar za tehnologiju gra\u0111enja).<\/p>\n<ul style=\"list-style-type: square;\">\n<li>Vi\u0161e-komorni profili za pobolj\u0161anu toplinsku izolaciju<\/li>\n<li>Sistem sa dvije brtve za maksimalnu toplinsku i zvu\u010dnu izolaciju<\/li>\n<li>Brtve u boji baze profila za bolju estetiku<\/li>\n<li>Uporaba PVC-a bez olova (stabilizacija kalcijevog cinka)<\/li>\n<li>O\u010duvanje zdravlja instalatera zahvaljuju\u0107i manjoj te\u017eini<\/li>\n<li>Dostupno u \u0161irokom asortimanu <a href=\"https:\/\/www.alphacan.com\/hr\/stolarija-francuska\/zavrsna-obrada\/\">zavr\u0161nih obrada<\/a><\/li>\n<\/ul>\n<p>&nbsp;<\/p>\n<p>staklena vlakna su integrirana u profile u boji radi:<\/p>\n<div>\n<ul>\n<li>smanjenja koli\u010dine \u017eeljeznog oja\u010danja za stolariju u boji koja je osjetljivija na toplinu<\/li>\n<li>Uklanjanje gubitka topline uzrokovane tradicionalnim oja\u010danjima \u010delika<\/li>\n<li style=\"text-align: left;\">Lak\u0161u stolariju kako bi se sa\u010duvala os rotacije i pove\u0107ao vijek trajanja prozora<\/li>\n<\/ul>\n<\/div>\n<p><img loading=\"lazy\" decoding=\"async\" class=\"wp-image-2333  alignleft\" src=\"https:\/\/www.alphacan.com\/wp-content\/uploads\/2017\/11\/typologie-fabrication-in-alpha-1024x130.jpg\" alt=\"\" width=\"638\" height=\"81\" srcset=\"https:\/\/www.alphacan.com\/wp-content\/uploads\/2017\/11\/typologie-fabrication-in-alpha-1024x130.jpg 1024w, https:\/\/www.alphacan.com\/wp-content\/uploads\/2017\/11\/typologie-fabrication-in-alpha-300x38.jpg 300w, https:\/\/www.alphacan.com\/wp-content\/uploads\/2017\/11\/typologie-fabrication-in-alpha-768x97.jpg 768w, https:\/\/www.alphacan.com\/wp-content\/uploads\/2017\/11\/typologie-fabrication-in-alpha.jpg 1491w\" sizes=\"auto, (max-width: 638px) 100vw, 638px\" \/><\/p>\n<p>&nbsp;<\/p>\n<div class=\"post-content no-padding-left no-padding-right\">\n<div class=\"content-zoom\">\n<p>&nbsp;<\/p>\n<\/div>\n<\/div>\n","protected":false},"excerpt":{"rendered":"<p>SUVREMENI DIZAJN IN&#8217;ALPHA nudi asortiman stolarije 70 i 80 mm koji uklju\u010duje mnoge patentirane i ekskluzivne inovacije koje zadovoljavaju zahtjeve toplinske, zvu\u010dne i mehani\u010dke izvedbe. Proizvodi spadaju pod DTA (Tehni\u010dki dokumenti za primjenu) i kontrolirani su od CSTB-a (Znanstveni centar za tehnologiju gra\u0111enja). Vi\u0161e-komorni profili za pobolj\u0161anu toplinsku izolaciju Sistem sa dvije brtve za maksimalnu [&hellip;]<\/p>\n","protected":false},"author":559,"featured_media":0,"parent":4256,"menu_order":0,"comment_status":"open","ping_status":"open","template":"","meta":{"_acf_changed":false,"footnotes":""},"class_list":["post-4270","page","type-page","status-publish","hentry"],"acf":[],"yoast_head":"<!-- This site is optimized with the Yoast SEO plugin v27.0 - https:\/\/yoast.com\/product\/yoast-seo-wordpress\/ -->\n<title>In Alpha &#8211; Alphacan<\/title>\n<meta name=\"description\" content=\"SUVREMENI DIZAJN IN&#039;ALPHA nudi asortiman stolarije 70 i 80 mm koji uklju\u010duje mnoge patentirane i ekskluzivne inovacije koje zadovoljavaju zahtjeve\" \/>\n<meta name=\"robots\" content=\"index, follow, max-snippet:-1, max-image-preview:large, max-video-preview:-1\" \/>\n<link rel=\"canonical\" href=\"https:\/\/www.alphacan.com\/hr\/stolarija-francuska\/prozori\/in-alpha\/\" \/>\n<meta property=\"og:locale\" content=\"hr_HR\" \/>\n<meta property=\"og:type\" content=\"article\" \/>\n<meta property=\"og:title\" content=\"In Alpha &#8211; Alphacan\" \/>\n<meta property=\"og:description\" content=\"SUVREMENI DIZAJN IN&#039;ALPHA nudi asortiman stolarije 70 i 80 mm koji uklju\u010duje mnoge patentirane i ekskluzivne inovacije koje zadovoljavaju zahtjeve\" \/>\n<meta property=\"og:url\" content=\"https:\/\/www.alphacan.com\/hr\/stolarija-francuska\/prozori\/in-alpha\/\" \/>\n<meta property=\"og:site_name\" content=\"Alphacan\" \/>\n<meta property=\"article:modified_time\" content=\"2019-04-17T10:11:39+00:00\" \/>\n<meta property=\"og:image\" content=\"https:\/\/www.alphacan.com\/wp-content\/uploads\/2017\/11\/typologie-fabrication-in-alpha-1024x130.jpg\" \/>\n<meta name=\"twitter:card\" content=\"summary_large_image\" \/>\n<meta name=\"twitter:label1\" content=\"Procijenjeno vrijeme \u010ditanja\" \/>\n\t<meta name=\"twitter:data1\" content=\"1 minuta\" \/>\n<script type=\"application\/ld+json\" class=\"yoast-schema-graph\">{\"@context\":\"https:\/\/schema.org\",\"@graph\":[{\"@type\":\"WebPage\",\"@id\":\"https:\/\/www.alphacan.com\/hr\/stolarija-francuska\/prozori\/in-alpha\/\",\"url\":\"https:\/\/www.alphacan.com\/hr\/stolarija-francuska\/prozori\/in-alpha\/\",\"name\":\"In Alpha &#8211; Alphacan\",\"isPartOf\":{\"@id\":\"https:\/\/www.alphacan.com\/es\/#website\"},\"primaryImageOfPage\":{\"@id\":\"https:\/\/www.alphacan.com\/hr\/stolarija-francuska\/prozori\/in-alpha\/#primaryimage\"},\"image\":{\"@id\":\"https:\/\/www.alphacan.com\/hr\/stolarija-francuska\/prozori\/in-alpha\/#primaryimage\"},\"thumbnailUrl\":\"https:\/\/www.alphacan.com\/wp-content\/uploads\/2017\/11\/typologie-fabrication-in-alpha-1024x130.jpg\",\"datePublished\":\"2019-01-10T11:45:32+00:00\",\"dateModified\":\"2019-04-17T10:11:39+00:00\",\"description\":\"SUVREMENI DIZAJN IN'ALPHA nudi asortiman stolarije 70 i 80 mm koji uklju\u010duje mnoge patentirane i ekskluzivne inovacije koje zadovoljavaju zahtjeve\",\"breadcrumb\":{\"@id\":\"https:\/\/www.alphacan.com\/hr\/stolarija-francuska\/prozori\/in-alpha\/#breadcrumb\"},\"inLanguage\":\"hr\",\"potentialAction\":[{\"@type\":\"ReadAction\",\"target\":[\"https:\/\/www.alphacan.com\/hr\/stolarija-francuska\/prozori\/in-alpha\/\"]}]},{\"@type\":\"ImageObject\",\"inLanguage\":\"hr\",\"@id\":\"https:\/\/www.alphacan.com\/hr\/stolarija-francuska\/prozori\/in-alpha\/#primaryimage\",\"url\":\"https:\/\/www.alphacan.com\/wp-content\/uploads\/2017\/11\/typologie-fabrication-in-alpha-1024x130.jpg\",\"contentUrl\":\"https:\/\/www.alphacan.com\/wp-content\/uploads\/2017\/11\/typologie-fabrication-in-alpha-1024x130.jpg\"},{\"@type\":\"BreadcrumbList\",\"@id\":\"https:\/\/www.alphacan.com\/hr\/stolarija-francuska\/prozori\/in-alpha\/#breadcrumb\",\"itemListElement\":[{\"@type\":\"ListItem\",\"position\":1,\"name\":\"Accueil\",\"item\":\"https:\/\/www.alphacan.com\/hr\/\"},{\"@type\":\"ListItem\",\"position\":2,\"name\":\"STOLARIJA FRANCUSKA\",\"item\":\"https:\/\/www.alphacan.com\/hr\/stolarija-francuska\/\"},{\"@type\":\"ListItem\",\"position\":3,\"name\":\"PROZORI\",\"item\":\"https:\/\/www.alphacan.com\/hr\/stolarija-francuska\/prozori\/\"},{\"@type\":\"ListItem\",\"position\":4,\"name\":\"In Alpha\"}]},{\"@type\":\"WebSite\",\"@id\":\"https:\/\/www.alphacan.com\/es\/#website\",\"url\":\"https:\/\/www.alphacan.com\/es\/\",\"name\":\"Alphacan\",\"description\":\"Concepteur Menuiseries\",\"potentialAction\":[{\"@type\":\"SearchAction\",\"target\":{\"@type\":\"EntryPoint\",\"urlTemplate\":\"https:\/\/www.alphacan.com\/es\/?s={search_term_string}\"},\"query-input\":{\"@type\":\"PropertyValueSpecification\",\"valueRequired\":true,\"valueName\":\"search_term_string\"}}],\"inLanguage\":\"hr\"}]}<\/script>\n<!-- \/ Yoast SEO plugin. -->","yoast_head_json":{"title":"In Alpha &#8211; Alphacan","description":"SUVREMENI DIZAJN IN'ALPHA nudi asortiman stolarije 70 i 80 mm koji uklju\u010duje mnoge patentirane i ekskluzivne inovacije koje zadovoljavaju zahtjeve","robots":{"index":"index","follow":"follow","max-snippet":"max-snippet:-1","max-image-preview":"max-image-preview:large","max-video-preview":"max-video-preview:-1"},"canonical":"https:\/\/www.alphacan.com\/hr\/stolarija-francuska\/prozori\/in-alpha\/","og_locale":"hr_HR","og_type":"article","og_title":"In Alpha &#8211; Alphacan","og_description":"SUVREMENI DIZAJN IN'ALPHA nudi asortiman stolarije 70 i 80 mm koji uklju\u010duje mnoge patentirane i ekskluzivne inovacije koje zadovoljavaju zahtjeve","og_url":"https:\/\/www.alphacan.com\/hr\/stolarija-francuska\/prozori\/in-alpha\/","og_site_name":"Alphacan","article_modified_time":"2019-04-17T10:11:39+00:00","og_image":[{"url":"https:\/\/www.alphacan.com\/wp-content\/uploads\/2017\/11\/typologie-fabrication-in-alpha-1024x130.jpg","type":"","width":"","height":""}],"twitter_card":"summary_large_image","twitter_misc":{"Procijenjeno vrijeme \u010ditanja":"1 minuta"},"schema":{"@context":"https:\/\/schema.org","@graph":[{"@type":"WebPage","@id":"https:\/\/www.alphacan.com\/hr\/stolarija-francuska\/prozori\/in-alpha\/","url":"https:\/\/www.alphacan.com\/hr\/stolarija-francuska\/prozori\/in-alpha\/","name":"In Alpha &#8211; Alphacan","isPartOf":{"@id":"https:\/\/www.alphacan.com\/es\/#website"},"primaryImageOfPage":{"@id":"https:\/\/www.alphacan.com\/hr\/stolarija-francuska\/prozori\/in-alpha\/#primaryimage"},"image":{"@id":"https:\/\/www.alphacan.com\/hr\/stolarija-francuska\/prozori\/in-alpha\/#primaryimage"},"thumbnailUrl":"https:\/\/www.alphacan.com\/wp-content\/uploads\/2017\/11\/typologie-fabrication-in-alpha-1024x130.jpg","datePublished":"2019-01-10T11:45:32+00:00","dateModified":"2019-04-17T10:11:39+00:00","description":"SUVREMENI DIZAJN IN'ALPHA nudi asortiman stolarije 70 i 80 mm koji uklju\u010duje mnoge patentirane i ekskluzivne inovacije koje zadovoljavaju zahtjeve","breadcrumb":{"@id":"https:\/\/www.alphacan.com\/hr\/stolarija-francuska\/prozori\/in-alpha\/#breadcrumb"},"inLanguage":"hr","potentialAction":[{"@type":"ReadAction","target":["https:\/\/www.alphacan.com\/hr\/stolarija-francuska\/prozori\/in-alpha\/"]}]},{"@type":"ImageObject","inLanguage":"hr","@id":"https:\/\/www.alphacan.com\/hr\/stolarija-francuska\/prozori\/in-alpha\/#primaryimage","url":"https:\/\/www.alphacan.com\/wp-content\/uploads\/2017\/11\/typologie-fabrication-in-alpha-1024x130.jpg","contentUrl":"https:\/\/www.alphacan.com\/wp-content\/uploads\/2017\/11\/typologie-fabrication-in-alpha-1024x130.jpg"},{"@type":"BreadcrumbList","@id":"https:\/\/www.alphacan.com\/hr\/stolarija-francuska\/prozori\/in-alpha\/#breadcrumb","itemListElement":[{"@type":"ListItem","position":1,"name":"Accueil","item":"https:\/\/www.alphacan.com\/hr\/"},{"@type":"ListItem","position":2,"name":"STOLARIJA FRANCUSKA","item":"https:\/\/www.alphacan.com\/hr\/stolarija-francuska\/"},{"@type":"ListItem","position":3,"name":"PROZORI","item":"https:\/\/www.alphacan.com\/hr\/stolarija-francuska\/prozori\/"},{"@type":"ListItem","position":4,"name":"In Alpha"}]},{"@type":"WebSite","@id":"https:\/\/www.alphacan.com\/es\/#website","url":"https:\/\/www.alphacan.com\/es\/","name":"Alphacan","description":"Concepteur Menuiseries","potentialAction":[{"@type":"SearchAction","target":{"@type":"EntryPoint","urlTemplate":"https:\/\/www.alphacan.com\/es\/?s={search_term_string}"},"query-input":{"@type":"PropertyValueSpecification","valueRequired":true,"valueName":"search_term_string"}}],"inLanguage":"hr"}]}},"_links":{"self":[{"href":"https:\/\/www.alphacan.com\/hr\/wp-json\/wp\/v2\/pages\/4270","targetHints":{"allow":["GET"]}}],"collection":[{"href":"https:\/\/www.alphacan.com\/hr\/wp-json\/wp\/v2\/pages"}],"about":[{"href":"https:\/\/www.alphacan.com\/hr\/wp-json\/wp\/v2\/types\/page"}],"author":[{"embeddable":true,"href":"https:\/\/www.alphacan.com\/hr\/wp-json\/wp\/v2\/users\/559"}],"replies":[{"embeddable":true,"href":"https:\/\/www.alphacan.com\/hr\/wp-json\/wp\/v2\/comments?post=4270"}],"version-history":[{"count":5,"href":"https:\/\/www.alphacan.com\/hr\/wp-json\/wp\/v2\/pages\/4270\/revisions"}],"predecessor-version":[{"id":6418,"href":"https:\/\/www.alphacan.com\/hr\/wp-json\/wp\/v2\/pages\/4270\/revisions\/6418"}],"up":[{"embeddable":true,"href":"https:\/\/www.alphacan.com\/hr\/wp-json\/wp\/v2\/pages\/4256"}],"wp:attachment":[{"href":"https:\/\/www.alphacan.com\/hr\/wp-json\/wp\/v2\/media?parent=4270"}],"curies":[{"name":"wp","href":"https:\/\/api.w.org\/{rel}","templated":true}]}}