{"id":4271,"date":"2019-01-10T12:53:37","date_gmt":"2019-01-10T11:53:37","guid":{"rendered":"https:\/\/www.alphacan.com\/?page_id=4271"},"modified":"2019-04-12T10:58:27","modified_gmt":"2019-04-12T08:58:27","slug":"grilje-i-rolete","status":"publish","type":"page","link":"https:\/\/www.alphacan.com\/hr\/stolarija-francuska\/grilje-i-rolete\/","title":{"rendered":"GRILJE I ROLETE"},"content":{"rendered":"<h2>SKLADNE GRILJE I ROLETE<\/h2>\n<p>Raspon grilja i roleta prilago\u0111ava se svim domovima, a boje su prilago\u0111ene stolariji za savr\u0161eni estetski u\u017eitak.<\/p>\n","protected":false},"excerpt":{"rendered":"<p>SKLADNE GRILJE I ROLETE Raspon grilja i roleta prilago\u0111ava se svim domovima, a boje su prilago\u0111ene stolariji za savr\u0161eni estetski u\u017eitak.<\/p>\n","protected":false},"author":559,"featured_media":4268,"parent":4252,"menu_order":2,"comment_status":"closed","ping_status":"closed","template":"","meta":{"_acf_changed":false,"footnotes":""},"class_list":["post-4271","page","type-page","status-publish","has-post-thumbnail","hentry"],"acf":[],"yoast_head":"<!-- This site is optimized with the Yoast SEO plugin v27.0 - https:\/\/yoast.com\/product\/yoast-seo-wordpress\/ -->\n<title>GRILJE I ROLETE &#8211; Alphacan<\/title>\n<meta name=\"description\" content=\"SKLADNE GRILJE I ROLETE Raspon grilja i roleta prilago\u0111ava se svim domovima, a boje su prilago\u0111ene stolariji za savr\u0161eni estetski u\u017eitak.\" \/>\n<meta name=\"robots\" content=\"index, follow, max-snippet:-1, max-image-preview:large, max-video-preview:-1\" \/>\n<link rel=\"canonical\" href=\"https:\/\/www.alphacan.com\/hr\/stolarija-francuska\/grilje-i-rolete\/\" \/>\n<meta property=\"og:locale\" content=\"hr_HR\" \/>\n<meta property=\"og:type\" content=\"article\" \/>\n<meta property=\"og:title\" content=\"GRILJE I ROLETE &#8211; Alphacan\" \/>\n<meta property=\"og:description\" content=\"SKLADNE GRILJE I ROLETE Raspon grilja i roleta prilago\u0111ava se svim domovima, a boje su prilago\u0111ene stolariji za savr\u0161eni estetski u\u017eitak.\" \/>\n<meta property=\"og:url\" content=\"https:\/\/www.alphacan.com\/hr\/stolarija-francuska\/grilje-i-rolete\/\" \/>\n<meta property=\"og:site_name\" content=\"Alphacan\" \/>\n<meta property=\"article:modified_time\" content=\"2019-04-12T08:58:27+00:00\" \/>\n<meta property=\"og:image\" content=\"https:\/\/www.alphacan.com\/wp-content\/uploads\/2017\/11\/pictos-volets.jpg\" \/>\n\t<meta property=\"og:image:width\" content=\"484\" \/>\n\t<meta property=\"og:image:height\" content=\"540\" \/>\n\t<meta property=\"og:image:type\" content=\"image\/jpeg\" \/>\n<meta name=\"twitter:card\" content=\"summary_large_image\" \/>\n<script type=\"application\/ld+json\" class=\"yoast-schema-graph\">{\"@context\":\"https:\/\/schema.org\",\"@graph\":[{\"@type\":\"WebPage\",\"@id\":\"https:\/\/www.alphacan.com\/hr\/stolarija-francuska\/grilje-i-rolete\/\",\"url\":\"https:\/\/www.alphacan.com\/hr\/stolarija-francuska\/grilje-i-rolete\/\",\"name\":\"GRILJE I ROLETE &#8211; Alphacan\",\"isPartOf\":{\"@id\":\"https:\/\/www.alphacan.com\/es\/#website\"},\"primaryImageOfPage\":{\"@id\":\"https:\/\/www.alphacan.com\/hr\/stolarija-francuska\/grilje-i-rolete\/#primaryimage\"},\"image\":{\"@id\":\"https:\/\/www.alphacan.com\/hr\/stolarija-francuska\/grilje-i-rolete\/#primaryimage\"},\"thumbnailUrl\":\"https:\/\/www.alphacan.com\/wp-content\/uploads\/2017\/11\/pictos-volets.jpg\",\"datePublished\":\"2019-01-10T11:53:37+00:00\",\"dateModified\":\"2019-04-12T08:58:27+00:00\",\"description\":\"SKLADNE GRILJE I ROLETE Raspon grilja i roleta prilago\u0111ava se svim domovima, a boje su prilago\u0111ene stolariji za savr\u0161eni estetski u\u017eitak.\",\"breadcrumb\":{\"@id\":\"https:\/\/www.alphacan.com\/hr\/stolarija-francuska\/grilje-i-rolete\/#breadcrumb\"},\"inLanguage\":\"hr\",\"potentialAction\":[{\"@type\":\"ReadAction\",\"target\":[\"https:\/\/www.alphacan.com\/hr\/stolarija-francuska\/grilje-i-rolete\/\"]}]},{\"@type\":\"ImageObject\",\"inLanguage\":\"hr\",\"@id\":\"https:\/\/www.alphacan.com\/hr\/stolarija-francuska\/grilje-i-rolete\/#primaryimage\",\"url\":\"https:\/\/www.alphacan.com\/wp-content\/uploads\/2017\/11\/pictos-volets.jpg\",\"contentUrl\":\"https:\/\/www.alphacan.com\/wp-content\/uploads\/2017\/11\/pictos-volets.jpg\",\"width\":484,\"height\":540},{\"@type\":\"BreadcrumbList\",\"@id\":\"https:\/\/www.alphacan.com\/hr\/stolarija-francuska\/grilje-i-rolete\/#breadcrumb\",\"itemListElement\":[{\"@type\":\"ListItem\",\"position\":1,\"name\":\"Accueil\",\"item\":\"https:\/\/www.alphacan.com\/hr\/\"},{\"@type\":\"ListItem\",\"position\":2,\"name\":\"STOLARIJA FRANCUSKA\",\"item\":\"https:\/\/www.alphacan.com\/hr\/stolarija-francuska\/\"},{\"@type\":\"ListItem\",\"position\":3,\"name\":\"GRILJE I ROLETE\"}]},{\"@type\":\"WebSite\",\"@id\":\"https:\/\/www.alphacan.com\/es\/#website\",\"url\":\"https:\/\/www.alphacan.com\/es\/\",\"name\":\"Alphacan\",\"description\":\"Concepteur Menuiseries\",\"potentialAction\":[{\"@type\":\"SearchAction\",\"target\":{\"@type\":\"EntryPoint\",\"urlTemplate\":\"https:\/\/www.alphacan.com\/es\/?s={search_term_string}\"},\"query-input\":{\"@type\":\"PropertyValueSpecification\",\"valueRequired\":true,\"valueName\":\"search_term_string\"}}],\"inLanguage\":\"hr\"}]}<\/script>\n<!-- \/ Yoast SEO plugin. -->","yoast_head_json":{"title":"GRILJE I ROLETE &#8211; Alphacan","description":"SKLADNE GRILJE I ROLETE Raspon grilja i roleta prilago\u0111ava se svim domovima, a boje su prilago\u0111ene stolariji za savr\u0161eni estetski u\u017eitak.","robots":{"index":"index","follow":"follow","max-snippet":"max-snippet:-1","max-image-preview":"max-image-preview:large","max-video-preview":"max-video-preview:-1"},"canonical":"https:\/\/www.alphacan.com\/hr\/stolarija-francuska\/grilje-i-rolete\/","og_locale":"hr_HR","og_type":"article","og_title":"GRILJE I ROLETE &#8211; Alphacan","og_description":"SKLADNE GRILJE I ROLETE Raspon grilja i roleta prilago\u0111ava se svim domovima, a boje su prilago\u0111ene stolariji za savr\u0161eni estetski u\u017eitak.","og_url":"https:\/\/www.alphacan.com\/hr\/stolarija-francuska\/grilje-i-rolete\/","og_site_name":"Alphacan","article_modified_time":"2019-04-12T08:58:27+00:00","og_image":[{"width":484,"height":540,"url":"https:\/\/www.alphacan.com\/wp-content\/uploads\/2017\/11\/pictos-volets.jpg","type":"image\/jpeg"}],"twitter_card":"summary_large_image","schema":{"@context":"https:\/\/schema.org","@graph":[{"@type":"WebPage","@id":"https:\/\/www.alphacan.com\/hr\/stolarija-francuska\/grilje-i-rolete\/","url":"https:\/\/www.alphacan.com\/hr\/stolarija-francuska\/grilje-i-rolete\/","name":"GRILJE I ROLETE &#8211; Alphacan","isPartOf":{"@id":"https:\/\/www.alphacan.com\/es\/#website"},"primaryImageOfPage":{"@id":"https:\/\/www.alphacan.com\/hr\/stolarija-francuska\/grilje-i-rolete\/#primaryimage"},"image":{"@id":"https:\/\/www.alphacan.com\/hr\/stolarija-francuska\/grilje-i-rolete\/#primaryimage"},"thumbnailUrl":"https:\/\/www.alphacan.com\/wp-content\/uploads\/2017\/11\/pictos-volets.jpg","datePublished":"2019-01-10T11:53:37+00:00","dateModified":"2019-04-12T08:58:27+00:00","description":"SKLADNE GRILJE I ROLETE Raspon grilja i roleta prilago\u0111ava se svim domovima, a boje su prilago\u0111ene stolariji za savr\u0161eni estetski u\u017eitak.","breadcrumb":{"@id":"https:\/\/www.alphacan.com\/hr\/stolarija-francuska\/grilje-i-rolete\/#breadcrumb"},"inLanguage":"hr","potentialAction":[{"@type":"ReadAction","target":["https:\/\/www.alphacan.com\/hr\/stolarija-francuska\/grilje-i-rolete\/"]}]},{"@type":"ImageObject","inLanguage":"hr","@id":"https:\/\/www.alphacan.com\/hr\/stolarija-francuska\/grilje-i-rolete\/#primaryimage","url":"https:\/\/www.alphacan.com\/wp-content\/uploads\/2017\/11\/pictos-volets.jpg","contentUrl":"https:\/\/www.alphacan.com\/wp-content\/uploads\/2017\/11\/pictos-volets.jpg","width":484,"height":540},{"@type":"BreadcrumbList","@id":"https:\/\/www.alphacan.com\/hr\/stolarija-francuska\/grilje-i-rolete\/#breadcrumb","itemListElement":[{"@type":"ListItem","position":1,"name":"Accueil","item":"https:\/\/www.alphacan.com\/hr\/"},{"@type":"ListItem","position":2,"name":"STOLARIJA FRANCUSKA","item":"https:\/\/www.alphacan.com\/hr\/stolarija-francuska\/"},{"@type":"ListItem","position":3,"name":"GRILJE I ROLETE"}]},{"@type":"WebSite","@id":"https:\/\/www.alphacan.com\/es\/#website","url":"https:\/\/www.alphacan.com\/es\/","name":"Alphacan","description":"Concepteur Menuiseries","potentialAction":[{"@type":"SearchAction","target":{"@type":"EntryPoint","urlTemplate":"https:\/\/www.alphacan.com\/es\/?s={search_term_string}"},"query-input":{"@type":"PropertyValueSpecification","valueRequired":true,"valueName":"search_term_string"}}],"inLanguage":"hr"}]}},"_links":{"self":[{"href":"https:\/\/www.alphacan.com\/hr\/wp-json\/wp\/v2\/pages\/4271","targetHints":{"allow":["GET"]}}],"collection":[{"href":"https:\/\/www.alphacan.com\/hr\/wp-json\/wp\/v2\/pages"}],"about":[{"href":"https:\/\/www.alphacan.com\/hr\/wp-json\/wp\/v2\/types\/page"}],"author":[{"embeddable":true,"href":"https:\/\/www.alphacan.com\/hr\/wp-json\/wp\/v2\/users\/559"}],"replies":[{"embeddable":true,"href":"https:\/\/www.alphacan.com\/hr\/wp-json\/wp\/v2\/comments?post=4271"}],"version-history":[{"count":3,"href":"https:\/\/www.alphacan.com\/hr\/wp-json\/wp\/v2\/pages\/4271\/revisions"}],"predecessor-version":[{"id":6181,"href":"https:\/\/www.alphacan.com\/hr\/wp-json\/wp\/v2\/pages\/4271\/revisions\/6181"}],"up":[{"embeddable":true,"href":"https:\/\/www.alphacan.com\/hr\/wp-json\/wp\/v2\/pages\/4252"}],"wp:featuredmedia":[{"embeddable":true,"href":"https:\/\/www.alphacan.com\/hr\/wp-json\/wp\/v2\/media\/4268"}],"wp:attachment":[{"href":"https:\/\/www.alphacan.com\/hr\/wp-json\/wp\/v2\/media?parent=4271"}],"curies":[{"name":"wp","href":"https:\/\/api.w.org\/{rel}","templated":true}]}}