{"id":4272,"date":"2019-01-10T12:56:34","date_gmt":"2019-01-10T11:56:34","guid":{"rendered":"https:\/\/www.alphacan.com\/?page_id=4272"},"modified":"2019-04-17T12:20:43","modified_gmt":"2019-04-17T10:20:43","slug":"sistem-roleta","status":"publish","type":"page","link":"https:\/\/www.alphacan.com\/hr\/stolarija-francuska\/grilje-i-rolete\/sistem-roleta\/","title":{"rendered":"SISTEM ROLETA"},"content":{"rendered":"<h2>ESTETIKA I U\u010cINAK<\/h2>\n<p>Rolete odgovaraju svim stilovima i tradicionalnom i suvremenom. Estetika i performanse ispunjavaju sva Va\u0161a o\u010dekivanja:<\/p>\n<ul style=\"list-style-type: square;\">\n<li>Maksimalna toplinska izolacija<\/li>\n<li>Kompletan asortiman kliza\u010da \/ adaptera i ukrasa<\/li>\n<li>Dostupno u 3 dimenzije<\/li>\n<li>Obrada <a href=\"https:\/\/www.alphacan.com\/hr\/stolarija-francuska\/zavrsna-obrada\/boja\/\">color <\/a>\u00a0i\u00a0<a href=\"https:\/\/www.alphacan.com\/hr\/stolarija-francuska\/zavrsna-obrada\/zen\/\">zen<\/a><\/li>\n<\/ul>\n","protected":false},"excerpt":{"rendered":"<p>ESTETIKA I U\u010cINAK Rolete odgovaraju svim stilovima i tradicionalnom i suvremenom. Estetika i performanse ispunjavaju sva Va\u0161a o\u010dekivanja: Maksimalna toplinska izolacija Kompletan asortiman kliza\u010da \/ adaptera i ukrasa Dostupno u 3 dimenzije Obrada color \u00a0i\u00a0zen<\/p>\n","protected":false},"author":559,"featured_media":0,"parent":4271,"menu_order":1,"comment_status":"closed","ping_status":"closed","template":"","meta":{"_acf_changed":false,"footnotes":""},"class_list":["post-4272","page","type-page","status-publish","hentry"],"acf":[],"yoast_head":"<!-- This site is optimized with the Yoast SEO plugin v27.0 - https:\/\/yoast.com\/product\/yoast-seo-wordpress\/ -->\n<title>SISTEM ROLETA &#8211; Alphacan<\/title>\n<meta name=\"description\" content=\"ESTETIKA I U\u010cINAK Rolete odgovaraju svim stilovima i tradicionalnom i suvremenom. Estetika i performanse ispunjavaju sva Va\u0161a o\u010dekivanja: Maksimalna\" \/>\n<meta name=\"robots\" content=\"index, follow, max-snippet:-1, max-image-preview:large, max-video-preview:-1\" \/>\n<link rel=\"canonical\" href=\"https:\/\/www.alphacan.com\/hr\/stolarija-francuska\/grilje-i-rolete\/sistem-roleta\/\" \/>\n<meta property=\"og:locale\" content=\"hr_HR\" \/>\n<meta property=\"og:type\" content=\"article\" \/>\n<meta property=\"og:title\" content=\"SISTEM ROLETA &#8211; Alphacan\" \/>\n<meta property=\"og:description\" content=\"ESTETIKA I U\u010cINAK Rolete odgovaraju svim stilovima i tradicionalnom i suvremenom. Estetika i performanse ispunjavaju sva Va\u0161a o\u010dekivanja: Maksimalna\" \/>\n<meta property=\"og:url\" content=\"https:\/\/www.alphacan.com\/hr\/stolarija-francuska\/grilje-i-rolete\/sistem-roleta\/\" \/>\n<meta property=\"og:site_name\" content=\"Alphacan\" \/>\n<meta property=\"article:modified_time\" content=\"2019-04-17T10:20:43+00:00\" \/>\n<meta name=\"twitter:card\" content=\"summary_large_image\" \/>\n<script type=\"application\/ld+json\" class=\"yoast-schema-graph\">{\"@context\":\"https:\/\/schema.org\",\"@graph\":[{\"@type\":\"WebPage\",\"@id\":\"https:\/\/www.alphacan.com\/hr\/stolarija-francuska\/grilje-i-rolete\/sistem-roleta\/\",\"url\":\"https:\/\/www.alphacan.com\/hr\/stolarija-francuska\/grilje-i-rolete\/sistem-roleta\/\",\"name\":\"SISTEM ROLETA &#8211; Alphacan\",\"isPartOf\":{\"@id\":\"https:\/\/www.alphacan.com\/es\/#website\"},\"datePublished\":\"2019-01-10T11:56:34+00:00\",\"dateModified\":\"2019-04-17T10:20:43+00:00\",\"description\":\"ESTETIKA I U\u010cINAK Rolete odgovaraju svim stilovima i tradicionalnom i suvremenom. Estetika i performanse ispunjavaju sva Va\u0161a o\u010dekivanja: Maksimalna\",\"breadcrumb\":{\"@id\":\"https:\/\/www.alphacan.com\/hr\/stolarija-francuska\/grilje-i-rolete\/sistem-roleta\/#breadcrumb\"},\"inLanguage\":\"hr\",\"potentialAction\":[{\"@type\":\"ReadAction\",\"target\":[\"https:\/\/www.alphacan.com\/hr\/stolarija-francuska\/grilje-i-rolete\/sistem-roleta\/\"]}]},{\"@type\":\"BreadcrumbList\",\"@id\":\"https:\/\/www.alphacan.com\/hr\/stolarija-francuska\/grilje-i-rolete\/sistem-roleta\/#breadcrumb\",\"itemListElement\":[{\"@type\":\"ListItem\",\"position\":1,\"name\":\"Accueil\",\"item\":\"https:\/\/www.alphacan.com\/hr\/\"},{\"@type\":\"ListItem\",\"position\":2,\"name\":\"STOLARIJA FRANCUSKA\",\"item\":\"https:\/\/www.alphacan.com\/hr\/stolarija-francuska\/\"},{\"@type\":\"ListItem\",\"position\":3,\"name\":\"GRILJE I ROLETE\",\"item\":\"https:\/\/www.alphacan.com\/hr\/stolarija-francuska\/grilje-i-rolete\/\"},{\"@type\":\"ListItem\",\"position\":4,\"name\":\"SISTEM ROLETA\"}]},{\"@type\":\"WebSite\",\"@id\":\"https:\/\/www.alphacan.com\/es\/#website\",\"url\":\"https:\/\/www.alphacan.com\/es\/\",\"name\":\"Alphacan\",\"description\":\"Concepteur Menuiseries\",\"potentialAction\":[{\"@type\":\"SearchAction\",\"target\":{\"@type\":\"EntryPoint\",\"urlTemplate\":\"https:\/\/www.alphacan.com\/es\/?s={search_term_string}\"},\"query-input\":{\"@type\":\"PropertyValueSpecification\",\"valueRequired\":true,\"valueName\":\"search_term_string\"}}],\"inLanguage\":\"hr\"}]}<\/script>\n<!-- \/ Yoast SEO plugin. -->","yoast_head_json":{"title":"SISTEM ROLETA &#8211; Alphacan","description":"ESTETIKA I U\u010cINAK Rolete odgovaraju svim stilovima i tradicionalnom i suvremenom. Estetika i performanse ispunjavaju sva Va\u0161a o\u010dekivanja: Maksimalna","robots":{"index":"index","follow":"follow","max-snippet":"max-snippet:-1","max-image-preview":"max-image-preview:large","max-video-preview":"max-video-preview:-1"},"canonical":"https:\/\/www.alphacan.com\/hr\/stolarija-francuska\/grilje-i-rolete\/sistem-roleta\/","og_locale":"hr_HR","og_type":"article","og_title":"SISTEM ROLETA &#8211; Alphacan","og_description":"ESTETIKA I U\u010cINAK Rolete odgovaraju svim stilovima i tradicionalnom i suvremenom. Estetika i performanse ispunjavaju sva Va\u0161a o\u010dekivanja: Maksimalna","og_url":"https:\/\/www.alphacan.com\/hr\/stolarija-francuska\/grilje-i-rolete\/sistem-roleta\/","og_site_name":"Alphacan","article_modified_time":"2019-04-17T10:20:43+00:00","twitter_card":"summary_large_image","schema":{"@context":"https:\/\/schema.org","@graph":[{"@type":"WebPage","@id":"https:\/\/www.alphacan.com\/hr\/stolarija-francuska\/grilje-i-rolete\/sistem-roleta\/","url":"https:\/\/www.alphacan.com\/hr\/stolarija-francuska\/grilje-i-rolete\/sistem-roleta\/","name":"SISTEM ROLETA &#8211; Alphacan","isPartOf":{"@id":"https:\/\/www.alphacan.com\/es\/#website"},"datePublished":"2019-01-10T11:56:34+00:00","dateModified":"2019-04-17T10:20:43+00:00","description":"ESTETIKA I U\u010cINAK Rolete odgovaraju svim stilovima i tradicionalnom i suvremenom. Estetika i performanse ispunjavaju sva Va\u0161a o\u010dekivanja: Maksimalna","breadcrumb":{"@id":"https:\/\/www.alphacan.com\/hr\/stolarija-francuska\/grilje-i-rolete\/sistem-roleta\/#breadcrumb"},"inLanguage":"hr","potentialAction":[{"@type":"ReadAction","target":["https:\/\/www.alphacan.com\/hr\/stolarija-francuska\/grilje-i-rolete\/sistem-roleta\/"]}]},{"@type":"BreadcrumbList","@id":"https:\/\/www.alphacan.com\/hr\/stolarija-francuska\/grilje-i-rolete\/sistem-roleta\/#breadcrumb","itemListElement":[{"@type":"ListItem","position":1,"name":"Accueil","item":"https:\/\/www.alphacan.com\/hr\/"},{"@type":"ListItem","position":2,"name":"STOLARIJA FRANCUSKA","item":"https:\/\/www.alphacan.com\/hr\/stolarija-francuska\/"},{"@type":"ListItem","position":3,"name":"GRILJE I ROLETE","item":"https:\/\/www.alphacan.com\/hr\/stolarija-francuska\/grilje-i-rolete\/"},{"@type":"ListItem","position":4,"name":"SISTEM ROLETA"}]},{"@type":"WebSite","@id":"https:\/\/www.alphacan.com\/es\/#website","url":"https:\/\/www.alphacan.com\/es\/","name":"Alphacan","description":"Concepteur Menuiseries","potentialAction":[{"@type":"SearchAction","target":{"@type":"EntryPoint","urlTemplate":"https:\/\/www.alphacan.com\/es\/?s={search_term_string}"},"query-input":{"@type":"PropertyValueSpecification","valueRequired":true,"valueName":"search_term_string"}}],"inLanguage":"hr"}]}},"_links":{"self":[{"href":"https:\/\/www.alphacan.com\/hr\/wp-json\/wp\/v2\/pages\/4272","targetHints":{"allow":["GET"]}}],"collection":[{"href":"https:\/\/www.alphacan.com\/hr\/wp-json\/wp\/v2\/pages"}],"about":[{"href":"https:\/\/www.alphacan.com\/hr\/wp-json\/wp\/v2\/types\/page"}],"author":[{"embeddable":true,"href":"https:\/\/www.alphacan.com\/hr\/wp-json\/wp\/v2\/users\/559"}],"replies":[{"embeddable":true,"href":"https:\/\/www.alphacan.com\/hr\/wp-json\/wp\/v2\/comments?post=4272"}],"version-history":[{"count":5,"href":"https:\/\/www.alphacan.com\/hr\/wp-json\/wp\/v2\/pages\/4272\/revisions"}],"predecessor-version":[{"id":6424,"href":"https:\/\/www.alphacan.com\/hr\/wp-json\/wp\/v2\/pages\/4272\/revisions\/6424"}],"up":[{"embeddable":true,"href":"https:\/\/www.alphacan.com\/hr\/wp-json\/wp\/v2\/pages\/4271"}],"wp:attachment":[{"href":"https:\/\/www.alphacan.com\/hr\/wp-json\/wp\/v2\/media?parent=4272"}],"curies":[{"name":"wp","href":"https:\/\/api.w.org\/{rel}","templated":true}]}}