{"id":4274,"date":"2019-01-10T12:59:44","date_gmt":"2019-01-10T11:59:44","guid":{"rendered":"https:\/\/www.alphacan.com\/?page_id=4274"},"modified":"2019-04-12T11:08:55","modified_gmt":"2019-04-12T09:08:55","slug":"grilje","status":"publish","type":"page","link":"https:\/\/www.alphacan.com\/hr\/stolarija-francuska\/grilje-i-rolete\/grilje\/","title":{"rendered":"GRILJE"},"content":{"rendered":"<h2>SUVREMENE I VISOKE KVALITETE<\/h2>\n<p>Alphacanov raspon profila za izradu grilja prilago\u0111ava se svim vrstama nove arhitekture ali i obnove.<\/p>\n<p>\u0160irok raspon zavr\u0161ne obrade, baznih profila, foliranih ili koekstrudiranih PMMA Poli(metil-metakrilat), mo\u017ee se integrirati u bilo koji dekor.<\/p>\n<p>Ekonomi\u010dan u debljini 1 mm ili visoko kvalitetan u debljini od 2 mm, raspon \u0161kura i grilja zadovoljava zahtjeve trajnosti boja tijekom vremena i u razli\u010ditim toplinskim uvjetima.<\/p>\n<p>Efekat hrapave ili izbrazdane povr\u0161ine, Va\u0161 klijent \u0107e zasigurno prona\u0107i izgled koji mu odgovara.<\/p>\n<p>&nbsp;<\/p>\n<p>&nbsp;<\/p>\n","protected":false},"excerpt":{"rendered":"<p>SUVREMENE I VISOKE KVALITETE Alphacanov raspon profila za izradu grilja prilago\u0111ava se svim vrstama nove arhitekture ali i obnove. \u0160irok raspon zavr\u0161ne obrade, baznih profila, foliranih ili koekstrudiranih PMMA Poli(metil-metakrilat), mo\u017ee se integrirati u bilo koji dekor. Ekonomi\u010dan u debljini 1 mm ili visoko kvalitetan u debljini od 2 mm, raspon \u0161kura i grilja zadovoljava [&hellip;]<\/p>\n","protected":false},"author":559,"featured_media":0,"parent":4271,"menu_order":2,"comment_status":"open","ping_status":"closed","template":"","meta":{"_acf_changed":false,"footnotes":""},"class_list":["post-4274","page","type-page","status-publish","hentry"],"acf":[],"yoast_head":"<!-- This site is optimized with the Yoast SEO plugin v27.0 - https:\/\/yoast.com\/product\/yoast-seo-wordpress\/ -->\n<title>GRILJE &#8211; Alphacan<\/title>\n<meta name=\"description\" content=\"SUVREMENE I VISOKE KVALITETE Alphacanov raspon profila za izradu grilja prilago\u0111ava se svim vrstama nove arhitekture ali i obnove. \u0160irok raspon zavr\u0161ne\" \/>\n<meta name=\"robots\" content=\"index, follow, max-snippet:-1, max-image-preview:large, max-video-preview:-1\" \/>\n<link rel=\"canonical\" href=\"https:\/\/www.alphacan.com\/hr\/stolarija-francuska\/grilje-i-rolete\/grilje\/\" \/>\n<meta property=\"og:locale\" content=\"hr_HR\" \/>\n<meta property=\"og:type\" content=\"article\" \/>\n<meta property=\"og:title\" content=\"GRILJE &#8211; Alphacan\" \/>\n<meta property=\"og:description\" content=\"SUVREMENE I VISOKE KVALITETE Alphacanov raspon profila za izradu grilja prilago\u0111ava se svim vrstama nove arhitekture ali i obnove. \u0160irok raspon zavr\u0161ne\" \/>\n<meta property=\"og:url\" content=\"https:\/\/www.alphacan.com\/hr\/stolarija-francuska\/grilje-i-rolete\/grilje\/\" \/>\n<meta property=\"og:site_name\" content=\"Alphacan\" \/>\n<meta property=\"article:modified_time\" content=\"2019-04-12T09:08:55+00:00\" \/>\n<meta name=\"twitter:card\" content=\"summary_large_image\" \/>\n<script type=\"application\/ld+json\" class=\"yoast-schema-graph\">{\"@context\":\"https:\/\/schema.org\",\"@graph\":[{\"@type\":\"WebPage\",\"@id\":\"https:\/\/www.alphacan.com\/hr\/stolarija-francuska\/grilje-i-rolete\/grilje\/\",\"url\":\"https:\/\/www.alphacan.com\/hr\/stolarija-francuska\/grilje-i-rolete\/grilje\/\",\"name\":\"GRILJE &#8211; Alphacan\",\"isPartOf\":{\"@id\":\"https:\/\/www.alphacan.com\/es\/#website\"},\"datePublished\":\"2019-01-10T11:59:44+00:00\",\"dateModified\":\"2019-04-12T09:08:55+00:00\",\"description\":\"SUVREMENE I VISOKE KVALITETE Alphacanov raspon profila za izradu grilja prilago\u0111ava se svim vrstama nove arhitekture ali i obnove. \u0160irok raspon zavr\u0161ne\",\"breadcrumb\":{\"@id\":\"https:\/\/www.alphacan.com\/hr\/stolarija-francuska\/grilje-i-rolete\/grilje\/#breadcrumb\"},\"inLanguage\":\"hr\",\"potentialAction\":[{\"@type\":\"ReadAction\",\"target\":[\"https:\/\/www.alphacan.com\/hr\/stolarija-francuska\/grilje-i-rolete\/grilje\/\"]}]},{\"@type\":\"BreadcrumbList\",\"@id\":\"https:\/\/www.alphacan.com\/hr\/stolarija-francuska\/grilje-i-rolete\/grilje\/#breadcrumb\",\"itemListElement\":[{\"@type\":\"ListItem\",\"position\":1,\"name\":\"Accueil\",\"item\":\"https:\/\/www.alphacan.com\/hr\/\"},{\"@type\":\"ListItem\",\"position\":2,\"name\":\"STOLARIJA FRANCUSKA\",\"item\":\"https:\/\/www.alphacan.com\/hr\/stolarija-francuska\/\"},{\"@type\":\"ListItem\",\"position\":3,\"name\":\"GRILJE I ROLETE\",\"item\":\"https:\/\/www.alphacan.com\/hr\/stolarija-francuska\/grilje-i-rolete\/\"},{\"@type\":\"ListItem\",\"position\":4,\"name\":\"GRILJE\"}]},{\"@type\":\"WebSite\",\"@id\":\"https:\/\/www.alphacan.com\/es\/#website\",\"url\":\"https:\/\/www.alphacan.com\/es\/\",\"name\":\"Alphacan\",\"description\":\"Concepteur Menuiseries\",\"potentialAction\":[{\"@type\":\"SearchAction\",\"target\":{\"@type\":\"EntryPoint\",\"urlTemplate\":\"https:\/\/www.alphacan.com\/es\/?s={search_term_string}\"},\"query-input\":{\"@type\":\"PropertyValueSpecification\",\"valueRequired\":true,\"valueName\":\"search_term_string\"}}],\"inLanguage\":\"hr\"}]}<\/script>\n<!-- \/ Yoast SEO plugin. -->","yoast_head_json":{"title":"GRILJE &#8211; Alphacan","description":"SUVREMENE I VISOKE KVALITETE Alphacanov raspon profila za izradu grilja prilago\u0111ava se svim vrstama nove arhitekture ali i obnove. \u0160irok raspon zavr\u0161ne","robots":{"index":"index","follow":"follow","max-snippet":"max-snippet:-1","max-image-preview":"max-image-preview:large","max-video-preview":"max-video-preview:-1"},"canonical":"https:\/\/www.alphacan.com\/hr\/stolarija-francuska\/grilje-i-rolete\/grilje\/","og_locale":"hr_HR","og_type":"article","og_title":"GRILJE &#8211; Alphacan","og_description":"SUVREMENE I VISOKE KVALITETE Alphacanov raspon profila za izradu grilja prilago\u0111ava se svim vrstama nove arhitekture ali i obnove. \u0160irok raspon zavr\u0161ne","og_url":"https:\/\/www.alphacan.com\/hr\/stolarija-francuska\/grilje-i-rolete\/grilje\/","og_site_name":"Alphacan","article_modified_time":"2019-04-12T09:08:55+00:00","twitter_card":"summary_large_image","schema":{"@context":"https:\/\/schema.org","@graph":[{"@type":"WebPage","@id":"https:\/\/www.alphacan.com\/hr\/stolarija-francuska\/grilje-i-rolete\/grilje\/","url":"https:\/\/www.alphacan.com\/hr\/stolarija-francuska\/grilje-i-rolete\/grilje\/","name":"GRILJE &#8211; Alphacan","isPartOf":{"@id":"https:\/\/www.alphacan.com\/es\/#website"},"datePublished":"2019-01-10T11:59:44+00:00","dateModified":"2019-04-12T09:08:55+00:00","description":"SUVREMENE I VISOKE KVALITETE Alphacanov raspon profila za izradu grilja prilago\u0111ava se svim vrstama nove arhitekture ali i obnove. \u0160irok raspon zavr\u0161ne","breadcrumb":{"@id":"https:\/\/www.alphacan.com\/hr\/stolarija-francuska\/grilje-i-rolete\/grilje\/#breadcrumb"},"inLanguage":"hr","potentialAction":[{"@type":"ReadAction","target":["https:\/\/www.alphacan.com\/hr\/stolarija-francuska\/grilje-i-rolete\/grilje\/"]}]},{"@type":"BreadcrumbList","@id":"https:\/\/www.alphacan.com\/hr\/stolarija-francuska\/grilje-i-rolete\/grilje\/#breadcrumb","itemListElement":[{"@type":"ListItem","position":1,"name":"Accueil","item":"https:\/\/www.alphacan.com\/hr\/"},{"@type":"ListItem","position":2,"name":"STOLARIJA FRANCUSKA","item":"https:\/\/www.alphacan.com\/hr\/stolarija-francuska\/"},{"@type":"ListItem","position":3,"name":"GRILJE I ROLETE","item":"https:\/\/www.alphacan.com\/hr\/stolarija-francuska\/grilje-i-rolete\/"},{"@type":"ListItem","position":4,"name":"GRILJE"}]},{"@type":"WebSite","@id":"https:\/\/www.alphacan.com\/es\/#website","url":"https:\/\/www.alphacan.com\/es\/","name":"Alphacan","description":"Concepteur Menuiseries","potentialAction":[{"@type":"SearchAction","target":{"@type":"EntryPoint","urlTemplate":"https:\/\/www.alphacan.com\/es\/?s={search_term_string}"},"query-input":{"@type":"PropertyValueSpecification","valueRequired":true,"valueName":"search_term_string"}}],"inLanguage":"hr"}]}},"_links":{"self":[{"href":"https:\/\/www.alphacan.com\/hr\/wp-json\/wp\/v2\/pages\/4274","targetHints":{"allow":["GET"]}}],"collection":[{"href":"https:\/\/www.alphacan.com\/hr\/wp-json\/wp\/v2\/pages"}],"about":[{"href":"https:\/\/www.alphacan.com\/hr\/wp-json\/wp\/v2\/types\/page"}],"author":[{"embeddable":true,"href":"https:\/\/www.alphacan.com\/hr\/wp-json\/wp\/v2\/users\/559"}],"replies":[{"embeddable":true,"href":"https:\/\/www.alphacan.com\/hr\/wp-json\/wp\/v2\/comments?post=4274"}],"version-history":[{"count":5,"href":"https:\/\/www.alphacan.com\/hr\/wp-json\/wp\/v2\/pages\/4274\/revisions"}],"predecessor-version":[{"id":6183,"href":"https:\/\/www.alphacan.com\/hr\/wp-json\/wp\/v2\/pages\/4274\/revisions\/6183"}],"up":[{"embeddable":true,"href":"https:\/\/www.alphacan.com\/hr\/wp-json\/wp\/v2\/pages\/4271"}],"wp:attachment":[{"href":"https:\/\/www.alphacan.com\/hr\/wp-json\/wp\/v2\/media?parent=4274"}],"curies":[{"name":"wp","href":"https:\/\/api.w.org\/{rel}","templated":true}]}}