{"id":4281,"date":"2019-01-09T12:52:18","date_gmt":"2019-01-09T11:52:18","guid":{"rendered":"https:\/\/www.alphacan.com\/?page_id=4281"},"modified":"2019-04-12T11:40:34","modified_gmt":"2019-04-12T09:40:34","slug":"skin-decor","status":"publish","type":"page","link":"https:\/\/www.alphacan.com\/hr\/stolarija-francuska\/zavrsna-obrada\/skin-decor\/","title":{"rendered":"Skin Decor"},"content":{"rendered":"<h2 dir=\"LTR\" style=\"text-align: justify;\" align=\"LEFT\">VANJSKE OBRADE<\/h2>\n<p style=\"text-align: justify;\">SKIN DECOR obrada od PMMA Poli(metil-metakrilat) ili &#8220;akrilnog stakla&#8221;. Prozirni polimer s izuzetnim karakteristikama, koristi se za razli\u010dite primjene kao \u0161to su prednja svjetla automobila, osvijetljeni znakovi, ostakljenje jahta i pilotske kabine zrakoplova.<\/p>\n<p style=\"text-align: justify;\">Zrnati izgled ove vrste obrade osigurava patentirana izvedba: dodaju se kuglaste mikro\u010destice kako bi se pove\u0107ala otpornost na grebanje i tro\u0161enje stolarije.<\/p>\n<p style=\"text-align: justify;\">Kombinirajte dokazane toplinske performanse PVC stolarije s kreativno\u0161\u0107u SKIN DECOR obrade za skladne fasade.<\/p>\n","protected":false},"excerpt":{"rendered":"<p>VANJSKE OBRADE SKIN DECOR obrada od PMMA Poli(metil-metakrilat) ili &#8220;akrilnog stakla&#8221;. Prozirni polimer s izuzetnim karakteristikama, koristi se za razli\u010dite primjene kao \u0161to su prednja svjetla automobila, osvijetljeni znakovi, ostakljenje jahta i pilotske kabine zrakoplova. Zrnati izgled ove vrste obrade osigurava patentirana izvedba: dodaju se kuglaste mikro\u010destice kako bi se pove\u0107ala otpornost na grebanje i [&hellip;]<\/p>\n","protected":false},"author":559,"featured_media":0,"parent":4273,"menu_order":3,"comment_status":"open","ping_status":"open","template":"","meta":{"_acf_changed":false,"footnotes":""},"class_list":["post-4281","page","type-page","status-publish","hentry"],"acf":[],"yoast_head":"<!-- This site is optimized with the Yoast SEO plugin v27.0 - https:\/\/yoast.com\/product\/yoast-seo-wordpress\/ -->\n<title>Skin Decor &#8211; Alphacan<\/title>\n<meta name=\"description\" content=\"VANJSKE OBRADE SKIN DECOR obrada od PMMA Poli(metil-metakrilat) ili &quot;akrilnog stakla&quot;. Prozirni polimer s izuzetnim karakteristikama, koristi se za\" \/>\n<meta name=\"robots\" content=\"index, follow, max-snippet:-1, max-image-preview:large, max-video-preview:-1\" \/>\n<link rel=\"canonical\" href=\"https:\/\/www.alphacan.com\/hr\/stolarija-francuska\/zavrsna-obrada\/skin-decor\/\" \/>\n<meta property=\"og:locale\" content=\"hr_HR\" \/>\n<meta property=\"og:type\" content=\"article\" \/>\n<meta property=\"og:title\" content=\"Skin Decor &#8211; Alphacan\" \/>\n<meta property=\"og:description\" content=\"VANJSKE OBRADE SKIN DECOR obrada od PMMA Poli(metil-metakrilat) ili &quot;akrilnog stakla&quot;. Prozirni polimer s izuzetnim karakteristikama, koristi se za\" \/>\n<meta property=\"og:url\" content=\"https:\/\/www.alphacan.com\/hr\/stolarija-francuska\/zavrsna-obrada\/skin-decor\/\" \/>\n<meta property=\"og:site_name\" content=\"Alphacan\" \/>\n<meta property=\"article:modified_time\" content=\"2019-04-12T09:40:34+00:00\" \/>\n<meta name=\"twitter:card\" content=\"summary_large_image\" \/>\n<script type=\"application\/ld+json\" class=\"yoast-schema-graph\">{\"@context\":\"https:\/\/schema.org\",\"@graph\":[{\"@type\":\"WebPage\",\"@id\":\"https:\/\/www.alphacan.com\/hr\/stolarija-francuska\/zavrsna-obrada\/skin-decor\/\",\"url\":\"https:\/\/www.alphacan.com\/hr\/stolarija-francuska\/zavrsna-obrada\/skin-decor\/\",\"name\":\"Skin Decor &#8211; Alphacan\",\"isPartOf\":{\"@id\":\"https:\/\/www.alphacan.com\/es\/#website\"},\"datePublished\":\"2019-01-09T11:52:18+00:00\",\"dateModified\":\"2019-04-12T09:40:34+00:00\",\"description\":\"VANJSKE OBRADE SKIN DECOR obrada od PMMA Poli(metil-metakrilat) ili \\\"akrilnog stakla\\\". Prozirni polimer s izuzetnim karakteristikama, koristi se za\",\"breadcrumb\":{\"@id\":\"https:\/\/www.alphacan.com\/hr\/stolarija-francuska\/zavrsna-obrada\/skin-decor\/#breadcrumb\"},\"inLanguage\":\"hr\",\"potentialAction\":[{\"@type\":\"ReadAction\",\"target\":[\"https:\/\/www.alphacan.com\/hr\/stolarija-francuska\/zavrsna-obrada\/skin-decor\/\"]}]},{\"@type\":\"BreadcrumbList\",\"@id\":\"https:\/\/www.alphacan.com\/hr\/stolarija-francuska\/zavrsna-obrada\/skin-decor\/#breadcrumb\",\"itemListElement\":[{\"@type\":\"ListItem\",\"position\":1,\"name\":\"Accueil\",\"item\":\"https:\/\/www.alphacan.com\/hr\/\"},{\"@type\":\"ListItem\",\"position\":2,\"name\":\"STOLARIJA FRANCUSKA\",\"item\":\"https:\/\/www.alphacan.com\/hr\/stolarija-francuska\/\"},{\"@type\":\"ListItem\",\"position\":3,\"name\":\"ZAVR\u0160NA OBRADA\",\"item\":\"https:\/\/www.alphacan.com\/hr\/stolarija-francuska\/zavrsna-obrada\/\"},{\"@type\":\"ListItem\",\"position\":4,\"name\":\"Skin Decor\"}]},{\"@type\":\"WebSite\",\"@id\":\"https:\/\/www.alphacan.com\/es\/#website\",\"url\":\"https:\/\/www.alphacan.com\/es\/\",\"name\":\"Alphacan\",\"description\":\"Concepteur Menuiseries\",\"potentialAction\":[{\"@type\":\"SearchAction\",\"target\":{\"@type\":\"EntryPoint\",\"urlTemplate\":\"https:\/\/www.alphacan.com\/es\/?s={search_term_string}\"},\"query-input\":{\"@type\":\"PropertyValueSpecification\",\"valueRequired\":true,\"valueName\":\"search_term_string\"}}],\"inLanguage\":\"hr\"}]}<\/script>\n<!-- \/ Yoast SEO plugin. -->","yoast_head_json":{"title":"Skin Decor &#8211; Alphacan","description":"VANJSKE OBRADE SKIN DECOR obrada od PMMA Poli(metil-metakrilat) ili \"akrilnog stakla\". Prozirni polimer s izuzetnim karakteristikama, koristi se za","robots":{"index":"index","follow":"follow","max-snippet":"max-snippet:-1","max-image-preview":"max-image-preview:large","max-video-preview":"max-video-preview:-1"},"canonical":"https:\/\/www.alphacan.com\/hr\/stolarija-francuska\/zavrsna-obrada\/skin-decor\/","og_locale":"hr_HR","og_type":"article","og_title":"Skin Decor &#8211; Alphacan","og_description":"VANJSKE OBRADE SKIN DECOR obrada od PMMA Poli(metil-metakrilat) ili \"akrilnog stakla\". Prozirni polimer s izuzetnim karakteristikama, koristi se za","og_url":"https:\/\/www.alphacan.com\/hr\/stolarija-francuska\/zavrsna-obrada\/skin-decor\/","og_site_name":"Alphacan","article_modified_time":"2019-04-12T09:40:34+00:00","twitter_card":"summary_large_image","schema":{"@context":"https:\/\/schema.org","@graph":[{"@type":"WebPage","@id":"https:\/\/www.alphacan.com\/hr\/stolarija-francuska\/zavrsna-obrada\/skin-decor\/","url":"https:\/\/www.alphacan.com\/hr\/stolarija-francuska\/zavrsna-obrada\/skin-decor\/","name":"Skin Decor &#8211; Alphacan","isPartOf":{"@id":"https:\/\/www.alphacan.com\/es\/#website"},"datePublished":"2019-01-09T11:52:18+00:00","dateModified":"2019-04-12T09:40:34+00:00","description":"VANJSKE OBRADE SKIN DECOR obrada od PMMA Poli(metil-metakrilat) ili \"akrilnog stakla\". Prozirni polimer s izuzetnim karakteristikama, koristi se za","breadcrumb":{"@id":"https:\/\/www.alphacan.com\/hr\/stolarija-francuska\/zavrsna-obrada\/skin-decor\/#breadcrumb"},"inLanguage":"hr","potentialAction":[{"@type":"ReadAction","target":["https:\/\/www.alphacan.com\/hr\/stolarija-francuska\/zavrsna-obrada\/skin-decor\/"]}]},{"@type":"BreadcrumbList","@id":"https:\/\/www.alphacan.com\/hr\/stolarija-francuska\/zavrsna-obrada\/skin-decor\/#breadcrumb","itemListElement":[{"@type":"ListItem","position":1,"name":"Accueil","item":"https:\/\/www.alphacan.com\/hr\/"},{"@type":"ListItem","position":2,"name":"STOLARIJA FRANCUSKA","item":"https:\/\/www.alphacan.com\/hr\/stolarija-francuska\/"},{"@type":"ListItem","position":3,"name":"ZAVR\u0160NA OBRADA","item":"https:\/\/www.alphacan.com\/hr\/stolarija-francuska\/zavrsna-obrada\/"},{"@type":"ListItem","position":4,"name":"Skin Decor"}]},{"@type":"WebSite","@id":"https:\/\/www.alphacan.com\/es\/#website","url":"https:\/\/www.alphacan.com\/es\/","name":"Alphacan","description":"Concepteur Menuiseries","potentialAction":[{"@type":"SearchAction","target":{"@type":"EntryPoint","urlTemplate":"https:\/\/www.alphacan.com\/es\/?s={search_term_string}"},"query-input":{"@type":"PropertyValueSpecification","valueRequired":true,"valueName":"search_term_string"}}],"inLanguage":"hr"}]}},"_links":{"self":[{"href":"https:\/\/www.alphacan.com\/hr\/wp-json\/wp\/v2\/pages\/4281","targetHints":{"allow":["GET"]}}],"collection":[{"href":"https:\/\/www.alphacan.com\/hr\/wp-json\/wp\/v2\/pages"}],"about":[{"href":"https:\/\/www.alphacan.com\/hr\/wp-json\/wp\/v2\/types\/page"}],"author":[{"embeddable":true,"href":"https:\/\/www.alphacan.com\/hr\/wp-json\/wp\/v2\/users\/559"}],"replies":[{"embeddable":true,"href":"https:\/\/www.alphacan.com\/hr\/wp-json\/wp\/v2\/comments?post=4281"}],"version-history":[{"count":5,"href":"https:\/\/www.alphacan.com\/hr\/wp-json\/wp\/v2\/pages\/4281\/revisions"}],"predecessor-version":[{"id":6195,"href":"https:\/\/www.alphacan.com\/hr\/wp-json\/wp\/v2\/pages\/4281\/revisions\/6195"}],"up":[{"embeddable":true,"href":"https:\/\/www.alphacan.com\/hr\/wp-json\/wp\/v2\/pages\/4273"}],"wp:attachment":[{"href":"https:\/\/www.alphacan.com\/hr\/wp-json\/wp\/v2\/media?parent=4281"}],"curies":[{"name":"wp","href":"https:\/\/api.w.org\/{rel}","templated":true}]}}