{"id":4283,"date":"2019-01-10T13:12:02","date_gmt":"2019-01-10T12:12:02","guid":{"rendered":"https:\/\/www.alphacan.com\/?page_id=4283"},"modified":"2019-04-12T11:45:09","modified_gmt":"2019-04-12T09:45:09","slug":"poliuretanska-pjena","status":"publish","type":"page","link":"https:\/\/www.alphacan.com\/hr\/stolarija-francuska\/termicke-inovacije\/poliuretanska-pjena\/","title":{"rendered":"POLIURETANSKA PJENA"},"content":{"rendered":"<h2>TERMI\u010cKA INOVACIJA<\/h2>\n<p>Ubrizgavanjem izravno u glavnu komoru fiksnih, otvorenih i popre\u010dnih profila, ovo rje\u0161enje omogu\u0107uje bolju toplinsku u\u010dinkovitost.<\/p>\n<p>Zahvaljuju\u0107i mehani\u010dkim svojstvima i za razliku od drugih izolatora, poliuretanska pjena ne mijenja oblik tijekom vremena i time zadr\u017eava sva svojstva, \u010dak i nakon godina izlaganja.<\/p>\n","protected":false},"excerpt":{"rendered":"<p>TERMI\u010cKA INOVACIJA Ubrizgavanjem izravno u glavnu komoru fiksnih, otvorenih i popre\u010dnih profila, ovo rje\u0161enje omogu\u0107uje bolju toplinsku u\u010dinkovitost. Zahvaljuju\u0107i mehani\u010dkim svojstvima i za razliku od drugih izolatora, poliuretanska pjena ne mijenja oblik tijekom vremena i time zadr\u017eava sva svojstva, \u010dak i nakon godina izlaganja.<\/p>\n","protected":false},"author":559,"featured_media":0,"parent":4282,"menu_order":1,"comment_status":"closed","ping_status":"closed","template":"","meta":{"_acf_changed":false,"footnotes":""},"class_list":["post-4283","page","type-page","status-publish","hentry"],"acf":[],"yoast_head":"<!-- This site is optimized with the Yoast SEO plugin v27.0 - https:\/\/yoast.com\/product\/yoast-seo-wordpress\/ -->\n<title>POLIURETANSKA PJENA &#8211; Alphacan<\/title>\n<meta name=\"description\" content=\"TERMI\u010cKA INOVACIJA Ubrizgavanjem izravno u glavnu komoru fiksnih, otvorenih i popre\u010dnih profila, ovo rje\u0161enje omogu\u0107uje bolju toplinsku u\u010dinkovitost.\" \/>\n<meta name=\"robots\" content=\"index, follow, max-snippet:-1, max-image-preview:large, max-video-preview:-1\" \/>\n<link rel=\"canonical\" href=\"https:\/\/www.alphacan.com\/hr\/stolarija-francuska\/termicke-inovacije\/poliuretanska-pjena\/\" \/>\n<meta property=\"og:locale\" content=\"hr_HR\" \/>\n<meta property=\"og:type\" content=\"article\" \/>\n<meta property=\"og:title\" content=\"POLIURETANSKA PJENA &#8211; Alphacan\" \/>\n<meta property=\"og:description\" content=\"TERMI\u010cKA INOVACIJA Ubrizgavanjem izravno u glavnu komoru fiksnih, otvorenih i popre\u010dnih profila, ovo rje\u0161enje omogu\u0107uje bolju toplinsku u\u010dinkovitost.\" \/>\n<meta property=\"og:url\" content=\"https:\/\/www.alphacan.com\/hr\/stolarija-francuska\/termicke-inovacije\/poliuretanska-pjena\/\" \/>\n<meta property=\"og:site_name\" content=\"Alphacan\" \/>\n<meta property=\"article:modified_time\" content=\"2019-04-12T09:45:09+00:00\" \/>\n<meta name=\"twitter:card\" content=\"summary_large_image\" \/>\n<script type=\"application\/ld+json\" class=\"yoast-schema-graph\">{\"@context\":\"https:\/\/schema.org\",\"@graph\":[{\"@type\":\"WebPage\",\"@id\":\"https:\/\/www.alphacan.com\/hr\/stolarija-francuska\/termicke-inovacije\/poliuretanska-pjena\/\",\"url\":\"https:\/\/www.alphacan.com\/hr\/stolarija-francuska\/termicke-inovacije\/poliuretanska-pjena\/\",\"name\":\"POLIURETANSKA PJENA &#8211; Alphacan\",\"isPartOf\":{\"@id\":\"https:\/\/www.alphacan.com\/es\/#website\"},\"datePublished\":\"2019-01-10T12:12:02+00:00\",\"dateModified\":\"2019-04-12T09:45:09+00:00\",\"description\":\"TERMI\u010cKA INOVACIJA Ubrizgavanjem izravno u glavnu komoru fiksnih, otvorenih i popre\u010dnih profila, ovo rje\u0161enje omogu\u0107uje bolju toplinsku u\u010dinkovitost.\",\"breadcrumb\":{\"@id\":\"https:\/\/www.alphacan.com\/hr\/stolarija-francuska\/termicke-inovacije\/poliuretanska-pjena\/#breadcrumb\"},\"inLanguage\":\"hr\",\"potentialAction\":[{\"@type\":\"ReadAction\",\"target\":[\"https:\/\/www.alphacan.com\/hr\/stolarija-francuska\/termicke-inovacije\/poliuretanska-pjena\/\"]}]},{\"@type\":\"BreadcrumbList\",\"@id\":\"https:\/\/www.alphacan.com\/hr\/stolarija-francuska\/termicke-inovacije\/poliuretanska-pjena\/#breadcrumb\",\"itemListElement\":[{\"@type\":\"ListItem\",\"position\":1,\"name\":\"Accueil\",\"item\":\"https:\/\/www.alphacan.com\/hr\/\"},{\"@type\":\"ListItem\",\"position\":2,\"name\":\"STOLARIJA FRANCUSKA\",\"item\":\"https:\/\/www.alphacan.com\/hr\/stolarija-francuska\/\"},{\"@type\":\"ListItem\",\"position\":3,\"name\":\"TERMI\u010cKE INOVACIJE\",\"item\":\"https:\/\/www.alphacan.com\/hr\/stolarija-francuska\/termicke-inovacije\/\"},{\"@type\":\"ListItem\",\"position\":4,\"name\":\"POLIURETANSKA PJENA\"}]},{\"@type\":\"WebSite\",\"@id\":\"https:\/\/www.alphacan.com\/es\/#website\",\"url\":\"https:\/\/www.alphacan.com\/es\/\",\"name\":\"Alphacan\",\"description\":\"Concepteur Menuiseries\",\"potentialAction\":[{\"@type\":\"SearchAction\",\"target\":{\"@type\":\"EntryPoint\",\"urlTemplate\":\"https:\/\/www.alphacan.com\/es\/?s={search_term_string}\"},\"query-input\":{\"@type\":\"PropertyValueSpecification\",\"valueRequired\":true,\"valueName\":\"search_term_string\"}}],\"inLanguage\":\"hr\"}]}<\/script>\n<!-- \/ Yoast SEO plugin. -->","yoast_head_json":{"title":"POLIURETANSKA PJENA &#8211; Alphacan","description":"TERMI\u010cKA INOVACIJA Ubrizgavanjem izravno u glavnu komoru fiksnih, otvorenih i popre\u010dnih profila, ovo rje\u0161enje omogu\u0107uje bolju toplinsku u\u010dinkovitost.","robots":{"index":"index","follow":"follow","max-snippet":"max-snippet:-1","max-image-preview":"max-image-preview:large","max-video-preview":"max-video-preview:-1"},"canonical":"https:\/\/www.alphacan.com\/hr\/stolarija-francuska\/termicke-inovacije\/poliuretanska-pjena\/","og_locale":"hr_HR","og_type":"article","og_title":"POLIURETANSKA PJENA &#8211; Alphacan","og_description":"TERMI\u010cKA INOVACIJA Ubrizgavanjem izravno u glavnu komoru fiksnih, otvorenih i popre\u010dnih profila, ovo rje\u0161enje omogu\u0107uje bolju toplinsku u\u010dinkovitost.","og_url":"https:\/\/www.alphacan.com\/hr\/stolarija-francuska\/termicke-inovacije\/poliuretanska-pjena\/","og_site_name":"Alphacan","article_modified_time":"2019-04-12T09:45:09+00:00","twitter_card":"summary_large_image","schema":{"@context":"https:\/\/schema.org","@graph":[{"@type":"WebPage","@id":"https:\/\/www.alphacan.com\/hr\/stolarija-francuska\/termicke-inovacije\/poliuretanska-pjena\/","url":"https:\/\/www.alphacan.com\/hr\/stolarija-francuska\/termicke-inovacije\/poliuretanska-pjena\/","name":"POLIURETANSKA PJENA &#8211; Alphacan","isPartOf":{"@id":"https:\/\/www.alphacan.com\/es\/#website"},"datePublished":"2019-01-10T12:12:02+00:00","dateModified":"2019-04-12T09:45:09+00:00","description":"TERMI\u010cKA INOVACIJA Ubrizgavanjem izravno u glavnu komoru fiksnih, otvorenih i popre\u010dnih profila, ovo rje\u0161enje omogu\u0107uje bolju toplinsku u\u010dinkovitost.","breadcrumb":{"@id":"https:\/\/www.alphacan.com\/hr\/stolarija-francuska\/termicke-inovacije\/poliuretanska-pjena\/#breadcrumb"},"inLanguage":"hr","potentialAction":[{"@type":"ReadAction","target":["https:\/\/www.alphacan.com\/hr\/stolarija-francuska\/termicke-inovacije\/poliuretanska-pjena\/"]}]},{"@type":"BreadcrumbList","@id":"https:\/\/www.alphacan.com\/hr\/stolarija-francuska\/termicke-inovacije\/poliuretanska-pjena\/#breadcrumb","itemListElement":[{"@type":"ListItem","position":1,"name":"Accueil","item":"https:\/\/www.alphacan.com\/hr\/"},{"@type":"ListItem","position":2,"name":"STOLARIJA FRANCUSKA","item":"https:\/\/www.alphacan.com\/hr\/stolarija-francuska\/"},{"@type":"ListItem","position":3,"name":"TERMI\u010cKE INOVACIJE","item":"https:\/\/www.alphacan.com\/hr\/stolarija-francuska\/termicke-inovacije\/"},{"@type":"ListItem","position":4,"name":"POLIURETANSKA PJENA"}]},{"@type":"WebSite","@id":"https:\/\/www.alphacan.com\/es\/#website","url":"https:\/\/www.alphacan.com\/es\/","name":"Alphacan","description":"Concepteur Menuiseries","potentialAction":[{"@type":"SearchAction","target":{"@type":"EntryPoint","urlTemplate":"https:\/\/www.alphacan.com\/es\/?s={search_term_string}"},"query-input":{"@type":"PropertyValueSpecification","valueRequired":true,"valueName":"search_term_string"}}],"inLanguage":"hr"}]}},"_links":{"self":[{"href":"https:\/\/www.alphacan.com\/hr\/wp-json\/wp\/v2\/pages\/4283","targetHints":{"allow":["GET"]}}],"collection":[{"href":"https:\/\/www.alphacan.com\/hr\/wp-json\/wp\/v2\/pages"}],"about":[{"href":"https:\/\/www.alphacan.com\/hr\/wp-json\/wp\/v2\/types\/page"}],"author":[{"embeddable":true,"href":"https:\/\/www.alphacan.com\/hr\/wp-json\/wp\/v2\/users\/559"}],"replies":[{"embeddable":true,"href":"https:\/\/www.alphacan.com\/hr\/wp-json\/wp\/v2\/comments?post=4283"}],"version-history":[{"count":4,"href":"https:\/\/www.alphacan.com\/hr\/wp-json\/wp\/v2\/pages\/4283\/revisions"}],"predecessor-version":[{"id":6198,"href":"https:\/\/www.alphacan.com\/hr\/wp-json\/wp\/v2\/pages\/4283\/revisions\/6198"}],"up":[{"embeddable":true,"href":"https:\/\/www.alphacan.com\/hr\/wp-json\/wp\/v2\/pages\/4282"}],"wp:attachment":[{"href":"https:\/\/www.alphacan.com\/hr\/wp-json\/wp\/v2\/media?parent=4283"}],"curies":[{"name":"wp","href":"https:\/\/api.w.org\/{rel}","templated":true}]}}