{"id":4284,"date":"2019-01-10T13:16:49","date_gmt":"2019-01-10T12:16:49","guid":{"rendered":"https:\/\/www.alphacan.com\/?page_id=4284"},"modified":"2019-04-12T11:46:04","modified_gmt":"2019-04-12T09:46:04","slug":"termicki-stit","status":"publish","type":"page","link":"https:\/\/www.alphacan.com\/hr\/stolarija-francuska\/termicke-inovacije\/termicki-stit\/","title":{"rendered":"TERMI\u010cKI \u0160TIT"},"content":{"rendered":"<h2>TERMI\u010cKA INOVACIJA<\/h2>\n<p style=\"text-align: justify;\">Toplinska za\u0161tita je tehnika koekstruzije fleksibilne PVC brtve integrirane na profil okvira stolarije. Pobolj\u0161ava toplinsku izvedbu stolarije bez ikakvih smetnji pri pokretima otvaranja i zatvaranja.<\/p>\n<p style=\"text-align: justify;\">Toplinska za\u0161tita rje\u0161ava pitanja u\u0161tede energije i pove\u0107anu udobnost u domu. Mo\u017ee se upotrijebiti samostalno ili uz opciju PU pjene, koja se predla\u017ee u profilima u na\u0161em asortimanu za optimalan Uw Va\u0161e stolarije.<\/p>\n","protected":false},"excerpt":{"rendered":"<p>TERMI\u010cKA INOVACIJA Toplinska za\u0161tita je tehnika koekstruzije fleksibilne PVC brtve integrirane na profil okvira stolarije. Pobolj\u0161ava toplinsku izvedbu stolarije bez ikakvih smetnji pri pokretima otvaranja i zatvaranja. Toplinska za\u0161tita rje\u0161ava pitanja u\u0161tede energije i pove\u0107anu udobnost u domu. Mo\u017ee se upotrijebiti samostalno ili uz opciju PU pjene, koja se predla\u017ee u profilima u na\u0161em asortimanu [&hellip;]<\/p>\n","protected":false},"author":559,"featured_media":0,"parent":4282,"menu_order":3,"comment_status":"open","ping_status":"closed","template":"","meta":{"_acf_changed":false,"footnotes":""},"class_list":["post-4284","page","type-page","status-publish","hentry"],"acf":[],"yoast_head":"<!-- This site is optimized with the Yoast SEO plugin v27.0 - https:\/\/yoast.com\/product\/yoast-seo-wordpress\/ -->\n<title>TERMI\u010cKI \u0160TIT &#8211; Alphacan<\/title>\n<meta name=\"description\" content=\"TERMI\u010cKA INOVACIJA Toplinska za\u0161tita je tehnika koekstruzije fleksibilne PVC brtve integrirane na profil okvira stolarije. Pobolj\u0161ava toplinsku izvedbu\" \/>\n<meta name=\"robots\" content=\"index, follow, max-snippet:-1, max-image-preview:large, max-video-preview:-1\" \/>\n<link rel=\"canonical\" href=\"https:\/\/www.alphacan.com\/hr\/stolarija-francuska\/termicke-inovacije\/termicki-stit\/\" \/>\n<meta property=\"og:locale\" content=\"hr_HR\" \/>\n<meta property=\"og:type\" content=\"article\" \/>\n<meta property=\"og:title\" content=\"TERMI\u010cKI \u0160TIT &#8211; Alphacan\" \/>\n<meta property=\"og:description\" content=\"TERMI\u010cKA INOVACIJA Toplinska za\u0161tita je tehnika koekstruzije fleksibilne PVC brtve integrirane na profil okvira stolarije. Pobolj\u0161ava toplinsku izvedbu\" \/>\n<meta property=\"og:url\" content=\"https:\/\/www.alphacan.com\/hr\/stolarija-francuska\/termicke-inovacije\/termicki-stit\/\" \/>\n<meta property=\"og:site_name\" content=\"Alphacan\" \/>\n<meta property=\"article:modified_time\" content=\"2019-04-12T09:46:04+00:00\" \/>\n<meta name=\"twitter:card\" content=\"summary_large_image\" \/>\n<script type=\"application\/ld+json\" class=\"yoast-schema-graph\">{\"@context\":\"https:\/\/schema.org\",\"@graph\":[{\"@type\":\"WebPage\",\"@id\":\"https:\/\/www.alphacan.com\/hr\/stolarija-francuska\/termicke-inovacije\/termicki-stit\/\",\"url\":\"https:\/\/www.alphacan.com\/hr\/stolarija-francuska\/termicke-inovacije\/termicki-stit\/\",\"name\":\"TERMI\u010cKI \u0160TIT &#8211; Alphacan\",\"isPartOf\":{\"@id\":\"https:\/\/www.alphacan.com\/es\/#website\"},\"datePublished\":\"2019-01-10T12:16:49+00:00\",\"dateModified\":\"2019-04-12T09:46:04+00:00\",\"description\":\"TERMI\u010cKA INOVACIJA Toplinska za\u0161tita je tehnika koekstruzije fleksibilne PVC brtve integrirane na profil okvira stolarije. Pobolj\u0161ava toplinsku izvedbu\",\"breadcrumb\":{\"@id\":\"https:\/\/www.alphacan.com\/hr\/stolarija-francuska\/termicke-inovacije\/termicki-stit\/#breadcrumb\"},\"inLanguage\":\"hr\",\"potentialAction\":[{\"@type\":\"ReadAction\",\"target\":[\"https:\/\/www.alphacan.com\/hr\/stolarija-francuska\/termicke-inovacije\/termicki-stit\/\"]}]},{\"@type\":\"BreadcrumbList\",\"@id\":\"https:\/\/www.alphacan.com\/hr\/stolarija-francuska\/termicke-inovacije\/termicki-stit\/#breadcrumb\",\"itemListElement\":[{\"@type\":\"ListItem\",\"position\":1,\"name\":\"Accueil\",\"item\":\"https:\/\/www.alphacan.com\/hr\/\"},{\"@type\":\"ListItem\",\"position\":2,\"name\":\"STOLARIJA FRANCUSKA\",\"item\":\"https:\/\/www.alphacan.com\/hr\/stolarija-francuska\/\"},{\"@type\":\"ListItem\",\"position\":3,\"name\":\"TERMI\u010cKE INOVACIJE\",\"item\":\"https:\/\/www.alphacan.com\/hr\/stolarija-francuska\/termicke-inovacije\/\"},{\"@type\":\"ListItem\",\"position\":4,\"name\":\"TERMI\u010cKI \u0160TIT\"}]},{\"@type\":\"WebSite\",\"@id\":\"https:\/\/www.alphacan.com\/es\/#website\",\"url\":\"https:\/\/www.alphacan.com\/es\/\",\"name\":\"Alphacan\",\"description\":\"Concepteur Menuiseries\",\"potentialAction\":[{\"@type\":\"SearchAction\",\"target\":{\"@type\":\"EntryPoint\",\"urlTemplate\":\"https:\/\/www.alphacan.com\/es\/?s={search_term_string}\"},\"query-input\":{\"@type\":\"PropertyValueSpecification\",\"valueRequired\":true,\"valueName\":\"search_term_string\"}}],\"inLanguage\":\"hr\"}]}<\/script>\n<!-- \/ Yoast SEO plugin. -->","yoast_head_json":{"title":"TERMI\u010cKI \u0160TIT &#8211; Alphacan","description":"TERMI\u010cKA INOVACIJA Toplinska za\u0161tita je tehnika koekstruzije fleksibilne PVC brtve integrirane na profil okvira stolarije. Pobolj\u0161ava toplinsku izvedbu","robots":{"index":"index","follow":"follow","max-snippet":"max-snippet:-1","max-image-preview":"max-image-preview:large","max-video-preview":"max-video-preview:-1"},"canonical":"https:\/\/www.alphacan.com\/hr\/stolarija-francuska\/termicke-inovacije\/termicki-stit\/","og_locale":"hr_HR","og_type":"article","og_title":"TERMI\u010cKI \u0160TIT &#8211; Alphacan","og_description":"TERMI\u010cKA INOVACIJA Toplinska za\u0161tita je tehnika koekstruzije fleksibilne PVC brtve integrirane na profil okvira stolarije. Pobolj\u0161ava toplinsku izvedbu","og_url":"https:\/\/www.alphacan.com\/hr\/stolarija-francuska\/termicke-inovacije\/termicki-stit\/","og_site_name":"Alphacan","article_modified_time":"2019-04-12T09:46:04+00:00","twitter_card":"summary_large_image","schema":{"@context":"https:\/\/schema.org","@graph":[{"@type":"WebPage","@id":"https:\/\/www.alphacan.com\/hr\/stolarija-francuska\/termicke-inovacije\/termicki-stit\/","url":"https:\/\/www.alphacan.com\/hr\/stolarija-francuska\/termicke-inovacije\/termicki-stit\/","name":"TERMI\u010cKI \u0160TIT &#8211; Alphacan","isPartOf":{"@id":"https:\/\/www.alphacan.com\/es\/#website"},"datePublished":"2019-01-10T12:16:49+00:00","dateModified":"2019-04-12T09:46:04+00:00","description":"TERMI\u010cKA INOVACIJA Toplinska za\u0161tita je tehnika koekstruzije fleksibilne PVC brtve integrirane na profil okvira stolarije. Pobolj\u0161ava toplinsku izvedbu","breadcrumb":{"@id":"https:\/\/www.alphacan.com\/hr\/stolarija-francuska\/termicke-inovacije\/termicki-stit\/#breadcrumb"},"inLanguage":"hr","potentialAction":[{"@type":"ReadAction","target":["https:\/\/www.alphacan.com\/hr\/stolarija-francuska\/termicke-inovacije\/termicki-stit\/"]}]},{"@type":"BreadcrumbList","@id":"https:\/\/www.alphacan.com\/hr\/stolarija-francuska\/termicke-inovacije\/termicki-stit\/#breadcrumb","itemListElement":[{"@type":"ListItem","position":1,"name":"Accueil","item":"https:\/\/www.alphacan.com\/hr\/"},{"@type":"ListItem","position":2,"name":"STOLARIJA FRANCUSKA","item":"https:\/\/www.alphacan.com\/hr\/stolarija-francuska\/"},{"@type":"ListItem","position":3,"name":"TERMI\u010cKE INOVACIJE","item":"https:\/\/www.alphacan.com\/hr\/stolarija-francuska\/termicke-inovacije\/"},{"@type":"ListItem","position":4,"name":"TERMI\u010cKI \u0160TIT"}]},{"@type":"WebSite","@id":"https:\/\/www.alphacan.com\/es\/#website","url":"https:\/\/www.alphacan.com\/es\/","name":"Alphacan","description":"Concepteur Menuiseries","potentialAction":[{"@type":"SearchAction","target":{"@type":"EntryPoint","urlTemplate":"https:\/\/www.alphacan.com\/es\/?s={search_term_string}"},"query-input":{"@type":"PropertyValueSpecification","valueRequired":true,"valueName":"search_term_string"}}],"inLanguage":"hr"}]}},"_links":{"self":[{"href":"https:\/\/www.alphacan.com\/hr\/wp-json\/wp\/v2\/pages\/4284","targetHints":{"allow":["GET"]}}],"collection":[{"href":"https:\/\/www.alphacan.com\/hr\/wp-json\/wp\/v2\/pages"}],"about":[{"href":"https:\/\/www.alphacan.com\/hr\/wp-json\/wp\/v2\/types\/page"}],"author":[{"embeddable":true,"href":"https:\/\/www.alphacan.com\/hr\/wp-json\/wp\/v2\/users\/559"}],"replies":[{"embeddable":true,"href":"https:\/\/www.alphacan.com\/hr\/wp-json\/wp\/v2\/comments?post=4284"}],"version-history":[{"count":4,"href":"https:\/\/www.alphacan.com\/hr\/wp-json\/wp\/v2\/pages\/4284\/revisions"}],"predecessor-version":[{"id":6199,"href":"https:\/\/www.alphacan.com\/hr\/wp-json\/wp\/v2\/pages\/4284\/revisions\/6199"}],"up":[{"embeddable":true,"href":"https:\/\/www.alphacan.com\/hr\/wp-json\/wp\/v2\/pages\/4282"}],"wp:attachment":[{"href":"https:\/\/www.alphacan.com\/hr\/wp-json\/wp\/v2\/media?parent=4284"}],"curies":[{"name":"wp","href":"https:\/\/api.w.org\/{rel}","templated":true}]}}