{"id":4285,"date":"2019-01-11T11:54:30","date_gmt":"2019-01-11T10:54:30","guid":{"rendered":"https:\/\/www.alphacan.com\/?page_id=4285"},"modified":"2022-09-21T11:45:50","modified_gmt":"2022-09-21T09:45:50","slug":"specificni-profili","status":"publish","type":"page","link":"https:\/\/www.alphacan.com\/hr\/specificni-profili\/","title":{"rendered":"SPECIFI\u010cNI PROFILI"},"content":{"rendered":"<h2>IZRADA PO MJERI<\/h2>\n<p>Alphacan je specijaliziran za projektiranje i ekstrudiranje industrijskih profila. Njegovo iskustvo koekstruzijskih tehnika razli\u010ditih materijala otvara perspektive neusporedivih i ponekad neizvjesnih inovacija.<\/p>\n<p>In-house dizajneri rade s dobavlja\u010dima i vanjskim laboratorijima kako bi razvili nove materijale i zadovoljili najspecifi\u010dnije potrebe.<\/p>\n<p>Alphacan zadovoljava standarde ISO 9001-2015, a u proizvodnji ga prati Nacionalni ispitni laboratorij (LNE) i CSTB<\/p>\n<p>Povjerite nam Va\u0161 projekt <a href=\"mailto:industrie@alphaprogroupe.com\">kontaktiranjem na\u0161ih timova<\/a><\/p>\n","protected":false},"excerpt":{"rendered":"<p>IZRADA PO MJERI Alphacan je specijaliziran za projektiranje i ekstrudiranje industrijskih profila. Njegovo iskustvo koekstruzijskih tehnika razli\u010ditih materijala otvara perspektive neusporedivih i ponekad neizvjesnih inovacija. In-house dizajneri rade s dobavlja\u010dima i vanjskim laboratorijima kako bi razvili nove materijale i zadovoljili najspecifi\u010dnije potrebe. Alphacan zadovoljava standarde ISO 9001-2015, a u proizvodnji ga prati Nacionalni ispitni laboratorij [&hellip;]<\/p>\n","protected":false},"author":559,"featured_media":0,"parent":0,"menu_order":0,"comment_status":"closed","ping_status":"closed","template":"","meta":{"_acf_changed":false,"footnotes":""},"class_list":["post-4285","page","type-page","status-publish","hentry"],"acf":[],"yoast_head":"<!-- This site is optimized with the Yoast SEO plugin v27.0 - https:\/\/yoast.com\/product\/yoast-seo-wordpress\/ -->\n<title>SPECIFI\u010cNI PROFILI &#8211; Alphacan<\/title>\n<meta name=\"description\" content=\"IZRADA PO MJERI Alphacan je specijaliziran za projektiranje i ekstrudiranje industrijskih profila. Njegovo iskustvo koekstruzijskih tehnika razli\u010ditih\" \/>\n<meta name=\"robots\" content=\"index, follow, max-snippet:-1, max-image-preview:large, max-video-preview:-1\" \/>\n<link rel=\"canonical\" href=\"https:\/\/www.alphacan.com\/hr\/specificni-profili\/\" \/>\n<meta property=\"og:locale\" content=\"hr_HR\" \/>\n<meta property=\"og:type\" content=\"article\" \/>\n<meta property=\"og:title\" content=\"SPECIFI\u010cNI PROFILI &#8211; Alphacan\" \/>\n<meta property=\"og:description\" content=\"IZRADA PO MJERI Alphacan je specijaliziran za projektiranje i ekstrudiranje industrijskih profila. Njegovo iskustvo koekstruzijskih tehnika razli\u010ditih\" \/>\n<meta property=\"og:url\" content=\"https:\/\/www.alphacan.com\/hr\/specificni-profili\/\" \/>\n<meta property=\"og:site_name\" content=\"Alphacan\" \/>\n<meta property=\"article:modified_time\" content=\"2022-09-21T09:45:50+00:00\" \/>\n<meta name=\"twitter:card\" content=\"summary_large_image\" \/>\n<script type=\"application\/ld+json\" class=\"yoast-schema-graph\">{\"@context\":\"https:\/\/schema.org\",\"@graph\":[{\"@type\":\"WebPage\",\"@id\":\"https:\/\/www.alphacan.com\/hr\/specificni-profili\/\",\"url\":\"https:\/\/www.alphacan.com\/hr\/specificni-profili\/\",\"name\":\"SPECIFI\u010cNI PROFILI &#8211; Alphacan\",\"isPartOf\":{\"@id\":\"https:\/\/www.alphacan.com\/es\/#website\"},\"datePublished\":\"2019-01-11T10:54:30+00:00\",\"dateModified\":\"2022-09-21T09:45:50+00:00\",\"description\":\"IZRADA PO MJERI Alphacan je specijaliziran za projektiranje i ekstrudiranje industrijskih profila. Njegovo iskustvo koekstruzijskih tehnika razli\u010ditih\",\"breadcrumb\":{\"@id\":\"https:\/\/www.alphacan.com\/hr\/specificni-profili\/#breadcrumb\"},\"inLanguage\":\"hr\",\"potentialAction\":[{\"@type\":\"ReadAction\",\"target\":[\"https:\/\/www.alphacan.com\/hr\/specificni-profili\/\"]}]},{\"@type\":\"BreadcrumbList\",\"@id\":\"https:\/\/www.alphacan.com\/hr\/specificni-profili\/#breadcrumb\",\"itemListElement\":[{\"@type\":\"ListItem\",\"position\":1,\"name\":\"Accueil\",\"item\":\"https:\/\/www.alphacan.com\/hr\/\"},{\"@type\":\"ListItem\",\"position\":2,\"name\":\"SPECIFI\u010cNI PROFILI\"}]},{\"@type\":\"WebSite\",\"@id\":\"https:\/\/www.alphacan.com\/es\/#website\",\"url\":\"https:\/\/www.alphacan.com\/es\/\",\"name\":\"Alphacan\",\"description\":\"Concepteur Menuiseries\",\"potentialAction\":[{\"@type\":\"SearchAction\",\"target\":{\"@type\":\"EntryPoint\",\"urlTemplate\":\"https:\/\/www.alphacan.com\/es\/?s={search_term_string}\"},\"query-input\":{\"@type\":\"PropertyValueSpecification\",\"valueRequired\":true,\"valueName\":\"search_term_string\"}}],\"inLanguage\":\"hr\"}]}<\/script>\n<!-- \/ Yoast SEO plugin. -->","yoast_head_json":{"title":"SPECIFI\u010cNI PROFILI &#8211; Alphacan","description":"IZRADA PO MJERI Alphacan je specijaliziran za projektiranje i ekstrudiranje industrijskih profila. Njegovo iskustvo koekstruzijskih tehnika razli\u010ditih","robots":{"index":"index","follow":"follow","max-snippet":"max-snippet:-1","max-image-preview":"max-image-preview:large","max-video-preview":"max-video-preview:-1"},"canonical":"https:\/\/www.alphacan.com\/hr\/specificni-profili\/","og_locale":"hr_HR","og_type":"article","og_title":"SPECIFI\u010cNI PROFILI &#8211; Alphacan","og_description":"IZRADA PO MJERI Alphacan je specijaliziran za projektiranje i ekstrudiranje industrijskih profila. Njegovo iskustvo koekstruzijskih tehnika razli\u010ditih","og_url":"https:\/\/www.alphacan.com\/hr\/specificni-profili\/","og_site_name":"Alphacan","article_modified_time":"2022-09-21T09:45:50+00:00","twitter_card":"summary_large_image","schema":{"@context":"https:\/\/schema.org","@graph":[{"@type":"WebPage","@id":"https:\/\/www.alphacan.com\/hr\/specificni-profili\/","url":"https:\/\/www.alphacan.com\/hr\/specificni-profili\/","name":"SPECIFI\u010cNI PROFILI &#8211; Alphacan","isPartOf":{"@id":"https:\/\/www.alphacan.com\/es\/#website"},"datePublished":"2019-01-11T10:54:30+00:00","dateModified":"2022-09-21T09:45:50+00:00","description":"IZRADA PO MJERI Alphacan je specijaliziran za projektiranje i ekstrudiranje industrijskih profila. Njegovo iskustvo koekstruzijskih tehnika razli\u010ditih","breadcrumb":{"@id":"https:\/\/www.alphacan.com\/hr\/specificni-profili\/#breadcrumb"},"inLanguage":"hr","potentialAction":[{"@type":"ReadAction","target":["https:\/\/www.alphacan.com\/hr\/specificni-profili\/"]}]},{"@type":"BreadcrumbList","@id":"https:\/\/www.alphacan.com\/hr\/specificni-profili\/#breadcrumb","itemListElement":[{"@type":"ListItem","position":1,"name":"Accueil","item":"https:\/\/www.alphacan.com\/hr\/"},{"@type":"ListItem","position":2,"name":"SPECIFI\u010cNI PROFILI"}]},{"@type":"WebSite","@id":"https:\/\/www.alphacan.com\/es\/#website","url":"https:\/\/www.alphacan.com\/es\/","name":"Alphacan","description":"Concepteur Menuiseries","potentialAction":[{"@type":"SearchAction","target":{"@type":"EntryPoint","urlTemplate":"https:\/\/www.alphacan.com\/es\/?s={search_term_string}"},"query-input":{"@type":"PropertyValueSpecification","valueRequired":true,"valueName":"search_term_string"}}],"inLanguage":"hr"}]}},"_links":{"self":[{"href":"https:\/\/www.alphacan.com\/hr\/wp-json\/wp\/v2\/pages\/4285","targetHints":{"allow":["GET"]}}],"collection":[{"href":"https:\/\/www.alphacan.com\/hr\/wp-json\/wp\/v2\/pages"}],"about":[{"href":"https:\/\/www.alphacan.com\/hr\/wp-json\/wp\/v2\/types\/page"}],"author":[{"embeddable":true,"href":"https:\/\/www.alphacan.com\/hr\/wp-json\/wp\/v2\/users\/559"}],"replies":[{"embeddable":true,"href":"https:\/\/www.alphacan.com\/hr\/wp-json\/wp\/v2\/comments?post=4285"}],"version-history":[{"count":5,"href":"https:\/\/www.alphacan.com\/hr\/wp-json\/wp\/v2\/pages\/4285\/revisions"}],"predecessor-version":[{"id":7077,"href":"https:\/\/www.alphacan.com\/hr\/wp-json\/wp\/v2\/pages\/4285\/revisions\/7077"}],"wp:attachment":[{"href":"https:\/\/www.alphacan.com\/hr\/wp-json\/wp\/v2\/media?parent=4285"}],"curies":[{"name":"wp","href":"https:\/\/api.w.org\/{rel}","templated":true}]}}