{"id":4286,"date":"2019-01-11T11:58:26","date_gmt":"2019-01-11T10:58:26","guid":{"rendered":"https:\/\/www.alphacan.com\/?page_id=4286"},"modified":"2019-01-11T11:58:26","modified_gmt":"2019-01-11T10:58:26","slug":"brpt","status":"publish","type":"page","link":"https:\/\/www.alphacan.com\/hr\/specificni-profili\/brpt\/","title":{"rendered":"BRPT"},"content":{"rendered":"<h2>POBOLJ\u0160ANJE IZVEDBE<\/h2>\n<p>Alphacan je razvio PVC trake za termi\u010dku brtvljenost za velike industrijske partnere u aluminijskoj stolariji ili verandi.<\/p>\n<p>Tvrtka koristi samo odobrene materijale koji udovoljavaju va\u017ee\u0107im normama.<\/p>\n<p>Povjerite nam Va\u0161 projekt i mo\u0107i \u0107emo prou\u010diti rje\u0161enja koja \u0107e pove\u0107ati performanse Va\u0161ih proizvoda.<\/p>\n<p>&nbsp;<\/p>\n","protected":false},"excerpt":{"rendered":"<p>POBOLJ\u0160ANJE IZVEDBE Alphacan je razvio PVC trake za termi\u010dku brtvljenost za velike industrijske partnere u aluminijskoj stolariji ili verandi. Tvrtka koristi samo odobrene materijale koji udovoljavaju va\u017ee\u0107im normama. Povjerite nam Va\u0161 projekt i mo\u0107i \u0107emo prou\u010diti rje\u0161enja koja \u0107e pove\u0107ati performanse Va\u0161ih proizvoda. &nbsp;<\/p>\n","protected":false},"author":559,"featured_media":4376,"parent":4285,"menu_order":0,"comment_status":"closed","ping_status":"closed","template":"","meta":{"_acf_changed":false,"footnotes":""},"class_list":["post-4286","page","type-page","status-publish","has-post-thumbnail","hentry"],"acf":[],"yoast_head":"<!-- This site is optimized with the Yoast SEO plugin v27.0 - https:\/\/yoast.com\/product\/yoast-seo-wordpress\/ -->\n<title>BRPT &#8211; Alphacan<\/title>\n<meta name=\"description\" content=\"POBOLJ\u0160ANJE IZVEDBE Alphacan je razvio PVC trake za termi\u010dku brtvljenost za velike industrijske partnere u aluminijskoj stolariji ili verandi. Tvrtka\" \/>\n<meta name=\"robots\" content=\"index, follow, max-snippet:-1, max-image-preview:large, max-video-preview:-1\" \/>\n<link rel=\"canonical\" href=\"https:\/\/www.alphacan.com\/hr\/specificni-profili\/brpt\/\" \/>\n<meta property=\"og:locale\" content=\"hr_HR\" \/>\n<meta property=\"og:type\" content=\"article\" \/>\n<meta property=\"og:title\" content=\"BRPT &#8211; Alphacan\" \/>\n<meta property=\"og:description\" content=\"POBOLJ\u0160ANJE IZVEDBE Alphacan je razvio PVC trake za termi\u010dku brtvljenost za velike industrijske partnere u aluminijskoj stolariji ili verandi. Tvrtka\" \/>\n<meta property=\"og:url\" content=\"https:\/\/www.alphacan.com\/hr\/specificni-profili\/brpt\/\" \/>\n<meta property=\"og:site_name\" content=\"Alphacan\" \/>\n<meta property=\"og:image\" content=\"https:\/\/www.alphacan.com\/wp-content\/uploads\/2017\/09\/barette_pont_thermique.jpg\" \/>\n\t<meta property=\"og:image:width\" content=\"1411\" \/>\n\t<meta property=\"og:image:height\" content=\"2000\" \/>\n\t<meta property=\"og:image:type\" content=\"image\/jpeg\" \/>\n<meta name=\"twitter:card\" content=\"summary_large_image\" \/>\n<script type=\"application\/ld+json\" class=\"yoast-schema-graph\">{\"@context\":\"https:\/\/schema.org\",\"@graph\":[{\"@type\":\"WebPage\",\"@id\":\"https:\/\/www.alphacan.com\/hr\/specificni-profili\/brpt\/\",\"url\":\"https:\/\/www.alphacan.com\/hr\/specificni-profili\/brpt\/\",\"name\":\"BRPT &#8211; Alphacan\",\"isPartOf\":{\"@id\":\"https:\/\/www.alphacan.com\/es\/#website\"},\"primaryImageOfPage\":{\"@id\":\"https:\/\/www.alphacan.com\/hr\/specificni-profili\/brpt\/#primaryimage\"},\"image\":{\"@id\":\"https:\/\/www.alphacan.com\/hr\/specificni-profili\/brpt\/#primaryimage\"},\"thumbnailUrl\":\"https:\/\/www.alphacan.com\/wp-content\/uploads\/2017\/09\/barette_pont_thermique.jpg\",\"datePublished\":\"2019-01-11T10:58:26+00:00\",\"description\":\"POBOLJ\u0160ANJE IZVEDBE Alphacan je razvio PVC trake za termi\u010dku brtvljenost za velike industrijske partnere u aluminijskoj stolariji ili verandi. Tvrtka\",\"breadcrumb\":{\"@id\":\"https:\/\/www.alphacan.com\/hr\/specificni-profili\/brpt\/#breadcrumb\"},\"inLanguage\":\"hr\",\"potentialAction\":[{\"@type\":\"ReadAction\",\"target\":[\"https:\/\/www.alphacan.com\/hr\/specificni-profili\/brpt\/\"]}]},{\"@type\":\"ImageObject\",\"inLanguage\":\"hr\",\"@id\":\"https:\/\/www.alphacan.com\/hr\/specificni-profili\/brpt\/#primaryimage\",\"url\":\"https:\/\/www.alphacan.com\/wp-content\/uploads\/2017\/09\/barette_pont_thermique.jpg\",\"contentUrl\":\"https:\/\/www.alphacan.com\/wp-content\/uploads\/2017\/09\/barette_pont_thermique.jpg\",\"width\":1411,\"height\":2000},{\"@type\":\"BreadcrumbList\",\"@id\":\"https:\/\/www.alphacan.com\/hr\/specificni-profili\/brpt\/#breadcrumb\",\"itemListElement\":[{\"@type\":\"ListItem\",\"position\":1,\"name\":\"Accueil\",\"item\":\"https:\/\/www.alphacan.com\/hr\/\"},{\"@type\":\"ListItem\",\"position\":2,\"name\":\"SPECIFI\u010cNI PROFILI\",\"item\":\"https:\/\/www.alphacan.com\/hr\/specificni-profili\/\"},{\"@type\":\"ListItem\",\"position\":3,\"name\":\"BRPT\"}]},{\"@type\":\"WebSite\",\"@id\":\"https:\/\/www.alphacan.com\/es\/#website\",\"url\":\"https:\/\/www.alphacan.com\/es\/\",\"name\":\"Alphacan\",\"description\":\"Concepteur Menuiseries\",\"potentialAction\":[{\"@type\":\"SearchAction\",\"target\":{\"@type\":\"EntryPoint\",\"urlTemplate\":\"https:\/\/www.alphacan.com\/es\/?s={search_term_string}\"},\"query-input\":{\"@type\":\"PropertyValueSpecification\",\"valueRequired\":true,\"valueName\":\"search_term_string\"}}],\"inLanguage\":\"hr\"}]}<\/script>\n<!-- \/ Yoast SEO plugin. -->","yoast_head_json":{"title":"BRPT &#8211; Alphacan","description":"POBOLJ\u0160ANJE IZVEDBE Alphacan je razvio PVC trake za termi\u010dku brtvljenost za velike industrijske partnere u aluminijskoj stolariji ili verandi. Tvrtka","robots":{"index":"index","follow":"follow","max-snippet":"max-snippet:-1","max-image-preview":"max-image-preview:large","max-video-preview":"max-video-preview:-1"},"canonical":"https:\/\/www.alphacan.com\/hr\/specificni-profili\/brpt\/","og_locale":"hr_HR","og_type":"article","og_title":"BRPT &#8211; Alphacan","og_description":"POBOLJ\u0160ANJE IZVEDBE Alphacan je razvio PVC trake za termi\u010dku brtvljenost za velike industrijske partnere u aluminijskoj stolariji ili verandi. Tvrtka","og_url":"https:\/\/www.alphacan.com\/hr\/specificni-profili\/brpt\/","og_site_name":"Alphacan","og_image":[{"width":1411,"height":2000,"url":"https:\/\/www.alphacan.com\/wp-content\/uploads\/2017\/09\/barette_pont_thermique.jpg","type":"image\/jpeg"}],"twitter_card":"summary_large_image","schema":{"@context":"https:\/\/schema.org","@graph":[{"@type":"WebPage","@id":"https:\/\/www.alphacan.com\/hr\/specificni-profili\/brpt\/","url":"https:\/\/www.alphacan.com\/hr\/specificni-profili\/brpt\/","name":"BRPT &#8211; Alphacan","isPartOf":{"@id":"https:\/\/www.alphacan.com\/es\/#website"},"primaryImageOfPage":{"@id":"https:\/\/www.alphacan.com\/hr\/specificni-profili\/brpt\/#primaryimage"},"image":{"@id":"https:\/\/www.alphacan.com\/hr\/specificni-profili\/brpt\/#primaryimage"},"thumbnailUrl":"https:\/\/www.alphacan.com\/wp-content\/uploads\/2017\/09\/barette_pont_thermique.jpg","datePublished":"2019-01-11T10:58:26+00:00","description":"POBOLJ\u0160ANJE IZVEDBE Alphacan je razvio PVC trake za termi\u010dku brtvljenost za velike industrijske partnere u aluminijskoj stolariji ili verandi. Tvrtka","breadcrumb":{"@id":"https:\/\/www.alphacan.com\/hr\/specificni-profili\/brpt\/#breadcrumb"},"inLanguage":"hr","potentialAction":[{"@type":"ReadAction","target":["https:\/\/www.alphacan.com\/hr\/specificni-profili\/brpt\/"]}]},{"@type":"ImageObject","inLanguage":"hr","@id":"https:\/\/www.alphacan.com\/hr\/specificni-profili\/brpt\/#primaryimage","url":"https:\/\/www.alphacan.com\/wp-content\/uploads\/2017\/09\/barette_pont_thermique.jpg","contentUrl":"https:\/\/www.alphacan.com\/wp-content\/uploads\/2017\/09\/barette_pont_thermique.jpg","width":1411,"height":2000},{"@type":"BreadcrumbList","@id":"https:\/\/www.alphacan.com\/hr\/specificni-profili\/brpt\/#breadcrumb","itemListElement":[{"@type":"ListItem","position":1,"name":"Accueil","item":"https:\/\/www.alphacan.com\/hr\/"},{"@type":"ListItem","position":2,"name":"SPECIFI\u010cNI PROFILI","item":"https:\/\/www.alphacan.com\/hr\/specificni-profili\/"},{"@type":"ListItem","position":3,"name":"BRPT"}]},{"@type":"WebSite","@id":"https:\/\/www.alphacan.com\/es\/#website","url":"https:\/\/www.alphacan.com\/es\/","name":"Alphacan","description":"Concepteur Menuiseries","potentialAction":[{"@type":"SearchAction","target":{"@type":"EntryPoint","urlTemplate":"https:\/\/www.alphacan.com\/es\/?s={search_term_string}"},"query-input":{"@type":"PropertyValueSpecification","valueRequired":true,"valueName":"search_term_string"}}],"inLanguage":"hr"}]}},"_links":{"self":[{"href":"https:\/\/www.alphacan.com\/hr\/wp-json\/wp\/v2\/pages\/4286","targetHints":{"allow":["GET"]}}],"collection":[{"href":"https:\/\/www.alphacan.com\/hr\/wp-json\/wp\/v2\/pages"}],"about":[{"href":"https:\/\/www.alphacan.com\/hr\/wp-json\/wp\/v2\/types\/page"}],"author":[{"embeddable":true,"href":"https:\/\/www.alphacan.com\/hr\/wp-json\/wp\/v2\/users\/559"}],"replies":[{"embeddable":true,"href":"https:\/\/www.alphacan.com\/hr\/wp-json\/wp\/v2\/comments?post=4286"}],"version-history":[{"count":3,"href":"https:\/\/www.alphacan.com\/hr\/wp-json\/wp\/v2\/pages\/4286\/revisions"}],"predecessor-version":[{"id":5351,"href":"https:\/\/www.alphacan.com\/hr\/wp-json\/wp\/v2\/pages\/4286\/revisions\/5351"}],"up":[{"embeddable":true,"href":"https:\/\/www.alphacan.com\/hr\/wp-json\/wp\/v2\/pages\/4285"}],"wp:featuredmedia":[{"embeddable":true,"href":"https:\/\/www.alphacan.com\/hr\/wp-json\/wp\/v2\/media\/4376"}],"wp:attachment":[{"href":"https:\/\/www.alphacan.com\/hr\/wp-json\/wp\/v2\/media?parent=4286"}],"curies":[{"name":"wp","href":"https:\/\/api.w.org\/{rel}","templated":true}]}}