{"id":4394,"date":"2019-01-11T11:32:22","date_gmt":"2019-01-11T10:32:22","guid":{"rendered":"https:\/\/www.alphacan.com\/?page_id=4394"},"modified":"2019-04-17T11:04:46","modified_gmt":"2019-04-17T09:04:46","slug":"termicke-inovacije","status":"publish","type":"page","link":"https:\/\/www.alphacan.com\/hr\/stolarija-italija\/termicke-inovacije\/","title":{"rendered":"TERMI\u010cKE INOVACIJE"},"content":{"rendered":"<h2 dir=\"ltr\" data-placeholder=\"Traduction\">EKO-OJA\u010cANJE<\/h2>\n<p class=\"tw-data-text tw-ta tw-text-small\" dir=\"ltr\" data-placeholder=\"Traduction\"><span lang=\"fr\">Poja\u010dano izolacijom i integriranim staklenim vlaknima, eko-oja\u010danje omogu\u0107uje u\u010dinkovitu mehani\u010dku stabilnost i posti\u017ee visoke performanse termo-zvu\u010dne izolacije<\/span><\/p>\n<p class=\"tw-data-text tw-ta tw-text-small\" dir=\"ltr\" data-placeholder=\"Traduction\"><span lang=\"fr\">Ovaj sustav ide uz profile serije <a href=\"https:\/\/www.alphacan.com\/fr\/menuiseries-italie\/fenetres\/inalpha\/\">IN&#8217;ALPHA<\/a>,\u00a0<a href=\"https:\/\/www.alphacan.com\/fr\/menuiseries-italie\/fenetres\/inalpha-prestigio\/\">IN&#8217;ALPHA PRESTIGIO<\/a>, <a href=\"https:\/\/www.alphacan.com\/hr\/stolarija-italija\/prozori\/alpha-luce\/\">ALPHA LUCE<\/a>.<\/span><\/p>\n","protected":false},"excerpt":{"rendered":"<p>EKO-OJA\u010cANJE Poja\u010dano izolacijom i integriranim staklenim vlaknima, eko-oja\u010danje omogu\u0107uje u\u010dinkovitu mehani\u010dku stabilnost i posti\u017ee visoke performanse termo-zvu\u010dne izolacije Ovaj sustav ide uz profile serije IN&#8217;ALPHA,\u00a0IN&#8217;ALPHA PRESTIGIO, ALPHA LUCE.<\/p>\n","protected":false},"author":559,"featured_media":4264,"parent":4288,"menu_order":4,"comment_status":"closed","ping_status":"closed","template":"","meta":{"_acf_changed":false,"footnotes":""},"class_list":["post-4394","page","type-page","status-publish","has-post-thumbnail","hentry"],"acf":[],"yoast_head":"<!-- This site is optimized with the Yoast SEO plugin v27.0 - https:\/\/yoast.com\/product\/yoast-seo-wordpress\/ -->\n<title>TERMI\u010cKE INOVACIJE &#8211; Alphacan<\/title>\n<meta name=\"description\" content=\"EKO-OJA\u010cANJE Poja\u010dano izolacijom i integriranim staklenim vlaknima, eko-oja\u010danje omogu\u0107uje u\u010dinkovitu mehani\u010dku stabilnost i posti\u017ee visoke performanse\" \/>\n<meta name=\"robots\" content=\"index, follow, max-snippet:-1, max-image-preview:large, max-video-preview:-1\" \/>\n<link rel=\"canonical\" href=\"https:\/\/www.alphacan.com\/hr\/stolarija-italija\/termicke-inovacije\/\" \/>\n<meta property=\"og:locale\" content=\"hr_HR\" \/>\n<meta property=\"og:type\" content=\"article\" \/>\n<meta property=\"og:title\" content=\"TERMI\u010cKE INOVACIJE &#8211; Alphacan\" \/>\n<meta property=\"og:description\" content=\"EKO-OJA\u010cANJE Poja\u010dano izolacijom i integriranim staklenim vlaknima, eko-oja\u010danje omogu\u0107uje u\u010dinkovitu mehani\u010dku stabilnost i posti\u017ee visoke performanse\" \/>\n<meta property=\"og:url\" content=\"https:\/\/www.alphacan.com\/hr\/stolarija-italija\/termicke-inovacije\/\" \/>\n<meta property=\"og:site_name\" content=\"Alphacan\" \/>\n<meta property=\"article:modified_time\" content=\"2019-04-17T09:04:46+00:00\" \/>\n<meta property=\"og:image\" content=\"https:\/\/www.alphacan.com\/wp-content\/uploads\/2017\/11\/pictos-Perf.-Therm.jpg\" \/>\n\t<meta property=\"og:image:width\" content=\"484\" \/>\n\t<meta property=\"og:image:height\" content=\"540\" \/>\n\t<meta property=\"og:image:type\" content=\"image\/jpeg\" \/>\n<meta name=\"twitter:card\" content=\"summary_large_image\" \/>\n<script type=\"application\/ld+json\" class=\"yoast-schema-graph\">{\"@context\":\"https:\/\/schema.org\",\"@graph\":[{\"@type\":\"WebPage\",\"@id\":\"https:\/\/www.alphacan.com\/hr\/stolarija-italija\/termicke-inovacije\/\",\"url\":\"https:\/\/www.alphacan.com\/hr\/stolarija-italija\/termicke-inovacije\/\",\"name\":\"TERMI\u010cKE INOVACIJE &#8211; Alphacan\",\"isPartOf\":{\"@id\":\"https:\/\/www.alphacan.com\/es\/#website\"},\"primaryImageOfPage\":{\"@id\":\"https:\/\/www.alphacan.com\/hr\/stolarija-italija\/termicke-inovacije\/#primaryimage\"},\"image\":{\"@id\":\"https:\/\/www.alphacan.com\/hr\/stolarija-italija\/termicke-inovacije\/#primaryimage\"},\"thumbnailUrl\":\"https:\/\/www.alphacan.com\/wp-content\/uploads\/2017\/11\/pictos-Perf.-Therm.jpg\",\"datePublished\":\"2019-01-11T10:32:22+00:00\",\"dateModified\":\"2019-04-17T09:04:46+00:00\",\"description\":\"EKO-OJA\u010cANJE Poja\u010dano izolacijom i integriranim staklenim vlaknima, eko-oja\u010danje omogu\u0107uje u\u010dinkovitu mehani\u010dku stabilnost i posti\u017ee visoke performanse\",\"breadcrumb\":{\"@id\":\"https:\/\/www.alphacan.com\/hr\/stolarija-italija\/termicke-inovacije\/#breadcrumb\"},\"inLanguage\":\"hr\",\"potentialAction\":[{\"@type\":\"ReadAction\",\"target\":[\"https:\/\/www.alphacan.com\/hr\/stolarija-italija\/termicke-inovacije\/\"]}]},{\"@type\":\"ImageObject\",\"inLanguage\":\"hr\",\"@id\":\"https:\/\/www.alphacan.com\/hr\/stolarija-italija\/termicke-inovacije\/#primaryimage\",\"url\":\"https:\/\/www.alphacan.com\/wp-content\/uploads\/2017\/11\/pictos-Perf.-Therm.jpg\",\"contentUrl\":\"https:\/\/www.alphacan.com\/wp-content\/uploads\/2017\/11\/pictos-Perf.-Therm.jpg\",\"width\":484,\"height\":540},{\"@type\":\"BreadcrumbList\",\"@id\":\"https:\/\/www.alphacan.com\/hr\/stolarija-italija\/termicke-inovacije\/#breadcrumb\",\"itemListElement\":[{\"@type\":\"ListItem\",\"position\":1,\"name\":\"Accueil\",\"item\":\"https:\/\/www.alphacan.com\/hr\/\"},{\"@type\":\"ListItem\",\"position\":2,\"name\":\"STOLARIJA ITALIJA\",\"item\":\"https:\/\/www.alphacan.com\/hr\/stolarija-italija\/\"},{\"@type\":\"ListItem\",\"position\":3,\"name\":\"TERMI\u010cKE INOVACIJE\"}]},{\"@type\":\"WebSite\",\"@id\":\"https:\/\/www.alphacan.com\/es\/#website\",\"url\":\"https:\/\/www.alphacan.com\/es\/\",\"name\":\"Alphacan\",\"description\":\"Concepteur Menuiseries\",\"potentialAction\":[{\"@type\":\"SearchAction\",\"target\":{\"@type\":\"EntryPoint\",\"urlTemplate\":\"https:\/\/www.alphacan.com\/es\/?s={search_term_string}\"},\"query-input\":{\"@type\":\"PropertyValueSpecification\",\"valueRequired\":true,\"valueName\":\"search_term_string\"}}],\"inLanguage\":\"hr\"}]}<\/script>\n<!-- \/ Yoast SEO plugin. -->","yoast_head_json":{"title":"TERMI\u010cKE INOVACIJE &#8211; Alphacan","description":"EKO-OJA\u010cANJE Poja\u010dano izolacijom i integriranim staklenim vlaknima, eko-oja\u010danje omogu\u0107uje u\u010dinkovitu mehani\u010dku stabilnost i posti\u017ee visoke performanse","robots":{"index":"index","follow":"follow","max-snippet":"max-snippet:-1","max-image-preview":"max-image-preview:large","max-video-preview":"max-video-preview:-1"},"canonical":"https:\/\/www.alphacan.com\/hr\/stolarija-italija\/termicke-inovacije\/","og_locale":"hr_HR","og_type":"article","og_title":"TERMI\u010cKE INOVACIJE &#8211; Alphacan","og_description":"EKO-OJA\u010cANJE Poja\u010dano izolacijom i integriranim staklenim vlaknima, eko-oja\u010danje omogu\u0107uje u\u010dinkovitu mehani\u010dku stabilnost i posti\u017ee visoke performanse","og_url":"https:\/\/www.alphacan.com\/hr\/stolarija-italija\/termicke-inovacije\/","og_site_name":"Alphacan","article_modified_time":"2019-04-17T09:04:46+00:00","og_image":[{"width":484,"height":540,"url":"https:\/\/www.alphacan.com\/wp-content\/uploads\/2017\/11\/pictos-Perf.-Therm.jpg","type":"image\/jpeg"}],"twitter_card":"summary_large_image","schema":{"@context":"https:\/\/schema.org","@graph":[{"@type":"WebPage","@id":"https:\/\/www.alphacan.com\/hr\/stolarija-italija\/termicke-inovacije\/","url":"https:\/\/www.alphacan.com\/hr\/stolarija-italija\/termicke-inovacije\/","name":"TERMI\u010cKE INOVACIJE &#8211; Alphacan","isPartOf":{"@id":"https:\/\/www.alphacan.com\/es\/#website"},"primaryImageOfPage":{"@id":"https:\/\/www.alphacan.com\/hr\/stolarija-italija\/termicke-inovacije\/#primaryimage"},"image":{"@id":"https:\/\/www.alphacan.com\/hr\/stolarija-italija\/termicke-inovacije\/#primaryimage"},"thumbnailUrl":"https:\/\/www.alphacan.com\/wp-content\/uploads\/2017\/11\/pictos-Perf.-Therm.jpg","datePublished":"2019-01-11T10:32:22+00:00","dateModified":"2019-04-17T09:04:46+00:00","description":"EKO-OJA\u010cANJE Poja\u010dano izolacijom i integriranim staklenim vlaknima, eko-oja\u010danje omogu\u0107uje u\u010dinkovitu mehani\u010dku stabilnost i posti\u017ee visoke performanse","breadcrumb":{"@id":"https:\/\/www.alphacan.com\/hr\/stolarija-italija\/termicke-inovacije\/#breadcrumb"},"inLanguage":"hr","potentialAction":[{"@type":"ReadAction","target":["https:\/\/www.alphacan.com\/hr\/stolarija-italija\/termicke-inovacije\/"]}]},{"@type":"ImageObject","inLanguage":"hr","@id":"https:\/\/www.alphacan.com\/hr\/stolarija-italija\/termicke-inovacije\/#primaryimage","url":"https:\/\/www.alphacan.com\/wp-content\/uploads\/2017\/11\/pictos-Perf.-Therm.jpg","contentUrl":"https:\/\/www.alphacan.com\/wp-content\/uploads\/2017\/11\/pictos-Perf.-Therm.jpg","width":484,"height":540},{"@type":"BreadcrumbList","@id":"https:\/\/www.alphacan.com\/hr\/stolarija-italija\/termicke-inovacije\/#breadcrumb","itemListElement":[{"@type":"ListItem","position":1,"name":"Accueil","item":"https:\/\/www.alphacan.com\/hr\/"},{"@type":"ListItem","position":2,"name":"STOLARIJA ITALIJA","item":"https:\/\/www.alphacan.com\/hr\/stolarija-italija\/"},{"@type":"ListItem","position":3,"name":"TERMI\u010cKE INOVACIJE"}]},{"@type":"WebSite","@id":"https:\/\/www.alphacan.com\/es\/#website","url":"https:\/\/www.alphacan.com\/es\/","name":"Alphacan","description":"Concepteur Menuiseries","potentialAction":[{"@type":"SearchAction","target":{"@type":"EntryPoint","urlTemplate":"https:\/\/www.alphacan.com\/es\/?s={search_term_string}"},"query-input":{"@type":"PropertyValueSpecification","valueRequired":true,"valueName":"search_term_string"}}],"inLanguage":"hr"}]}},"_links":{"self":[{"href":"https:\/\/www.alphacan.com\/hr\/wp-json\/wp\/v2\/pages\/4394","targetHints":{"allow":["GET"]}}],"collection":[{"href":"https:\/\/www.alphacan.com\/hr\/wp-json\/wp\/v2\/pages"}],"about":[{"href":"https:\/\/www.alphacan.com\/hr\/wp-json\/wp\/v2\/types\/page"}],"author":[{"embeddable":true,"href":"https:\/\/www.alphacan.com\/hr\/wp-json\/wp\/v2\/users\/559"}],"replies":[{"embeddable":true,"href":"https:\/\/www.alphacan.com\/hr\/wp-json\/wp\/v2\/comments?post=4394"}],"version-history":[{"count":5,"href":"https:\/\/www.alphacan.com\/hr\/wp-json\/wp\/v2\/pages\/4394\/revisions"}],"predecessor-version":[{"id":6371,"href":"https:\/\/www.alphacan.com\/hr\/wp-json\/wp\/v2\/pages\/4394\/revisions\/6371"}],"up":[{"embeddable":true,"href":"https:\/\/www.alphacan.com\/hr\/wp-json\/wp\/v2\/pages\/4288"}],"wp:featuredmedia":[{"embeddable":true,"href":"https:\/\/www.alphacan.com\/hr\/wp-json\/wp\/v2\/media\/4264"}],"wp:attachment":[{"href":"https:\/\/www.alphacan.com\/hr\/wp-json\/wp\/v2\/media?parent=4394"}],"curies":[{"name":"wp","href":"https:\/\/api.w.org\/{rel}","templated":true}]}}