{"id":4450,"date":"2019-01-10T13:31:06","date_gmt":"2019-01-10T12:31:06","guid":{"rendered":"https:\/\/www.alphacan.com\/?page_id=4450"},"modified":"2019-04-17T09:03:23","modified_gmt":"2019-04-17T07:03:23","slug":"in-alpha","status":"publish","type":"page","link":"https:\/\/www.alphacan.com\/hr\/stolarija-italija\/prozori\/in-alpha\/","title":{"rendered":"IN ALPHA"},"content":{"rendered":"<h2>SUVREMENI DIZAJN<\/h2>\n<p>IN&#8217;ALPHA nudi asortiman stolarije 70 i 80 mm koji uklju\u010duje mnoge patentirane i ekskluzivne inovacije koje zadovoljavaju zahtjeve toplinske, zvu\u010dne i mehani\u010dke izvedbe. Proizvodi spadaju pod DTA (Tehni\u010dki dokumenti za primjenu) i kontrolirani su od CSTB-a (Znanstveni i tehnolo\u0161ki centar za izgradnju).<\/p>\n<ul>\n<li>Vi\u0161e-komorni profili za pobolj\u0161anu toplinsku izolaciju<\/li>\n<li>Dvobrtveni sistem za maksimalnu toplinsku i zvu\u010dnu izolaciju<\/li>\n<li>Brtve u boji baze profila za bolju estetiku<\/li>\n<li>Uporaba PVC bez olova (stabilizacija kalcijevog cinka)<\/li>\n<li>O\u010duvanje zdravlja instalatera zahvaljuju\u0107i manjoj te\u017eini<\/li>\n<li>Dostupno u \u0161irokom asortimanu <a href=\"https:\/\/www.alphacan.com\/hr\/stolarija-italija\/zavrsna-obrada\/\">zavr\u0161nih obrada<\/a><\/li>\n<\/ul>\n<p>&nbsp;<\/p>\n<p><a href=\"https:\/\/www.alphacan.com\/wp-content\/uploads\/2017\/11\/typologie-fabrication-in-alpha.jpg\"><img loading=\"lazy\" decoding=\"async\" class=\"alignnone wp-image-2333 size-large\" src=\"https:\/\/www.alphacan.com\/wp-content\/uploads\/2017\/11\/typologie-fabrication-in-alpha-1024x130.jpg\" alt=\"\" width=\"1024\" height=\"130\" srcset=\"https:\/\/www.alphacan.com\/wp-content\/uploads\/2017\/11\/typologie-fabrication-in-alpha-1024x130.jpg 1024w, https:\/\/www.alphacan.com\/wp-content\/uploads\/2017\/11\/typologie-fabrication-in-alpha-300x38.jpg 300w, https:\/\/www.alphacan.com\/wp-content\/uploads\/2017\/11\/typologie-fabrication-in-alpha-768x97.jpg 768w, https:\/\/www.alphacan.com\/wp-content\/uploads\/2017\/11\/typologie-fabrication-in-alpha.jpg 1491w\" sizes=\"auto, (max-width: 1024px) 100vw, 1024px\" \/><\/a><\/p>\n","protected":false},"excerpt":{"rendered":"<p>SUVREMENI DIZAJN IN&#8217;ALPHA nudi asortiman stolarije 70 i 80 mm koji uklju\u010duje mnoge patentirane i ekskluzivne inovacije koje zadovoljavaju zahtjeve toplinske, zvu\u010dne i mehani\u010dke izvedbe. Proizvodi spadaju pod DTA (Tehni\u010dki dokumenti za primjenu) i kontrolirani su od CSTB-a (Znanstveni i tehnolo\u0161ki centar za izgradnju). Vi\u0161e-komorni profili za pobolj\u0161anu toplinsku izolaciju Dvobrtveni sistem za maksimalnu toplinsku [&hellip;]<\/p>\n","protected":false},"author":559,"featured_media":0,"parent":4289,"menu_order":1,"comment_status":"closed","ping_status":"closed","template":"","meta":{"_acf_changed":false,"footnotes":""},"class_list":["post-4450","page","type-page","status-publish","hentry"],"acf":[],"yoast_head":"<!-- This site is optimized with the Yoast SEO plugin v27.0 - https:\/\/yoast.com\/product\/yoast-seo-wordpress\/ -->\n<title>IN ALPHA &#8211; Alphacan<\/title>\n<meta name=\"description\" content=\"SUVREMENI DIZAJN IN&#039;ALPHA nudi asortiman stolarije 70 i 80 mm koji uklju\u010duje mnoge patentirane i ekskluzivne inovacije koje zadovoljavaju zahtjeve\" \/>\n<meta name=\"robots\" content=\"index, follow, max-snippet:-1, max-image-preview:large, max-video-preview:-1\" \/>\n<link rel=\"canonical\" href=\"https:\/\/www.alphacan.com\/hr\/stolarija-italija\/prozori\/in-alpha\/\" \/>\n<meta property=\"og:locale\" content=\"hr_HR\" \/>\n<meta property=\"og:type\" content=\"article\" \/>\n<meta property=\"og:title\" content=\"IN ALPHA &#8211; Alphacan\" \/>\n<meta property=\"og:description\" content=\"SUVREMENI DIZAJN IN&#039;ALPHA nudi asortiman stolarije 70 i 80 mm koji uklju\u010duje mnoge patentirane i ekskluzivne inovacije koje zadovoljavaju zahtjeve\" \/>\n<meta property=\"og:url\" content=\"https:\/\/www.alphacan.com\/hr\/stolarija-italija\/prozori\/in-alpha\/\" \/>\n<meta property=\"og:site_name\" content=\"Alphacan\" \/>\n<meta property=\"article:modified_time\" content=\"2019-04-17T07:03:23+00:00\" \/>\n<meta property=\"og:image\" content=\"https:\/\/www.alphacan.com\/wp-content\/uploads\/2017\/11\/typologie-fabrication-in-alpha-1024x130.jpg\" \/>\n<meta name=\"twitter:card\" content=\"summary_large_image\" \/>\n<script type=\"application\/ld+json\" class=\"yoast-schema-graph\">{\"@context\":\"https:\/\/schema.org\",\"@graph\":[{\"@type\":\"WebPage\",\"@id\":\"https:\/\/www.alphacan.com\/hr\/stolarija-italija\/prozori\/in-alpha\/\",\"url\":\"https:\/\/www.alphacan.com\/hr\/stolarija-italija\/prozori\/in-alpha\/\",\"name\":\"IN ALPHA &#8211; Alphacan\",\"isPartOf\":{\"@id\":\"https:\/\/www.alphacan.com\/es\/#website\"},\"primaryImageOfPage\":{\"@id\":\"https:\/\/www.alphacan.com\/hr\/stolarija-italija\/prozori\/in-alpha\/#primaryimage\"},\"image\":{\"@id\":\"https:\/\/www.alphacan.com\/hr\/stolarija-italija\/prozori\/in-alpha\/#primaryimage\"},\"thumbnailUrl\":\"https:\/\/www.alphacan.com\/wp-content\/uploads\/2017\/11\/typologie-fabrication-in-alpha-1024x130.jpg\",\"datePublished\":\"2019-01-10T12:31:06+00:00\",\"dateModified\":\"2019-04-17T07:03:23+00:00\",\"description\":\"SUVREMENI DIZAJN IN'ALPHA nudi asortiman stolarije 70 i 80 mm koji uklju\u010duje mnoge patentirane i ekskluzivne inovacije koje zadovoljavaju zahtjeve\",\"breadcrumb\":{\"@id\":\"https:\/\/www.alphacan.com\/hr\/stolarija-italija\/prozori\/in-alpha\/#breadcrumb\"},\"inLanguage\":\"hr\",\"potentialAction\":[{\"@type\":\"ReadAction\",\"target\":[\"https:\/\/www.alphacan.com\/hr\/stolarija-italija\/prozori\/in-alpha\/\"]}]},{\"@type\":\"ImageObject\",\"inLanguage\":\"hr\",\"@id\":\"https:\/\/www.alphacan.com\/hr\/stolarija-italija\/prozori\/in-alpha\/#primaryimage\",\"url\":\"https:\/\/www.alphacan.com\/wp-content\/uploads\/2017\/11\/typologie-fabrication-in-alpha-1024x130.jpg\",\"contentUrl\":\"https:\/\/www.alphacan.com\/wp-content\/uploads\/2017\/11\/typologie-fabrication-in-alpha-1024x130.jpg\"},{\"@type\":\"BreadcrumbList\",\"@id\":\"https:\/\/www.alphacan.com\/hr\/stolarija-italija\/prozori\/in-alpha\/#breadcrumb\",\"itemListElement\":[{\"@type\":\"ListItem\",\"position\":1,\"name\":\"Accueil\",\"item\":\"https:\/\/www.alphacan.com\/hr\/\"},{\"@type\":\"ListItem\",\"position\":2,\"name\":\"STOLARIJA ITALIJA\",\"item\":\"https:\/\/www.alphacan.com\/hr\/stolarija-italija\/\"},{\"@type\":\"ListItem\",\"position\":3,\"name\":\"PROZORI\",\"item\":\"https:\/\/www.alphacan.com\/hr\/stolarija-italija\/prozori\/\"},{\"@type\":\"ListItem\",\"position\":4,\"name\":\"IN ALPHA\"}]},{\"@type\":\"WebSite\",\"@id\":\"https:\/\/www.alphacan.com\/es\/#website\",\"url\":\"https:\/\/www.alphacan.com\/es\/\",\"name\":\"Alphacan\",\"description\":\"Concepteur Menuiseries\",\"potentialAction\":[{\"@type\":\"SearchAction\",\"target\":{\"@type\":\"EntryPoint\",\"urlTemplate\":\"https:\/\/www.alphacan.com\/es\/?s={search_term_string}\"},\"query-input\":{\"@type\":\"PropertyValueSpecification\",\"valueRequired\":true,\"valueName\":\"search_term_string\"}}],\"inLanguage\":\"hr\"}]}<\/script>\n<!-- \/ Yoast SEO plugin. -->","yoast_head_json":{"title":"IN ALPHA &#8211; Alphacan","description":"SUVREMENI DIZAJN IN'ALPHA nudi asortiman stolarije 70 i 80 mm koji uklju\u010duje mnoge patentirane i ekskluzivne inovacije koje zadovoljavaju zahtjeve","robots":{"index":"index","follow":"follow","max-snippet":"max-snippet:-1","max-image-preview":"max-image-preview:large","max-video-preview":"max-video-preview:-1"},"canonical":"https:\/\/www.alphacan.com\/hr\/stolarija-italija\/prozori\/in-alpha\/","og_locale":"hr_HR","og_type":"article","og_title":"IN ALPHA &#8211; Alphacan","og_description":"SUVREMENI DIZAJN IN'ALPHA nudi asortiman stolarije 70 i 80 mm koji uklju\u010duje mnoge patentirane i ekskluzivne inovacije koje zadovoljavaju zahtjeve","og_url":"https:\/\/www.alphacan.com\/hr\/stolarija-italija\/prozori\/in-alpha\/","og_site_name":"Alphacan","article_modified_time":"2019-04-17T07:03:23+00:00","og_image":[{"url":"https:\/\/www.alphacan.com\/wp-content\/uploads\/2017\/11\/typologie-fabrication-in-alpha-1024x130.jpg","type":"","width":"","height":""}],"twitter_card":"summary_large_image","schema":{"@context":"https:\/\/schema.org","@graph":[{"@type":"WebPage","@id":"https:\/\/www.alphacan.com\/hr\/stolarija-italija\/prozori\/in-alpha\/","url":"https:\/\/www.alphacan.com\/hr\/stolarija-italija\/prozori\/in-alpha\/","name":"IN ALPHA &#8211; Alphacan","isPartOf":{"@id":"https:\/\/www.alphacan.com\/es\/#website"},"primaryImageOfPage":{"@id":"https:\/\/www.alphacan.com\/hr\/stolarija-italija\/prozori\/in-alpha\/#primaryimage"},"image":{"@id":"https:\/\/www.alphacan.com\/hr\/stolarija-italija\/prozori\/in-alpha\/#primaryimage"},"thumbnailUrl":"https:\/\/www.alphacan.com\/wp-content\/uploads\/2017\/11\/typologie-fabrication-in-alpha-1024x130.jpg","datePublished":"2019-01-10T12:31:06+00:00","dateModified":"2019-04-17T07:03:23+00:00","description":"SUVREMENI DIZAJN IN'ALPHA nudi asortiman stolarije 70 i 80 mm koji uklju\u010duje mnoge patentirane i ekskluzivne inovacije koje zadovoljavaju zahtjeve","breadcrumb":{"@id":"https:\/\/www.alphacan.com\/hr\/stolarija-italija\/prozori\/in-alpha\/#breadcrumb"},"inLanguage":"hr","potentialAction":[{"@type":"ReadAction","target":["https:\/\/www.alphacan.com\/hr\/stolarija-italija\/prozori\/in-alpha\/"]}]},{"@type":"ImageObject","inLanguage":"hr","@id":"https:\/\/www.alphacan.com\/hr\/stolarija-italija\/prozori\/in-alpha\/#primaryimage","url":"https:\/\/www.alphacan.com\/wp-content\/uploads\/2017\/11\/typologie-fabrication-in-alpha-1024x130.jpg","contentUrl":"https:\/\/www.alphacan.com\/wp-content\/uploads\/2017\/11\/typologie-fabrication-in-alpha-1024x130.jpg"},{"@type":"BreadcrumbList","@id":"https:\/\/www.alphacan.com\/hr\/stolarija-italija\/prozori\/in-alpha\/#breadcrumb","itemListElement":[{"@type":"ListItem","position":1,"name":"Accueil","item":"https:\/\/www.alphacan.com\/hr\/"},{"@type":"ListItem","position":2,"name":"STOLARIJA ITALIJA","item":"https:\/\/www.alphacan.com\/hr\/stolarija-italija\/"},{"@type":"ListItem","position":3,"name":"PROZORI","item":"https:\/\/www.alphacan.com\/hr\/stolarija-italija\/prozori\/"},{"@type":"ListItem","position":4,"name":"IN ALPHA"}]},{"@type":"WebSite","@id":"https:\/\/www.alphacan.com\/es\/#website","url":"https:\/\/www.alphacan.com\/es\/","name":"Alphacan","description":"Concepteur Menuiseries","potentialAction":[{"@type":"SearchAction","target":{"@type":"EntryPoint","urlTemplate":"https:\/\/www.alphacan.com\/es\/?s={search_term_string}"},"query-input":{"@type":"PropertyValueSpecification","valueRequired":true,"valueName":"search_term_string"}}],"inLanguage":"hr"}]}},"_links":{"self":[{"href":"https:\/\/www.alphacan.com\/hr\/wp-json\/wp\/v2\/pages\/4450","targetHints":{"allow":["GET"]}}],"collection":[{"href":"https:\/\/www.alphacan.com\/hr\/wp-json\/wp\/v2\/pages"}],"about":[{"href":"https:\/\/www.alphacan.com\/hr\/wp-json\/wp\/v2\/types\/page"}],"author":[{"embeddable":true,"href":"https:\/\/www.alphacan.com\/hr\/wp-json\/wp\/v2\/users\/559"}],"replies":[{"embeddable":true,"href":"https:\/\/www.alphacan.com\/hr\/wp-json\/wp\/v2\/comments?post=4450"}],"version-history":[{"count":5,"href":"https:\/\/www.alphacan.com\/hr\/wp-json\/wp\/v2\/pages\/4450\/revisions"}],"predecessor-version":[{"id":6327,"href":"https:\/\/www.alphacan.com\/hr\/wp-json\/wp\/v2\/pages\/4450\/revisions\/6327"}],"up":[{"embeddable":true,"href":"https:\/\/www.alphacan.com\/hr\/wp-json\/wp\/v2\/pages\/4289"}],"wp:attachment":[{"href":"https:\/\/www.alphacan.com\/hr\/wp-json\/wp\/v2\/media?parent=4450"}],"curies":[{"name":"wp","href":"https:\/\/api.w.org\/{rel}","templated":true}]}}