{"id":4453,"date":"2019-01-10T13:41:49","date_gmt":"2019-01-10T12:41:49","guid":{"rendered":"https:\/\/www.alphacan.com\/?page_id=4453"},"modified":"2019-04-16T17:40:45","modified_gmt":"2019-04-16T15:40:45","slug":"inalpha-prestigio","status":"publish","type":"page","link":"https:\/\/www.alphacan.com\/hr\/stolarija-italija\/prozori\/inalpha-prestigio\/","title":{"rendered":"IN\u2019ALPHA PRESTIGIO"},"content":{"rendered":"<h2>UNE LIGNE \u201cLINIJA \u201cPROIZVEDENO U ITALIJI\u201d\u201d<\/h2>\n<p>IN ALPHA PRESTIGIO je rezultat kombinacije u\u010dinkovitosti ALPHACAN stolarije i i talijanskog dizajna: posebna pa\u017enja posve\u0107ena je detaljima, boja brtve u skladu je sa bojom povr\u0161ine profila.<\/p>\n<p>Odli\u010dna u\u010dinkovitost brtvljenja naspram atmosferilija zahvaljuju\u0107i dizajnu geometrije profila..<\/p>\n<p>&nbsp;<\/p>\n<p><a href=\"https:\/\/www.alphacan.com\/wp-content\/uploads\/2017\/11\/typologie-fabrication-in-alpha.jpg\"><img loading=\"lazy\" decoding=\"async\" class=\"alignleft wp-image-2333 \" src=\"https:\/\/www.alphacan.com\/wp-content\/uploads\/2017\/11\/typologie-fabrication-in-alpha-1024x130.jpg\" alt=\"\" width=\"827\" height=\"105\" srcset=\"https:\/\/www.alphacan.com\/wp-content\/uploads\/2017\/11\/typologie-fabrication-in-alpha-1024x130.jpg 1024w, https:\/\/www.alphacan.com\/wp-content\/uploads\/2017\/11\/typologie-fabrication-in-alpha-300x38.jpg 300w, https:\/\/www.alphacan.com\/wp-content\/uploads\/2017\/11\/typologie-fabrication-in-alpha-768x97.jpg 768w, https:\/\/www.alphacan.com\/wp-content\/uploads\/2017\/11\/typologie-fabrication-in-alpha.jpg 1491w\" sizes=\"auto, (max-width: 827px) 100vw, 827px\" \/><\/a><\/p>\n<p>&nbsp;<\/p>\n<p>&nbsp;<\/p>\n<p>&nbsp;<\/p>\n","protected":false},"excerpt":{"rendered":"<p>UNE LIGNE \u201cLINIJA \u201cPROIZVEDENO U ITALIJI\u201d\u201d IN ALPHA PRESTIGIO je rezultat kombinacije u\u010dinkovitosti ALPHACAN stolarije i i talijanskog dizajna: posebna pa\u017enja posve\u0107ena je detaljima, boja brtve u skladu je sa bojom povr\u0161ine profila. Odli\u010dna u\u010dinkovitost brtvljenja naspram atmosferilija zahvaljuju\u0107i dizajnu geometrije profila.. &nbsp; &nbsp; &nbsp; &nbsp;<\/p>\n","protected":false},"author":559,"featured_media":0,"parent":4289,"menu_order":3,"comment_status":"closed","ping_status":"closed","template":"","meta":{"_acf_changed":false,"footnotes":""},"class_list":["post-4453","page","type-page","status-publish","hentry"],"acf":[],"yoast_head":"<!-- This site is optimized with the Yoast SEO plugin v27.0 - https:\/\/yoast.com\/product\/yoast-seo-wordpress\/ -->\n<title>IN\u2019ALPHA PRESTIGIO &#8211; Alphacan<\/title>\n<meta name=\"description\" content=\"UNE LIGNE \u201cLINIJA \u201cPROIZVEDENO U ITALIJI\u201d\u201d IN ALPHA PRESTIGIO je rezultat kombinacije u\u010dinkovitosti ALPHACAN stolarije i i talijanskog dizajna: posebna\" \/>\n<meta name=\"robots\" content=\"index, follow, max-snippet:-1, max-image-preview:large, max-video-preview:-1\" \/>\n<link rel=\"canonical\" href=\"https:\/\/www.alphacan.com\/hr\/stolarija-italija\/prozori\/inalpha-prestigio\/\" \/>\n<meta property=\"og:locale\" content=\"hr_HR\" \/>\n<meta property=\"og:type\" content=\"article\" \/>\n<meta property=\"og:title\" content=\"IN\u2019ALPHA PRESTIGIO &#8211; Alphacan\" \/>\n<meta property=\"og:description\" content=\"UNE LIGNE \u201cLINIJA \u201cPROIZVEDENO U ITALIJI\u201d\u201d IN ALPHA PRESTIGIO je rezultat kombinacije u\u010dinkovitosti ALPHACAN stolarije i i talijanskog dizajna: posebna\" \/>\n<meta property=\"og:url\" content=\"https:\/\/www.alphacan.com\/hr\/stolarija-italija\/prozori\/inalpha-prestigio\/\" \/>\n<meta property=\"og:site_name\" content=\"Alphacan\" \/>\n<meta property=\"article:modified_time\" content=\"2019-04-16T15:40:45+00:00\" \/>\n<meta property=\"og:image\" content=\"https:\/\/www.alphacan.com\/wp-content\/uploads\/2017\/11\/typologie-fabrication-in-alpha-1024x130.jpg\" \/>\n<meta name=\"twitter:card\" content=\"summary_large_image\" \/>\n<script type=\"application\/ld+json\" class=\"yoast-schema-graph\">{\"@context\":\"https:\/\/schema.org\",\"@graph\":[{\"@type\":\"WebPage\",\"@id\":\"https:\/\/www.alphacan.com\/hr\/stolarija-italija\/prozori\/inalpha-prestigio\/\",\"url\":\"https:\/\/www.alphacan.com\/hr\/stolarija-italija\/prozori\/inalpha-prestigio\/\",\"name\":\"IN\u2019ALPHA PRESTIGIO &#8211; Alphacan\",\"isPartOf\":{\"@id\":\"https:\/\/www.alphacan.com\/es\/#website\"},\"primaryImageOfPage\":{\"@id\":\"https:\/\/www.alphacan.com\/hr\/stolarija-italija\/prozori\/inalpha-prestigio\/#primaryimage\"},\"image\":{\"@id\":\"https:\/\/www.alphacan.com\/hr\/stolarija-italija\/prozori\/inalpha-prestigio\/#primaryimage\"},\"thumbnailUrl\":\"https:\/\/www.alphacan.com\/wp-content\/uploads\/2017\/11\/typologie-fabrication-in-alpha-1024x130.jpg\",\"datePublished\":\"2019-01-10T12:41:49+00:00\",\"dateModified\":\"2019-04-16T15:40:45+00:00\",\"description\":\"UNE LIGNE \u201cLINIJA \u201cPROIZVEDENO U ITALIJI\u201d\u201d IN ALPHA PRESTIGIO je rezultat kombinacije u\u010dinkovitosti ALPHACAN stolarije i i talijanskog dizajna: posebna\",\"breadcrumb\":{\"@id\":\"https:\/\/www.alphacan.com\/hr\/stolarija-italija\/prozori\/inalpha-prestigio\/#breadcrumb\"},\"inLanguage\":\"hr\",\"potentialAction\":[{\"@type\":\"ReadAction\",\"target\":[\"https:\/\/www.alphacan.com\/hr\/stolarija-italija\/prozori\/inalpha-prestigio\/\"]}]},{\"@type\":\"ImageObject\",\"inLanguage\":\"hr\",\"@id\":\"https:\/\/www.alphacan.com\/hr\/stolarija-italija\/prozori\/inalpha-prestigio\/#primaryimage\",\"url\":\"https:\/\/www.alphacan.com\/wp-content\/uploads\/2017\/11\/typologie-fabrication-in-alpha-1024x130.jpg\",\"contentUrl\":\"https:\/\/www.alphacan.com\/wp-content\/uploads\/2017\/11\/typologie-fabrication-in-alpha-1024x130.jpg\"},{\"@type\":\"BreadcrumbList\",\"@id\":\"https:\/\/www.alphacan.com\/hr\/stolarija-italija\/prozori\/inalpha-prestigio\/#breadcrumb\",\"itemListElement\":[{\"@type\":\"ListItem\",\"position\":1,\"name\":\"Accueil\",\"item\":\"https:\/\/www.alphacan.com\/hr\/\"},{\"@type\":\"ListItem\",\"position\":2,\"name\":\"STOLARIJA ITALIJA\",\"item\":\"https:\/\/www.alphacan.com\/hr\/stolarija-italija\/\"},{\"@type\":\"ListItem\",\"position\":3,\"name\":\"PROZORI\",\"item\":\"https:\/\/www.alphacan.com\/hr\/stolarija-italija\/prozori\/\"},{\"@type\":\"ListItem\",\"position\":4,\"name\":\"IN\u2019ALPHA PRESTIGIO\"}]},{\"@type\":\"WebSite\",\"@id\":\"https:\/\/www.alphacan.com\/es\/#website\",\"url\":\"https:\/\/www.alphacan.com\/es\/\",\"name\":\"Alphacan\",\"description\":\"Concepteur Menuiseries\",\"potentialAction\":[{\"@type\":\"SearchAction\",\"target\":{\"@type\":\"EntryPoint\",\"urlTemplate\":\"https:\/\/www.alphacan.com\/es\/?s={search_term_string}\"},\"query-input\":{\"@type\":\"PropertyValueSpecification\",\"valueRequired\":true,\"valueName\":\"search_term_string\"}}],\"inLanguage\":\"hr\"}]}<\/script>\n<!-- \/ Yoast SEO plugin. -->","yoast_head_json":{"title":"IN\u2019ALPHA PRESTIGIO &#8211; Alphacan","description":"UNE LIGNE \u201cLINIJA \u201cPROIZVEDENO U ITALIJI\u201d\u201d IN ALPHA PRESTIGIO je rezultat kombinacije u\u010dinkovitosti ALPHACAN stolarije i i talijanskog dizajna: posebna","robots":{"index":"index","follow":"follow","max-snippet":"max-snippet:-1","max-image-preview":"max-image-preview:large","max-video-preview":"max-video-preview:-1"},"canonical":"https:\/\/www.alphacan.com\/hr\/stolarija-italija\/prozori\/inalpha-prestigio\/","og_locale":"hr_HR","og_type":"article","og_title":"IN\u2019ALPHA PRESTIGIO &#8211; Alphacan","og_description":"UNE LIGNE \u201cLINIJA \u201cPROIZVEDENO U ITALIJI\u201d\u201d IN ALPHA PRESTIGIO je rezultat kombinacije u\u010dinkovitosti ALPHACAN stolarije i i talijanskog dizajna: posebna","og_url":"https:\/\/www.alphacan.com\/hr\/stolarija-italija\/prozori\/inalpha-prestigio\/","og_site_name":"Alphacan","article_modified_time":"2019-04-16T15:40:45+00:00","og_image":[{"url":"https:\/\/www.alphacan.com\/wp-content\/uploads\/2017\/11\/typologie-fabrication-in-alpha-1024x130.jpg","type":"","width":"","height":""}],"twitter_card":"summary_large_image","schema":{"@context":"https:\/\/schema.org","@graph":[{"@type":"WebPage","@id":"https:\/\/www.alphacan.com\/hr\/stolarija-italija\/prozori\/inalpha-prestigio\/","url":"https:\/\/www.alphacan.com\/hr\/stolarija-italija\/prozori\/inalpha-prestigio\/","name":"IN\u2019ALPHA PRESTIGIO &#8211; Alphacan","isPartOf":{"@id":"https:\/\/www.alphacan.com\/es\/#website"},"primaryImageOfPage":{"@id":"https:\/\/www.alphacan.com\/hr\/stolarija-italija\/prozori\/inalpha-prestigio\/#primaryimage"},"image":{"@id":"https:\/\/www.alphacan.com\/hr\/stolarija-italija\/prozori\/inalpha-prestigio\/#primaryimage"},"thumbnailUrl":"https:\/\/www.alphacan.com\/wp-content\/uploads\/2017\/11\/typologie-fabrication-in-alpha-1024x130.jpg","datePublished":"2019-01-10T12:41:49+00:00","dateModified":"2019-04-16T15:40:45+00:00","description":"UNE LIGNE \u201cLINIJA \u201cPROIZVEDENO U ITALIJI\u201d\u201d IN ALPHA PRESTIGIO je rezultat kombinacije u\u010dinkovitosti ALPHACAN stolarije i i talijanskog dizajna: posebna","breadcrumb":{"@id":"https:\/\/www.alphacan.com\/hr\/stolarija-italija\/prozori\/inalpha-prestigio\/#breadcrumb"},"inLanguage":"hr","potentialAction":[{"@type":"ReadAction","target":["https:\/\/www.alphacan.com\/hr\/stolarija-italija\/prozori\/inalpha-prestigio\/"]}]},{"@type":"ImageObject","inLanguage":"hr","@id":"https:\/\/www.alphacan.com\/hr\/stolarija-italija\/prozori\/inalpha-prestigio\/#primaryimage","url":"https:\/\/www.alphacan.com\/wp-content\/uploads\/2017\/11\/typologie-fabrication-in-alpha-1024x130.jpg","contentUrl":"https:\/\/www.alphacan.com\/wp-content\/uploads\/2017\/11\/typologie-fabrication-in-alpha-1024x130.jpg"},{"@type":"BreadcrumbList","@id":"https:\/\/www.alphacan.com\/hr\/stolarija-italija\/prozori\/inalpha-prestigio\/#breadcrumb","itemListElement":[{"@type":"ListItem","position":1,"name":"Accueil","item":"https:\/\/www.alphacan.com\/hr\/"},{"@type":"ListItem","position":2,"name":"STOLARIJA ITALIJA","item":"https:\/\/www.alphacan.com\/hr\/stolarija-italija\/"},{"@type":"ListItem","position":3,"name":"PROZORI","item":"https:\/\/www.alphacan.com\/hr\/stolarija-italija\/prozori\/"},{"@type":"ListItem","position":4,"name":"IN\u2019ALPHA PRESTIGIO"}]},{"@type":"WebSite","@id":"https:\/\/www.alphacan.com\/es\/#website","url":"https:\/\/www.alphacan.com\/es\/","name":"Alphacan","description":"Concepteur Menuiseries","potentialAction":[{"@type":"SearchAction","target":{"@type":"EntryPoint","urlTemplate":"https:\/\/www.alphacan.com\/es\/?s={search_term_string}"},"query-input":{"@type":"PropertyValueSpecification","valueRequired":true,"valueName":"search_term_string"}}],"inLanguage":"hr"}]}},"_links":{"self":[{"href":"https:\/\/www.alphacan.com\/hr\/wp-json\/wp\/v2\/pages\/4453","targetHints":{"allow":["GET"]}}],"collection":[{"href":"https:\/\/www.alphacan.com\/hr\/wp-json\/wp\/v2\/pages"}],"about":[{"href":"https:\/\/www.alphacan.com\/hr\/wp-json\/wp\/v2\/types\/page"}],"author":[{"embeddable":true,"href":"https:\/\/www.alphacan.com\/hr\/wp-json\/wp\/v2\/users\/559"}],"replies":[{"embeddable":true,"href":"https:\/\/www.alphacan.com\/hr\/wp-json\/wp\/v2\/comments?post=4453"}],"version-history":[{"count":4,"href":"https:\/\/www.alphacan.com\/hr\/wp-json\/wp\/v2\/pages\/4453\/revisions"}],"predecessor-version":[{"id":6263,"href":"https:\/\/www.alphacan.com\/hr\/wp-json\/wp\/v2\/pages\/4453\/revisions\/6263"}],"up":[{"embeddable":true,"href":"https:\/\/www.alphacan.com\/hr\/wp-json\/wp\/v2\/pages\/4289"}],"wp:attachment":[{"href":"https:\/\/www.alphacan.com\/hr\/wp-json\/wp\/v2\/media?parent=4453"}],"curies":[{"name":"wp","href":"https:\/\/api.w.org\/{rel}","templated":true}]}}