{"id":4454,"date":"2019-01-10T13:49:24","date_gmt":"2019-01-10T12:49:24","guid":{"rendered":"https:\/\/www.alphacan.com\/?page_id=4454"},"modified":"2019-04-16T17:46:06","modified_gmt":"2019-04-16T15:46:06","slug":"alpha-luce","status":"publish","type":"page","link":"https:\/\/www.alphacan.com\/hr\/stolarija-italija\/prozori\/alpha-luce\/","title":{"rendered":"ALPHA LUCE"},"content":{"rendered":"<h2 dir=\"ltr\" data-placeholder=\"Traduction\">SJAJ I LUMINOZNOST<\/h2>\n<p id=\"tw-target-text\" class=\"tw-data-text tw-ta tw-text-small\" dir=\"ltr\" data-placeholder=\"Traduction\"><span lang=\"fr\">Estetski minimalizam s kvadratnom geometrjom: dizajniran za ve\u0107i prolazak svijetosti.<\/span><\/p>\n<p class=\"tw-data-text tw-ta tw-text-small\" dir=\"ltr\" data-placeholder=\"Traduction\"><span lang=\"fr\">Rje\u0161enje koje omogu\u0107uje personalizaciju unutarnjeg i vanjskog izgleda \u010dime se posti\u017ee jedinstveni stil: opcija prekrivanja vanjske strane aluminijem, omogu\u0107uje jo\u0161 privla\u010dniji dizajn.<\/span><\/p>\n<p class=\"tw-data-text tw-ta tw-text-small\" dir=\"ltr\" data-placeholder=\"Traduction\"><span lang=\"fr\">Dostupno u svim RAL bojama uz mogu\u0107nost dodatka metalnog efekta.<\/span><a href=\"https:\/\/www.alphacan.com\/wp-content\/uploads\/2017\/11\/typologie-fabrication-alpha-luce.jpg\"><img loading=\"lazy\" decoding=\"async\" class=\"alignleft wp-image-2351 \" src=\"https:\/\/www.alphacan.com\/wp-content\/uploads\/2017\/11\/typologie-fabrication-alpha-luce-1024x130.jpg\" alt=\"\" width=\"953\" height=\"121\" srcset=\"https:\/\/www.alphacan.com\/wp-content\/uploads\/2017\/11\/typologie-fabrication-alpha-luce-1024x130.jpg 1024w, https:\/\/www.alphacan.com\/wp-content\/uploads\/2017\/11\/typologie-fabrication-alpha-luce-300x38.jpg 300w, https:\/\/www.alphacan.com\/wp-content\/uploads\/2017\/11\/typologie-fabrication-alpha-luce-768x97.jpg 768w, https:\/\/www.alphacan.com\/wp-content\/uploads\/2017\/11\/typologie-fabrication-alpha-luce.jpg 1491w\" sizes=\"auto, (max-width: 953px) 100vw, 953px\" \/><\/a><\/p>\n<p dir=\"ltr\" data-placeholder=\"Traduction\">\u00a0<\/p>\n","protected":false},"excerpt":{"rendered":"<p>SJAJ I LUMINOZNOST Estetski minimalizam s kvadratnom geometrjom: dizajniran za ve\u0107i prolazak svijetosti. Rje\u0161enje koje omogu\u0107uje personalizaciju unutarnjeg i vanjskog izgleda \u010dime se posti\u017ee jedinstveni stil: opcija prekrivanja vanjske strane aluminijem, omogu\u0107uje jo\u0161 privla\u010dniji dizajn. Dostupno u svim RAL bojama uz mogu\u0107nost dodatka metalnog efekta. \u00a0<\/p>\n","protected":false},"author":559,"featured_media":0,"parent":4289,"menu_order":5,"comment_status":"closed","ping_status":"closed","template":"","meta":{"_acf_changed":false,"footnotes":""},"class_list":["post-4454","page","type-page","status-publish","hentry"],"acf":[],"yoast_head":"<!-- This site is optimized with the Yoast SEO plugin v27.0 - https:\/\/yoast.com\/product\/yoast-seo-wordpress\/ -->\n<title>ALPHA LUCE &#8211; Alphacan<\/title>\n<meta name=\"description\" content=\"SJAJ I LUMINOZNOST Estetski minimalizam s kvadratnom geometrjom: dizajniran za ve\u0107i prolazak svijetosti. Rje\u0161enje koje omogu\u0107uje personalizaciju\" \/>\n<meta name=\"robots\" content=\"index, follow, max-snippet:-1, max-image-preview:large, max-video-preview:-1\" \/>\n<link rel=\"canonical\" href=\"https:\/\/www.alphacan.com\/hr\/stolarija-italija\/prozori\/alpha-luce\/\" \/>\n<meta property=\"og:locale\" content=\"hr_HR\" \/>\n<meta property=\"og:type\" content=\"article\" \/>\n<meta property=\"og:title\" content=\"ALPHA LUCE &#8211; Alphacan\" \/>\n<meta property=\"og:description\" content=\"SJAJ I LUMINOZNOST Estetski minimalizam s kvadratnom geometrjom: dizajniran za ve\u0107i prolazak svijetosti. Rje\u0161enje koje omogu\u0107uje personalizaciju\" \/>\n<meta property=\"og:url\" content=\"https:\/\/www.alphacan.com\/hr\/stolarija-italija\/prozori\/alpha-luce\/\" \/>\n<meta property=\"og:site_name\" content=\"Alphacan\" \/>\n<meta property=\"article:modified_time\" content=\"2019-04-16T15:46:06+00:00\" \/>\n<meta property=\"og:image\" content=\"https:\/\/www.alphacan.com\/wp-content\/uploads\/2017\/11\/typologie-fabrication-alpha-luce-1024x130.jpg\" \/>\n<meta name=\"twitter:card\" content=\"summary_large_image\" \/>\n<script type=\"application\/ld+json\" class=\"yoast-schema-graph\">{\"@context\":\"https:\/\/schema.org\",\"@graph\":[{\"@type\":\"WebPage\",\"@id\":\"https:\/\/www.alphacan.com\/hr\/stolarija-italija\/prozori\/alpha-luce\/\",\"url\":\"https:\/\/www.alphacan.com\/hr\/stolarija-italija\/prozori\/alpha-luce\/\",\"name\":\"ALPHA LUCE &#8211; Alphacan\",\"isPartOf\":{\"@id\":\"https:\/\/www.alphacan.com\/es\/#website\"},\"primaryImageOfPage\":{\"@id\":\"https:\/\/www.alphacan.com\/hr\/stolarija-italija\/prozori\/alpha-luce\/#primaryimage\"},\"image\":{\"@id\":\"https:\/\/www.alphacan.com\/hr\/stolarija-italija\/prozori\/alpha-luce\/#primaryimage\"},\"thumbnailUrl\":\"https:\/\/www.alphacan.com\/wp-content\/uploads\/2017\/11\/typologie-fabrication-alpha-luce-1024x130.jpg\",\"datePublished\":\"2019-01-10T12:49:24+00:00\",\"dateModified\":\"2019-04-16T15:46:06+00:00\",\"description\":\"SJAJ I LUMINOZNOST Estetski minimalizam s kvadratnom geometrjom: dizajniran za ve\u0107i prolazak svijetosti. Rje\u0161enje koje omogu\u0107uje personalizaciju\",\"breadcrumb\":{\"@id\":\"https:\/\/www.alphacan.com\/hr\/stolarija-italija\/prozori\/alpha-luce\/#breadcrumb\"},\"inLanguage\":\"hr\",\"potentialAction\":[{\"@type\":\"ReadAction\",\"target\":[\"https:\/\/www.alphacan.com\/hr\/stolarija-italija\/prozori\/alpha-luce\/\"]}]},{\"@type\":\"ImageObject\",\"inLanguage\":\"hr\",\"@id\":\"https:\/\/www.alphacan.com\/hr\/stolarija-italija\/prozori\/alpha-luce\/#primaryimage\",\"url\":\"https:\/\/www.alphacan.com\/wp-content\/uploads\/2017\/11\/typologie-fabrication-alpha-luce-1024x130.jpg\",\"contentUrl\":\"https:\/\/www.alphacan.com\/wp-content\/uploads\/2017\/11\/typologie-fabrication-alpha-luce-1024x130.jpg\"},{\"@type\":\"BreadcrumbList\",\"@id\":\"https:\/\/www.alphacan.com\/hr\/stolarija-italija\/prozori\/alpha-luce\/#breadcrumb\",\"itemListElement\":[{\"@type\":\"ListItem\",\"position\":1,\"name\":\"Accueil\",\"item\":\"https:\/\/www.alphacan.com\/hr\/\"},{\"@type\":\"ListItem\",\"position\":2,\"name\":\"STOLARIJA ITALIJA\",\"item\":\"https:\/\/www.alphacan.com\/hr\/stolarija-italija\/\"},{\"@type\":\"ListItem\",\"position\":3,\"name\":\"PROZORI\",\"item\":\"https:\/\/www.alphacan.com\/hr\/stolarija-italija\/prozori\/\"},{\"@type\":\"ListItem\",\"position\":4,\"name\":\"ALPHA LUCE\"}]},{\"@type\":\"WebSite\",\"@id\":\"https:\/\/www.alphacan.com\/es\/#website\",\"url\":\"https:\/\/www.alphacan.com\/es\/\",\"name\":\"Alphacan\",\"description\":\"Concepteur Menuiseries\",\"potentialAction\":[{\"@type\":\"SearchAction\",\"target\":{\"@type\":\"EntryPoint\",\"urlTemplate\":\"https:\/\/www.alphacan.com\/es\/?s={search_term_string}\"},\"query-input\":{\"@type\":\"PropertyValueSpecification\",\"valueRequired\":true,\"valueName\":\"search_term_string\"}}],\"inLanguage\":\"hr\"}]}<\/script>\n<!-- \/ Yoast SEO plugin. -->","yoast_head_json":{"title":"ALPHA LUCE &#8211; Alphacan","description":"SJAJ I LUMINOZNOST Estetski minimalizam s kvadratnom geometrjom: dizajniran za ve\u0107i prolazak svijetosti. Rje\u0161enje koje omogu\u0107uje personalizaciju","robots":{"index":"index","follow":"follow","max-snippet":"max-snippet:-1","max-image-preview":"max-image-preview:large","max-video-preview":"max-video-preview:-1"},"canonical":"https:\/\/www.alphacan.com\/hr\/stolarija-italija\/prozori\/alpha-luce\/","og_locale":"hr_HR","og_type":"article","og_title":"ALPHA LUCE &#8211; Alphacan","og_description":"SJAJ I LUMINOZNOST Estetski minimalizam s kvadratnom geometrjom: dizajniran za ve\u0107i prolazak svijetosti. Rje\u0161enje koje omogu\u0107uje personalizaciju","og_url":"https:\/\/www.alphacan.com\/hr\/stolarija-italija\/prozori\/alpha-luce\/","og_site_name":"Alphacan","article_modified_time":"2019-04-16T15:46:06+00:00","og_image":[{"url":"https:\/\/www.alphacan.com\/wp-content\/uploads\/2017\/11\/typologie-fabrication-alpha-luce-1024x130.jpg","type":"","width":"","height":""}],"twitter_card":"summary_large_image","schema":{"@context":"https:\/\/schema.org","@graph":[{"@type":"WebPage","@id":"https:\/\/www.alphacan.com\/hr\/stolarija-italija\/prozori\/alpha-luce\/","url":"https:\/\/www.alphacan.com\/hr\/stolarija-italija\/prozori\/alpha-luce\/","name":"ALPHA LUCE &#8211; Alphacan","isPartOf":{"@id":"https:\/\/www.alphacan.com\/es\/#website"},"primaryImageOfPage":{"@id":"https:\/\/www.alphacan.com\/hr\/stolarija-italija\/prozori\/alpha-luce\/#primaryimage"},"image":{"@id":"https:\/\/www.alphacan.com\/hr\/stolarija-italija\/prozori\/alpha-luce\/#primaryimage"},"thumbnailUrl":"https:\/\/www.alphacan.com\/wp-content\/uploads\/2017\/11\/typologie-fabrication-alpha-luce-1024x130.jpg","datePublished":"2019-01-10T12:49:24+00:00","dateModified":"2019-04-16T15:46:06+00:00","description":"SJAJ I LUMINOZNOST Estetski minimalizam s kvadratnom geometrjom: dizajniran za ve\u0107i prolazak svijetosti. Rje\u0161enje koje omogu\u0107uje personalizaciju","breadcrumb":{"@id":"https:\/\/www.alphacan.com\/hr\/stolarija-italija\/prozori\/alpha-luce\/#breadcrumb"},"inLanguage":"hr","potentialAction":[{"@type":"ReadAction","target":["https:\/\/www.alphacan.com\/hr\/stolarija-italija\/prozori\/alpha-luce\/"]}]},{"@type":"ImageObject","inLanguage":"hr","@id":"https:\/\/www.alphacan.com\/hr\/stolarija-italija\/prozori\/alpha-luce\/#primaryimage","url":"https:\/\/www.alphacan.com\/wp-content\/uploads\/2017\/11\/typologie-fabrication-alpha-luce-1024x130.jpg","contentUrl":"https:\/\/www.alphacan.com\/wp-content\/uploads\/2017\/11\/typologie-fabrication-alpha-luce-1024x130.jpg"},{"@type":"BreadcrumbList","@id":"https:\/\/www.alphacan.com\/hr\/stolarija-italija\/prozori\/alpha-luce\/#breadcrumb","itemListElement":[{"@type":"ListItem","position":1,"name":"Accueil","item":"https:\/\/www.alphacan.com\/hr\/"},{"@type":"ListItem","position":2,"name":"STOLARIJA ITALIJA","item":"https:\/\/www.alphacan.com\/hr\/stolarija-italija\/"},{"@type":"ListItem","position":3,"name":"PROZORI","item":"https:\/\/www.alphacan.com\/hr\/stolarija-italija\/prozori\/"},{"@type":"ListItem","position":4,"name":"ALPHA LUCE"}]},{"@type":"WebSite","@id":"https:\/\/www.alphacan.com\/es\/#website","url":"https:\/\/www.alphacan.com\/es\/","name":"Alphacan","description":"Concepteur Menuiseries","potentialAction":[{"@type":"SearchAction","target":{"@type":"EntryPoint","urlTemplate":"https:\/\/www.alphacan.com\/es\/?s={search_term_string}"},"query-input":{"@type":"PropertyValueSpecification","valueRequired":true,"valueName":"search_term_string"}}],"inLanguage":"hr"}]}},"_links":{"self":[{"href":"https:\/\/www.alphacan.com\/hr\/wp-json\/wp\/v2\/pages\/4454","targetHints":{"allow":["GET"]}}],"collection":[{"href":"https:\/\/www.alphacan.com\/hr\/wp-json\/wp\/v2\/pages"}],"about":[{"href":"https:\/\/www.alphacan.com\/hr\/wp-json\/wp\/v2\/types\/page"}],"author":[{"embeddable":true,"href":"https:\/\/www.alphacan.com\/hr\/wp-json\/wp\/v2\/users\/559"}],"replies":[{"embeddable":true,"href":"https:\/\/www.alphacan.com\/hr\/wp-json\/wp\/v2\/comments?post=4454"}],"version-history":[{"count":4,"href":"https:\/\/www.alphacan.com\/hr\/wp-json\/wp\/v2\/pages\/4454\/revisions"}],"predecessor-version":[{"id":6265,"href":"https:\/\/www.alphacan.com\/hr\/wp-json\/wp\/v2\/pages\/4454\/revisions\/6265"}],"up":[{"embeddable":true,"href":"https:\/\/www.alphacan.com\/hr\/wp-json\/wp\/v2\/pages\/4289"}],"wp:attachment":[{"href":"https:\/\/www.alphacan.com\/hr\/wp-json\/wp\/v2\/media?parent=4454"}],"curies":[{"name":"wp","href":"https:\/\/api.w.org\/{rel}","templated":true}]}}