{"id":4457,"date":"2019-01-11T10:53:28","date_gmt":"2019-01-11T09:53:28","guid":{"rendered":"https:\/\/www.alphacan.com\/?page_id=4457"},"modified":"2019-04-17T10:52:41","modified_gmt":"2019-04-17T08:52:41","slug":"klizna-inline","status":"publish","type":"page","link":"https:\/\/www.alphacan.com\/hr\/stolarija-italija\/grilje-i-rolete\/klizna-inline\/","title":{"rendered":"KLIZNA IN&#8217;LINE"},"content":{"rendered":"<h2>VI\u0160ENAMJENSKI OTVORI<\/h2>\n<p>Kompaktan i svestran klizni sustav koji odgovara prozorima i vratima.<\/p>\n<p>Mogu\u0107nost kombiniranja aluminijskog kliznog praga sa sni\u017eenim profilom u razini s podom.<\/p>\n<p>Prilagodljiv bilo kojoj vrsti zida.<\/p>\n<p><a href=\"https:\/\/www.alphacan.com\/wp-content\/uploads\/2017\/11\/typologie-fabrication-in-line.jpg\"><img loading=\"lazy\" decoding=\"async\" class=\"alignleft  wp-image-2492\" src=\"https:\/\/www.alphacan.com\/wp-content\/uploads\/2017\/11\/typologie-fabrication-in-line-1024x130.jpg\" alt=\"\" width=\"859\" height=\"109\" srcset=\"https:\/\/www.alphacan.com\/wp-content\/uploads\/2017\/11\/typologie-fabrication-in-line-1024x130.jpg 1024w, https:\/\/www.alphacan.com\/wp-content\/uploads\/2017\/11\/typologie-fabrication-in-line-300x38.jpg 300w, https:\/\/www.alphacan.com\/wp-content\/uploads\/2017\/11\/typologie-fabrication-in-line-768x97.jpg 768w, https:\/\/www.alphacan.com\/wp-content\/uploads\/2017\/11\/typologie-fabrication-in-line.jpg 1491w\" sizes=\"auto, (max-width: 859px) 100vw, 859px\" \/><\/a><\/p>\n<p>&nbsp;<\/p>\n<p>&nbsp;<\/p>\n<p>&nbsp;<\/p>\n<p>&nbsp;<\/p>\n","protected":false},"excerpt":{"rendered":"<p>VI\u0160ENAMJENSKI OTVORI Kompaktan i svestran klizni sustav koji odgovara prozorima i vratima. Mogu\u0107nost kombiniranja aluminijskog kliznog praga sa sni\u017eenim profilom u razini s podom. Prilagodljiv bilo kojoj vrsti zida. &nbsp; &nbsp; &nbsp; &nbsp;<\/p>\n","protected":false},"author":559,"featured_media":0,"parent":4456,"menu_order":0,"comment_status":"closed","ping_status":"closed","template":"","meta":{"_acf_changed":false,"footnotes":""},"class_list":["post-4457","page","type-page","status-publish","hentry"],"acf":[],"yoast_head":"<!-- This site is optimized with the Yoast SEO plugin v27.0 - https:\/\/yoast.com\/product\/yoast-seo-wordpress\/ -->\n<title>KLIZNA IN&#039;LINE &#8211; Alphacan<\/title>\n<meta name=\"description\" content=\"VI\u0160ENAMJENSKI OTVORI Kompaktan i svestran klizni sustav koji odgovara prozorima i vratima. Mogu\u0107nost kombiniranja aluminijskog kliznog praga sa sni\u017eenim\" \/>\n<meta name=\"robots\" content=\"index, follow, max-snippet:-1, max-image-preview:large, max-video-preview:-1\" \/>\n<link rel=\"canonical\" href=\"https:\/\/www.alphacan.com\/hr\/stolarija-italija\/grilje-i-rolete\/klizna-inline\/\" \/>\n<meta property=\"og:locale\" content=\"hr_HR\" \/>\n<meta property=\"og:type\" content=\"article\" \/>\n<meta property=\"og:title\" content=\"KLIZNA IN&#039;LINE &#8211; Alphacan\" \/>\n<meta property=\"og:description\" content=\"VI\u0160ENAMJENSKI OTVORI Kompaktan i svestran klizni sustav koji odgovara prozorima i vratima. Mogu\u0107nost kombiniranja aluminijskog kliznog praga sa sni\u017eenim\" \/>\n<meta property=\"og:url\" content=\"https:\/\/www.alphacan.com\/hr\/stolarija-italija\/grilje-i-rolete\/klizna-inline\/\" \/>\n<meta property=\"og:site_name\" content=\"Alphacan\" \/>\n<meta property=\"article:modified_time\" content=\"2019-04-17T08:52:41+00:00\" \/>\n<meta property=\"og:image\" content=\"https:\/\/www.alphacan.com\/wp-content\/uploads\/2017\/11\/typologie-fabrication-in-line-1024x130.jpg\" \/>\n<meta name=\"twitter:card\" content=\"summary_large_image\" \/>\n<script type=\"application\/ld+json\" class=\"yoast-schema-graph\">{\"@context\":\"https:\/\/schema.org\",\"@graph\":[{\"@type\":\"WebPage\",\"@id\":\"https:\/\/www.alphacan.com\/hr\/stolarija-italija\/grilje-i-rolete\/klizna-inline\/\",\"url\":\"https:\/\/www.alphacan.com\/hr\/stolarija-italija\/grilje-i-rolete\/klizna-inline\/\",\"name\":\"KLIZNA IN'LINE &#8211; Alphacan\",\"isPartOf\":{\"@id\":\"https:\/\/www.alphacan.com\/es\/#website\"},\"primaryImageOfPage\":{\"@id\":\"https:\/\/www.alphacan.com\/hr\/stolarija-italija\/grilje-i-rolete\/klizna-inline\/#primaryimage\"},\"image\":{\"@id\":\"https:\/\/www.alphacan.com\/hr\/stolarija-italija\/grilje-i-rolete\/klizna-inline\/#primaryimage\"},\"thumbnailUrl\":\"https:\/\/www.alphacan.com\/wp-content\/uploads\/2017\/11\/typologie-fabrication-in-line-1024x130.jpg\",\"datePublished\":\"2019-01-11T09:53:28+00:00\",\"dateModified\":\"2019-04-17T08:52:41+00:00\",\"description\":\"VI\u0160ENAMJENSKI OTVORI Kompaktan i svestran klizni sustav koji odgovara prozorima i vratima. Mogu\u0107nost kombiniranja aluminijskog kliznog praga sa sni\u017eenim\",\"breadcrumb\":{\"@id\":\"https:\/\/www.alphacan.com\/hr\/stolarija-italija\/grilje-i-rolete\/klizna-inline\/#breadcrumb\"},\"inLanguage\":\"hr\",\"potentialAction\":[{\"@type\":\"ReadAction\",\"target\":[\"https:\/\/www.alphacan.com\/hr\/stolarija-italija\/grilje-i-rolete\/klizna-inline\/\"]}]},{\"@type\":\"ImageObject\",\"inLanguage\":\"hr\",\"@id\":\"https:\/\/www.alphacan.com\/hr\/stolarija-italija\/grilje-i-rolete\/klizna-inline\/#primaryimage\",\"url\":\"https:\/\/www.alphacan.com\/wp-content\/uploads\/2017\/11\/typologie-fabrication-in-line-1024x130.jpg\",\"contentUrl\":\"https:\/\/www.alphacan.com\/wp-content\/uploads\/2017\/11\/typologie-fabrication-in-line-1024x130.jpg\"},{\"@type\":\"BreadcrumbList\",\"@id\":\"https:\/\/www.alphacan.com\/hr\/stolarija-italija\/grilje-i-rolete\/klizna-inline\/#breadcrumb\",\"itemListElement\":[{\"@type\":\"ListItem\",\"position\":1,\"name\":\"Accueil\",\"item\":\"https:\/\/www.alphacan.com\/hr\/\"},{\"@type\":\"ListItem\",\"position\":2,\"name\":\"STOLARIJA ITALIJA\",\"item\":\"https:\/\/www.alphacan.com\/hr\/stolarija-italija\/\"},{\"@type\":\"ListItem\",\"position\":3,\"name\":\"GRILJE I ROLETE\",\"item\":\"https:\/\/www.alphacan.com\/hr\/stolarija-italija\/grilje-i-rolete\/\"},{\"@type\":\"ListItem\",\"position\":4,\"name\":\"KLIZNA IN&#8217;LINE\"}]},{\"@type\":\"WebSite\",\"@id\":\"https:\/\/www.alphacan.com\/es\/#website\",\"url\":\"https:\/\/www.alphacan.com\/es\/\",\"name\":\"Alphacan\",\"description\":\"Concepteur Menuiseries\",\"potentialAction\":[{\"@type\":\"SearchAction\",\"target\":{\"@type\":\"EntryPoint\",\"urlTemplate\":\"https:\/\/www.alphacan.com\/es\/?s={search_term_string}\"},\"query-input\":{\"@type\":\"PropertyValueSpecification\",\"valueRequired\":true,\"valueName\":\"search_term_string\"}}],\"inLanguage\":\"hr\"}]}<\/script>\n<!-- \/ Yoast SEO plugin. -->","yoast_head_json":{"title":"KLIZNA IN'LINE &#8211; Alphacan","description":"VI\u0160ENAMJENSKI OTVORI Kompaktan i svestran klizni sustav koji odgovara prozorima i vratima. Mogu\u0107nost kombiniranja aluminijskog kliznog praga sa sni\u017eenim","robots":{"index":"index","follow":"follow","max-snippet":"max-snippet:-1","max-image-preview":"max-image-preview:large","max-video-preview":"max-video-preview:-1"},"canonical":"https:\/\/www.alphacan.com\/hr\/stolarija-italija\/grilje-i-rolete\/klizna-inline\/","og_locale":"hr_HR","og_type":"article","og_title":"KLIZNA IN'LINE &#8211; Alphacan","og_description":"VI\u0160ENAMJENSKI OTVORI Kompaktan i svestran klizni sustav koji odgovara prozorima i vratima. Mogu\u0107nost kombiniranja aluminijskog kliznog praga sa sni\u017eenim","og_url":"https:\/\/www.alphacan.com\/hr\/stolarija-italija\/grilje-i-rolete\/klizna-inline\/","og_site_name":"Alphacan","article_modified_time":"2019-04-17T08:52:41+00:00","og_image":[{"url":"https:\/\/www.alphacan.com\/wp-content\/uploads\/2017\/11\/typologie-fabrication-in-line-1024x130.jpg","type":"","width":"","height":""}],"twitter_card":"summary_large_image","schema":{"@context":"https:\/\/schema.org","@graph":[{"@type":"WebPage","@id":"https:\/\/www.alphacan.com\/hr\/stolarija-italija\/grilje-i-rolete\/klizna-inline\/","url":"https:\/\/www.alphacan.com\/hr\/stolarija-italija\/grilje-i-rolete\/klizna-inline\/","name":"KLIZNA IN'LINE &#8211; Alphacan","isPartOf":{"@id":"https:\/\/www.alphacan.com\/es\/#website"},"primaryImageOfPage":{"@id":"https:\/\/www.alphacan.com\/hr\/stolarija-italija\/grilje-i-rolete\/klizna-inline\/#primaryimage"},"image":{"@id":"https:\/\/www.alphacan.com\/hr\/stolarija-italija\/grilje-i-rolete\/klizna-inline\/#primaryimage"},"thumbnailUrl":"https:\/\/www.alphacan.com\/wp-content\/uploads\/2017\/11\/typologie-fabrication-in-line-1024x130.jpg","datePublished":"2019-01-11T09:53:28+00:00","dateModified":"2019-04-17T08:52:41+00:00","description":"VI\u0160ENAMJENSKI OTVORI Kompaktan i svestran klizni sustav koji odgovara prozorima i vratima. Mogu\u0107nost kombiniranja aluminijskog kliznog praga sa sni\u017eenim","breadcrumb":{"@id":"https:\/\/www.alphacan.com\/hr\/stolarija-italija\/grilje-i-rolete\/klizna-inline\/#breadcrumb"},"inLanguage":"hr","potentialAction":[{"@type":"ReadAction","target":["https:\/\/www.alphacan.com\/hr\/stolarija-italija\/grilje-i-rolete\/klizna-inline\/"]}]},{"@type":"ImageObject","inLanguage":"hr","@id":"https:\/\/www.alphacan.com\/hr\/stolarija-italija\/grilje-i-rolete\/klizna-inline\/#primaryimage","url":"https:\/\/www.alphacan.com\/wp-content\/uploads\/2017\/11\/typologie-fabrication-in-line-1024x130.jpg","contentUrl":"https:\/\/www.alphacan.com\/wp-content\/uploads\/2017\/11\/typologie-fabrication-in-line-1024x130.jpg"},{"@type":"BreadcrumbList","@id":"https:\/\/www.alphacan.com\/hr\/stolarija-italija\/grilje-i-rolete\/klizna-inline\/#breadcrumb","itemListElement":[{"@type":"ListItem","position":1,"name":"Accueil","item":"https:\/\/www.alphacan.com\/hr\/"},{"@type":"ListItem","position":2,"name":"STOLARIJA ITALIJA","item":"https:\/\/www.alphacan.com\/hr\/stolarija-italija\/"},{"@type":"ListItem","position":3,"name":"GRILJE I ROLETE","item":"https:\/\/www.alphacan.com\/hr\/stolarija-italija\/grilje-i-rolete\/"},{"@type":"ListItem","position":4,"name":"KLIZNA IN&#8217;LINE"}]},{"@type":"WebSite","@id":"https:\/\/www.alphacan.com\/es\/#website","url":"https:\/\/www.alphacan.com\/es\/","name":"Alphacan","description":"Concepteur Menuiseries","potentialAction":[{"@type":"SearchAction","target":{"@type":"EntryPoint","urlTemplate":"https:\/\/www.alphacan.com\/es\/?s={search_term_string}"},"query-input":{"@type":"PropertyValueSpecification","valueRequired":true,"valueName":"search_term_string"}}],"inLanguage":"hr"}]}},"_links":{"self":[{"href":"https:\/\/www.alphacan.com\/hr\/wp-json\/wp\/v2\/pages\/4457","targetHints":{"allow":["GET"]}}],"collection":[{"href":"https:\/\/www.alphacan.com\/hr\/wp-json\/wp\/v2\/pages"}],"about":[{"href":"https:\/\/www.alphacan.com\/hr\/wp-json\/wp\/v2\/types\/page"}],"author":[{"embeddable":true,"href":"https:\/\/www.alphacan.com\/hr\/wp-json\/wp\/v2\/users\/559"}],"replies":[{"embeddable":true,"href":"https:\/\/www.alphacan.com\/hr\/wp-json\/wp\/v2\/comments?post=4457"}],"version-history":[{"count":5,"href":"https:\/\/www.alphacan.com\/hr\/wp-json\/wp\/v2\/pages\/4457\/revisions"}],"predecessor-version":[{"id":6363,"href":"https:\/\/www.alphacan.com\/hr\/wp-json\/wp\/v2\/pages\/4457\/revisions\/6363"}],"up":[{"embeddable":true,"href":"https:\/\/www.alphacan.com\/hr\/wp-json\/wp\/v2\/pages\/4456"}],"wp:attachment":[{"href":"https:\/\/www.alphacan.com\/hr\/wp-json\/wp\/v2\/media?parent=4457"}],"curies":[{"name":"wp","href":"https:\/\/api.w.org\/{rel}","templated":true}]}}