{"id":4460,"date":"2019-01-11T10:37:47","date_gmt":"2019-01-11T09:37:47","guid":{"rendered":"https:\/\/www.alphacan.com\/?page_id=4460"},"modified":"2019-04-16T18:29:00","modified_gmt":"2019-04-16T16:29:00","slug":"sistem-roleta","status":"publish","type":"page","link":"https:\/\/www.alphacan.com\/hr\/stolarija-italija\/grilje-i-rolete\/sistem-roleta\/","title":{"rendered":"SISTEM ROLETA"},"content":{"rendered":"<h2>MEDITERANSKE ROLETE<\/h2>\n<p><span lang=\"fr\">Ovaj sistem roleta posebno je prilago\u0111en novim zgradama, te omogu\u0107ava termo-zvu\u010dnu izolaciju visokih performansi.<\/span><\/p>\n<p><span lang=\"fr\">Mogu\u0107nost dizanja roleta ru\u010dno ili putem elektromotora.<\/span><\/p>\n<h2>\u00a0<\/h2>\n<h2>ROLETE ZA OBNOVU<\/h2>\n<p><span lang=\"fr\">Ovaj sustav je posebno pogodan za obnovu, pogodan za rolete velikih dimenzija zahvaljuju\u0107i geometrijskim detaljima komponenti.<\/span><\/p>\n<p><span lang=\"fr\">Savr\u0161eno uskla\u0111en s prozorima, mo\u017ee se izra\u0111ivati u istim oblicima zavr\u0161ne obrade.<\/span><\/p>\n","protected":false},"excerpt":{"rendered":"<p>MEDITERANSKE ROLETE Ovaj sistem roleta posebno je prilago\u0111en novim zgradama, te omogu\u0107ava termo-zvu\u010dnu izolaciju visokih performansi. Mogu\u0107nost dizanja roleta ru\u010dno ili putem elektromotora. \u00a0 ROLETE ZA OBNOVU Ovaj sustav je posebno pogodan za obnovu, pogodan za rolete velikih dimenzija zahvaljuju\u0107i geometrijskim detaljima komponenti. Savr\u0161eno uskla\u0111en s prozorima, mo\u017ee se izra\u0111ivati u istim oblicima zavr\u0161ne obrade.<\/p>\n","protected":false},"author":559,"featured_media":0,"parent":4456,"menu_order":0,"comment_status":"closed","ping_status":"closed","template":"","meta":{"_acf_changed":false,"footnotes":""},"class_list":["post-4460","page","type-page","status-publish","hentry"],"acf":[],"yoast_head":"<!-- This site is optimized with the Yoast SEO plugin v27.0 - https:\/\/yoast.com\/product\/yoast-seo-wordpress\/ -->\n<title>SISTEM ROLETA &#8211; Alphacan<\/title>\n<meta name=\"description\" content=\"MEDITERANSKE ROLETE Ovaj sistem roleta posebno je prilago\u0111en novim zgradama, te omogu\u0107ava termo-zvu\u010dnu izolaciju visokih performansi. Mogu\u0107nost dizanja\" \/>\n<meta name=\"robots\" content=\"index, follow, max-snippet:-1, max-image-preview:large, max-video-preview:-1\" \/>\n<link rel=\"canonical\" href=\"https:\/\/www.alphacan.com\/hr\/stolarija-italija\/grilje-i-rolete\/sistem-roleta\/\" \/>\n<meta property=\"og:locale\" content=\"hr_HR\" \/>\n<meta property=\"og:type\" content=\"article\" \/>\n<meta property=\"og:title\" content=\"SISTEM ROLETA &#8211; Alphacan\" \/>\n<meta property=\"og:description\" content=\"MEDITERANSKE ROLETE Ovaj sistem roleta posebno je prilago\u0111en novim zgradama, te omogu\u0107ava termo-zvu\u010dnu izolaciju visokih performansi. Mogu\u0107nost dizanja\" \/>\n<meta property=\"og:url\" content=\"https:\/\/www.alphacan.com\/hr\/stolarija-italija\/grilje-i-rolete\/sistem-roleta\/\" \/>\n<meta property=\"og:site_name\" content=\"Alphacan\" \/>\n<meta property=\"article:modified_time\" content=\"2019-04-16T16:29:00+00:00\" \/>\n<meta name=\"twitter:card\" content=\"summary_large_image\" \/>\n<script type=\"application\/ld+json\" class=\"yoast-schema-graph\">{\"@context\":\"https:\/\/schema.org\",\"@graph\":[{\"@type\":\"WebPage\",\"@id\":\"https:\/\/www.alphacan.com\/hr\/stolarija-italija\/grilje-i-rolete\/sistem-roleta\/\",\"url\":\"https:\/\/www.alphacan.com\/hr\/stolarija-italija\/grilje-i-rolete\/sistem-roleta\/\",\"name\":\"SISTEM ROLETA &#8211; Alphacan\",\"isPartOf\":{\"@id\":\"https:\/\/www.alphacan.com\/es\/#website\"},\"datePublished\":\"2019-01-11T09:37:47+00:00\",\"dateModified\":\"2019-04-16T16:29:00+00:00\",\"description\":\"MEDITERANSKE ROLETE Ovaj sistem roleta posebno je prilago\u0111en novim zgradama, te omogu\u0107ava termo-zvu\u010dnu izolaciju visokih performansi. Mogu\u0107nost dizanja\",\"breadcrumb\":{\"@id\":\"https:\/\/www.alphacan.com\/hr\/stolarija-italija\/grilje-i-rolete\/sistem-roleta\/#breadcrumb\"},\"inLanguage\":\"hr\",\"potentialAction\":[{\"@type\":\"ReadAction\",\"target\":[\"https:\/\/www.alphacan.com\/hr\/stolarija-italija\/grilje-i-rolete\/sistem-roleta\/\"]}]},{\"@type\":\"BreadcrumbList\",\"@id\":\"https:\/\/www.alphacan.com\/hr\/stolarija-italija\/grilje-i-rolete\/sistem-roleta\/#breadcrumb\",\"itemListElement\":[{\"@type\":\"ListItem\",\"position\":1,\"name\":\"Accueil\",\"item\":\"https:\/\/www.alphacan.com\/hr\/\"},{\"@type\":\"ListItem\",\"position\":2,\"name\":\"STOLARIJA ITALIJA\",\"item\":\"https:\/\/www.alphacan.com\/hr\/stolarija-italija\/\"},{\"@type\":\"ListItem\",\"position\":3,\"name\":\"GRILJE I ROLETE\",\"item\":\"https:\/\/www.alphacan.com\/hr\/stolarija-italija\/grilje-i-rolete\/\"},{\"@type\":\"ListItem\",\"position\":4,\"name\":\"SISTEM ROLETA\"}]},{\"@type\":\"WebSite\",\"@id\":\"https:\/\/www.alphacan.com\/es\/#website\",\"url\":\"https:\/\/www.alphacan.com\/es\/\",\"name\":\"Alphacan\",\"description\":\"Concepteur Menuiseries\",\"potentialAction\":[{\"@type\":\"SearchAction\",\"target\":{\"@type\":\"EntryPoint\",\"urlTemplate\":\"https:\/\/www.alphacan.com\/es\/?s={search_term_string}\"},\"query-input\":{\"@type\":\"PropertyValueSpecification\",\"valueRequired\":true,\"valueName\":\"search_term_string\"}}],\"inLanguage\":\"hr\"}]}<\/script>\n<!-- \/ Yoast SEO plugin. -->","yoast_head_json":{"title":"SISTEM ROLETA &#8211; Alphacan","description":"MEDITERANSKE ROLETE Ovaj sistem roleta posebno je prilago\u0111en novim zgradama, te omogu\u0107ava termo-zvu\u010dnu izolaciju visokih performansi. Mogu\u0107nost dizanja","robots":{"index":"index","follow":"follow","max-snippet":"max-snippet:-1","max-image-preview":"max-image-preview:large","max-video-preview":"max-video-preview:-1"},"canonical":"https:\/\/www.alphacan.com\/hr\/stolarija-italija\/grilje-i-rolete\/sistem-roleta\/","og_locale":"hr_HR","og_type":"article","og_title":"SISTEM ROLETA &#8211; Alphacan","og_description":"MEDITERANSKE ROLETE Ovaj sistem roleta posebno je prilago\u0111en novim zgradama, te omogu\u0107ava termo-zvu\u010dnu izolaciju visokih performansi. Mogu\u0107nost dizanja","og_url":"https:\/\/www.alphacan.com\/hr\/stolarija-italija\/grilje-i-rolete\/sistem-roleta\/","og_site_name":"Alphacan","article_modified_time":"2019-04-16T16:29:00+00:00","twitter_card":"summary_large_image","schema":{"@context":"https:\/\/schema.org","@graph":[{"@type":"WebPage","@id":"https:\/\/www.alphacan.com\/hr\/stolarija-italija\/grilje-i-rolete\/sistem-roleta\/","url":"https:\/\/www.alphacan.com\/hr\/stolarija-italija\/grilje-i-rolete\/sistem-roleta\/","name":"SISTEM ROLETA &#8211; Alphacan","isPartOf":{"@id":"https:\/\/www.alphacan.com\/es\/#website"},"datePublished":"2019-01-11T09:37:47+00:00","dateModified":"2019-04-16T16:29:00+00:00","description":"MEDITERANSKE ROLETE Ovaj sistem roleta posebno je prilago\u0111en novim zgradama, te omogu\u0107ava termo-zvu\u010dnu izolaciju visokih performansi. Mogu\u0107nost dizanja","breadcrumb":{"@id":"https:\/\/www.alphacan.com\/hr\/stolarija-italija\/grilje-i-rolete\/sistem-roleta\/#breadcrumb"},"inLanguage":"hr","potentialAction":[{"@type":"ReadAction","target":["https:\/\/www.alphacan.com\/hr\/stolarija-italija\/grilje-i-rolete\/sistem-roleta\/"]}]},{"@type":"BreadcrumbList","@id":"https:\/\/www.alphacan.com\/hr\/stolarija-italija\/grilje-i-rolete\/sistem-roleta\/#breadcrumb","itemListElement":[{"@type":"ListItem","position":1,"name":"Accueil","item":"https:\/\/www.alphacan.com\/hr\/"},{"@type":"ListItem","position":2,"name":"STOLARIJA ITALIJA","item":"https:\/\/www.alphacan.com\/hr\/stolarija-italija\/"},{"@type":"ListItem","position":3,"name":"GRILJE I ROLETE","item":"https:\/\/www.alphacan.com\/hr\/stolarija-italija\/grilje-i-rolete\/"},{"@type":"ListItem","position":4,"name":"SISTEM ROLETA"}]},{"@type":"WebSite","@id":"https:\/\/www.alphacan.com\/es\/#website","url":"https:\/\/www.alphacan.com\/es\/","name":"Alphacan","description":"Concepteur Menuiseries","potentialAction":[{"@type":"SearchAction","target":{"@type":"EntryPoint","urlTemplate":"https:\/\/www.alphacan.com\/es\/?s={search_term_string}"},"query-input":{"@type":"PropertyValueSpecification","valueRequired":true,"valueName":"search_term_string"}}],"inLanguage":"hr"}]}},"_links":{"self":[{"href":"https:\/\/www.alphacan.com\/hr\/wp-json\/wp\/v2\/pages\/4460","targetHints":{"allow":["GET"]}}],"collection":[{"href":"https:\/\/www.alphacan.com\/hr\/wp-json\/wp\/v2\/pages"}],"about":[{"href":"https:\/\/www.alphacan.com\/hr\/wp-json\/wp\/v2\/types\/page"}],"author":[{"embeddable":true,"href":"https:\/\/www.alphacan.com\/hr\/wp-json\/wp\/v2\/users\/559"}],"replies":[{"embeddable":true,"href":"https:\/\/www.alphacan.com\/hr\/wp-json\/wp\/v2\/comments?post=4460"}],"version-history":[{"count":5,"href":"https:\/\/www.alphacan.com\/hr\/wp-json\/wp\/v2\/pages\/4460\/revisions"}],"predecessor-version":[{"id":6284,"href":"https:\/\/www.alphacan.com\/hr\/wp-json\/wp\/v2\/pages\/4460\/revisions\/6284"}],"up":[{"embeddable":true,"href":"https:\/\/www.alphacan.com\/hr\/wp-json\/wp\/v2\/pages\/4456"}],"wp:attachment":[{"href":"https:\/\/www.alphacan.com\/hr\/wp-json\/wp\/v2\/media?parent=4460"}],"curies":[{"name":"wp","href":"https:\/\/api.w.org\/{rel}","templated":true}]}}