{"id":4461,"date":"2019-01-11T10:32:00","date_gmt":"2019-01-11T09:32:00","guid":{"rendered":"https:\/\/www.alphacan.com\/?page_id=4461"},"modified":"2019-04-17T10:18:53","modified_gmt":"2019-04-17T08:18:53","slug":"skure","status":"publish","type":"page","link":"https:\/\/www.alphacan.com\/hr\/stolarija-italija\/grilje-i-rolete\/skure\/","title":{"rendered":"\u0160KURE"},"content":{"rendered":"<h2 id=\"tw-target-text\" class=\"tw-data-text tw-ta tw-text-small\" dir=\"ltr\" data-placeholder=\"Traduction\"><span lang=\"fr\">TRADICIONALNI TALIJANSKI OBLIK<\/span><\/h2>\n<p class=\"tw-data-text tw-ta tw-text-small\" dir=\"ltr\" data-placeholder=\"Traduction\"><span lang=\"fr\">Radi se o tipi\u010dnoj talijanskoj \u0161kuri pokrajine Veneto, koja vjerno reproducira stare regionalne oblike zatamnjivanja; \u0161kure se izra\u0111uju s modularnim, vertikalno povezanim daskama.<br \/>\n<\/span><\/p>\n<p class=\"tw-data-text tw-ta tw-text-small\" dir=\"ltr\" data-placeholder=\"Traduction\"><span lang=\"fr\">Opremljeni su metalnim oja\u010danjem koje daje veliku stabilnost a razli\u010dite nijanse boja \u010dine proizvod prakti\u010dnim i pouzdanim.<\/span><\/p>\n<p dir=\"ltr\" data-placeholder=\"Traduction\"><a href=\"https:\/\/www.alphacan.com\/wp-content\/uploads\/2017\/11\/typologie-fabrication-scurojpg.jpg\"><img loading=\"lazy\" decoding=\"async\" class=\"alignleft wp-image-2408 \" src=\"https:\/\/www.alphacan.com\/wp-content\/uploads\/2017\/11\/typologie-fabrication-scurojpg-1024x207.jpg\" alt=\"\" width=\"673\" height=\"136\" srcset=\"https:\/\/www.alphacan.com\/wp-content\/uploads\/2017\/11\/typologie-fabrication-scurojpg-1024x207.jpg 1024w, https:\/\/www.alphacan.com\/wp-content\/uploads\/2017\/11\/typologie-fabrication-scurojpg-300x61.jpg 300w, https:\/\/www.alphacan.com\/wp-content\/uploads\/2017\/11\/typologie-fabrication-scurojpg-768x155.jpg 768w, https:\/\/www.alphacan.com\/wp-content\/uploads\/2017\/11\/typologie-fabrication-scurojpg.jpg 1503w\" sizes=\"auto, (max-width: 673px) 100vw, 673px\" \/><\/a><\/p>\n<p dir=\"ltr\" data-placeholder=\"Traduction\">\u00a0<\/p>\n<p dir=\"ltr\" data-placeholder=\"Traduction\">\u00a0<\/p>\n<p dir=\"ltr\" data-placeholder=\"Traduction\">\u00a0<\/p>\n<p dir=\"ltr\" data-placeholder=\"Traduction\">\u00a0<\/p>\n<p dir=\"ltr\" data-placeholder=\"Traduction\">\u00a0<\/p>\n<p dir=\"ltr\" data-placeholder=\"Traduction\">\u00a0<\/p>\n","protected":false},"excerpt":{"rendered":"<p>TRADICIONALNI TALIJANSKI OBLIK Radi se o tipi\u010dnoj talijanskoj \u0161kuri pokrajine Veneto, koja vjerno reproducira stare regionalne oblike zatamnjivanja; \u0161kure se izra\u0111uju s modularnim, vertikalno povezanim daskama. Opremljeni su metalnim oja\u010danjem koje daje veliku stabilnost a razli\u010dite nijanse boja \u010dine proizvod prakti\u010dnim i pouzdanim. \u00a0 \u00a0 \u00a0 \u00a0 \u00a0 \u00a0<\/p>\n","protected":false},"author":559,"featured_media":0,"parent":4456,"menu_order":0,"comment_status":"closed","ping_status":"closed","template":"","meta":{"_acf_changed":false,"footnotes":""},"class_list":["post-4461","page","type-page","status-publish","hentry"],"acf":[],"yoast_head":"<!-- This site is optimized with the Yoast SEO plugin v27.0 - https:\/\/yoast.com\/product\/yoast-seo-wordpress\/ -->\n<title>\u0160KURE &#8211; Alphacan<\/title>\n<meta name=\"description\" content=\"TRADICIONALNI TALIJANSKI OBLIK Radi se o tipi\u010dnoj talijanskoj \u0161kuri pokrajine Veneto, koja vjerno reproducira stare regionalne oblike zatamnjivanja; \u0161kure\" \/>\n<meta name=\"robots\" content=\"index, follow, max-snippet:-1, max-image-preview:large, max-video-preview:-1\" \/>\n<link rel=\"canonical\" href=\"https:\/\/www.alphacan.com\/hr\/stolarija-italija\/grilje-i-rolete\/skure\/\" \/>\n<meta property=\"og:locale\" content=\"hr_HR\" \/>\n<meta property=\"og:type\" content=\"article\" \/>\n<meta property=\"og:title\" content=\"\u0160KURE &#8211; Alphacan\" \/>\n<meta property=\"og:description\" content=\"TRADICIONALNI TALIJANSKI OBLIK Radi se o tipi\u010dnoj talijanskoj \u0161kuri pokrajine Veneto, koja vjerno reproducira stare regionalne oblike zatamnjivanja; \u0161kure\" \/>\n<meta property=\"og:url\" content=\"https:\/\/www.alphacan.com\/hr\/stolarija-italija\/grilje-i-rolete\/skure\/\" \/>\n<meta property=\"og:site_name\" content=\"Alphacan\" \/>\n<meta property=\"article:modified_time\" content=\"2019-04-17T08:18:53+00:00\" \/>\n<meta property=\"og:image\" content=\"https:\/\/www.alphacan.com\/wp-content\/uploads\/2017\/11\/typologie-fabrication-scurojpg-1024x207.jpg\" \/>\n<meta name=\"twitter:card\" content=\"summary_large_image\" \/>\n<script type=\"application\/ld+json\" class=\"yoast-schema-graph\">{\"@context\":\"https:\/\/schema.org\",\"@graph\":[{\"@type\":\"WebPage\",\"@id\":\"https:\/\/www.alphacan.com\/hr\/stolarija-italija\/grilje-i-rolete\/skure\/\",\"url\":\"https:\/\/www.alphacan.com\/hr\/stolarija-italija\/grilje-i-rolete\/skure\/\",\"name\":\"\u0160KURE &#8211; Alphacan\",\"isPartOf\":{\"@id\":\"https:\/\/www.alphacan.com\/es\/#website\"},\"primaryImageOfPage\":{\"@id\":\"https:\/\/www.alphacan.com\/hr\/stolarija-italija\/grilje-i-rolete\/skure\/#primaryimage\"},\"image\":{\"@id\":\"https:\/\/www.alphacan.com\/hr\/stolarija-italija\/grilje-i-rolete\/skure\/#primaryimage\"},\"thumbnailUrl\":\"https:\/\/www.alphacan.com\/wp-content\/uploads\/2017\/11\/typologie-fabrication-scurojpg-1024x207.jpg\",\"datePublished\":\"2019-01-11T09:32:00+00:00\",\"dateModified\":\"2019-04-17T08:18:53+00:00\",\"description\":\"TRADICIONALNI TALIJANSKI OBLIK Radi se o tipi\u010dnoj talijanskoj \u0161kuri pokrajine Veneto, koja vjerno reproducira stare regionalne oblike zatamnjivanja; \u0161kure\",\"breadcrumb\":{\"@id\":\"https:\/\/www.alphacan.com\/hr\/stolarija-italija\/grilje-i-rolete\/skure\/#breadcrumb\"},\"inLanguage\":\"hr\",\"potentialAction\":[{\"@type\":\"ReadAction\",\"target\":[\"https:\/\/www.alphacan.com\/hr\/stolarija-italija\/grilje-i-rolete\/skure\/\"]}]},{\"@type\":\"ImageObject\",\"inLanguage\":\"hr\",\"@id\":\"https:\/\/www.alphacan.com\/hr\/stolarija-italija\/grilje-i-rolete\/skure\/#primaryimage\",\"url\":\"https:\/\/www.alphacan.com\/wp-content\/uploads\/2017\/11\/typologie-fabrication-scurojpg-1024x207.jpg\",\"contentUrl\":\"https:\/\/www.alphacan.com\/wp-content\/uploads\/2017\/11\/typologie-fabrication-scurojpg-1024x207.jpg\"},{\"@type\":\"BreadcrumbList\",\"@id\":\"https:\/\/www.alphacan.com\/hr\/stolarija-italija\/grilje-i-rolete\/skure\/#breadcrumb\",\"itemListElement\":[{\"@type\":\"ListItem\",\"position\":1,\"name\":\"Accueil\",\"item\":\"https:\/\/www.alphacan.com\/hr\/\"},{\"@type\":\"ListItem\",\"position\":2,\"name\":\"STOLARIJA ITALIJA\",\"item\":\"https:\/\/www.alphacan.com\/hr\/stolarija-italija\/\"},{\"@type\":\"ListItem\",\"position\":3,\"name\":\"GRILJE I ROLETE\",\"item\":\"https:\/\/www.alphacan.com\/hr\/stolarija-italija\/grilje-i-rolete\/\"},{\"@type\":\"ListItem\",\"position\":4,\"name\":\"\u0160KURE\"}]},{\"@type\":\"WebSite\",\"@id\":\"https:\/\/www.alphacan.com\/es\/#website\",\"url\":\"https:\/\/www.alphacan.com\/es\/\",\"name\":\"Alphacan\",\"description\":\"Concepteur Menuiseries\",\"potentialAction\":[{\"@type\":\"SearchAction\",\"target\":{\"@type\":\"EntryPoint\",\"urlTemplate\":\"https:\/\/www.alphacan.com\/es\/?s={search_term_string}\"},\"query-input\":{\"@type\":\"PropertyValueSpecification\",\"valueRequired\":true,\"valueName\":\"search_term_string\"}}],\"inLanguage\":\"hr\"}]}<\/script>\n<!-- \/ Yoast SEO plugin. -->","yoast_head_json":{"title":"\u0160KURE &#8211; Alphacan","description":"TRADICIONALNI TALIJANSKI OBLIK Radi se o tipi\u010dnoj talijanskoj \u0161kuri pokrajine Veneto, koja vjerno reproducira stare regionalne oblike zatamnjivanja; \u0161kure","robots":{"index":"index","follow":"follow","max-snippet":"max-snippet:-1","max-image-preview":"max-image-preview:large","max-video-preview":"max-video-preview:-1"},"canonical":"https:\/\/www.alphacan.com\/hr\/stolarija-italija\/grilje-i-rolete\/skure\/","og_locale":"hr_HR","og_type":"article","og_title":"\u0160KURE &#8211; Alphacan","og_description":"TRADICIONALNI TALIJANSKI OBLIK Radi se o tipi\u010dnoj talijanskoj \u0161kuri pokrajine Veneto, koja vjerno reproducira stare regionalne oblike zatamnjivanja; \u0161kure","og_url":"https:\/\/www.alphacan.com\/hr\/stolarija-italija\/grilje-i-rolete\/skure\/","og_site_name":"Alphacan","article_modified_time":"2019-04-17T08:18:53+00:00","og_image":[{"url":"https:\/\/www.alphacan.com\/wp-content\/uploads\/2017\/11\/typologie-fabrication-scurojpg-1024x207.jpg","type":"","width":"","height":""}],"twitter_card":"summary_large_image","schema":{"@context":"https:\/\/schema.org","@graph":[{"@type":"WebPage","@id":"https:\/\/www.alphacan.com\/hr\/stolarija-italija\/grilje-i-rolete\/skure\/","url":"https:\/\/www.alphacan.com\/hr\/stolarija-italija\/grilje-i-rolete\/skure\/","name":"\u0160KURE &#8211; Alphacan","isPartOf":{"@id":"https:\/\/www.alphacan.com\/es\/#website"},"primaryImageOfPage":{"@id":"https:\/\/www.alphacan.com\/hr\/stolarija-italija\/grilje-i-rolete\/skure\/#primaryimage"},"image":{"@id":"https:\/\/www.alphacan.com\/hr\/stolarija-italija\/grilje-i-rolete\/skure\/#primaryimage"},"thumbnailUrl":"https:\/\/www.alphacan.com\/wp-content\/uploads\/2017\/11\/typologie-fabrication-scurojpg-1024x207.jpg","datePublished":"2019-01-11T09:32:00+00:00","dateModified":"2019-04-17T08:18:53+00:00","description":"TRADICIONALNI TALIJANSKI OBLIK Radi se o tipi\u010dnoj talijanskoj \u0161kuri pokrajine Veneto, koja vjerno reproducira stare regionalne oblike zatamnjivanja; \u0161kure","breadcrumb":{"@id":"https:\/\/www.alphacan.com\/hr\/stolarija-italija\/grilje-i-rolete\/skure\/#breadcrumb"},"inLanguage":"hr","potentialAction":[{"@type":"ReadAction","target":["https:\/\/www.alphacan.com\/hr\/stolarija-italija\/grilje-i-rolete\/skure\/"]}]},{"@type":"ImageObject","inLanguage":"hr","@id":"https:\/\/www.alphacan.com\/hr\/stolarija-italija\/grilje-i-rolete\/skure\/#primaryimage","url":"https:\/\/www.alphacan.com\/wp-content\/uploads\/2017\/11\/typologie-fabrication-scurojpg-1024x207.jpg","contentUrl":"https:\/\/www.alphacan.com\/wp-content\/uploads\/2017\/11\/typologie-fabrication-scurojpg-1024x207.jpg"},{"@type":"BreadcrumbList","@id":"https:\/\/www.alphacan.com\/hr\/stolarija-italija\/grilje-i-rolete\/skure\/#breadcrumb","itemListElement":[{"@type":"ListItem","position":1,"name":"Accueil","item":"https:\/\/www.alphacan.com\/hr\/"},{"@type":"ListItem","position":2,"name":"STOLARIJA ITALIJA","item":"https:\/\/www.alphacan.com\/hr\/stolarija-italija\/"},{"@type":"ListItem","position":3,"name":"GRILJE I ROLETE","item":"https:\/\/www.alphacan.com\/hr\/stolarija-italija\/grilje-i-rolete\/"},{"@type":"ListItem","position":4,"name":"\u0160KURE"}]},{"@type":"WebSite","@id":"https:\/\/www.alphacan.com\/es\/#website","url":"https:\/\/www.alphacan.com\/es\/","name":"Alphacan","description":"Concepteur Menuiseries","potentialAction":[{"@type":"SearchAction","target":{"@type":"EntryPoint","urlTemplate":"https:\/\/www.alphacan.com\/es\/?s={search_term_string}"},"query-input":{"@type":"PropertyValueSpecification","valueRequired":true,"valueName":"search_term_string"}}],"inLanguage":"hr"}]}},"_links":{"self":[{"href":"https:\/\/www.alphacan.com\/hr\/wp-json\/wp\/v2\/pages\/4461","targetHints":{"allow":["GET"]}}],"collection":[{"href":"https:\/\/www.alphacan.com\/hr\/wp-json\/wp\/v2\/pages"}],"about":[{"href":"https:\/\/www.alphacan.com\/hr\/wp-json\/wp\/v2\/types\/page"}],"author":[{"embeddable":true,"href":"https:\/\/www.alphacan.com\/hr\/wp-json\/wp\/v2\/users\/559"}],"replies":[{"embeddable":true,"href":"https:\/\/www.alphacan.com\/hr\/wp-json\/wp\/v2\/comments?post=4461"}],"version-history":[{"count":5,"href":"https:\/\/www.alphacan.com\/hr\/wp-json\/wp\/v2\/pages\/4461\/revisions"}],"predecessor-version":[{"id":6346,"href":"https:\/\/www.alphacan.com\/hr\/wp-json\/wp\/v2\/pages\/4461\/revisions\/6346"}],"up":[{"embeddable":true,"href":"https:\/\/www.alphacan.com\/hr\/wp-json\/wp\/v2\/pages\/4456"}],"wp:attachment":[{"href":"https:\/\/www.alphacan.com\/hr\/wp-json\/wp\/v2\/media?parent=4461"}],"curies":[{"name":"wp","href":"https:\/\/api.w.org\/{rel}","templated":true}]}}