{"id":5109,"date":"2019-01-15T10:55:15","date_gmt":"2019-01-15T09:55:15","guid":{"rendered":"https:\/\/www.alphacan.com\/?page_id=5109"},"modified":"2019-04-12T10:35:10","modified_gmt":"2019-04-12T08:35:10","slug":"skin-decor","status":"publish","type":"page","link":"https:\/\/www.alphacan.com\/it\/finestre-gamma-francia\/finiture\/skin-decor\/","title":{"rendered":"SKIN DECOR"},"content":{"rendered":"<h2 dir=\"LTR\" style=\"text-align: justify;\" align=\"LEFT\">FINITURE ESTERNE<\/h2>\n<p>La finitura SKIN DECOR \u00e8 fatta con PMMA (polimetilmetacrilato). Questo polimero trasparente dalle straordinarie propriet\u00e0 \u00e8 solitamente impiegato per la produzione dei fari anteriori delle automobili, dei segnali luminosi e per la produzione dei vetri nell\u2019industria nautica e aeronautica.<\/p>\n<p>L\u2019effetto satinato di questa finitura \u00e8 ottenuta grazie a un procedimento brevettato: il segreto sta nell\u2019aggiungere micro particelle granulari alla vernice, il che aumenta la resistenza ai graffi e prolunga la vita utile del serramento.<\/p>\n<p>Combina le indiscusse prestazioni di tenuta dei serramenti e degli infissi in PVC con la creativit\u00e0 della finitura SKIN DECOR, e avrai una facciata armoniosa, allegra e variopinta.<\/p>\n","protected":false},"excerpt":{"rendered":"<p>FINITURE ESTERNE La finitura SKIN DECOR \u00e8 fatta con PMMA (polimetilmetacrilato). Questo polimero trasparente dalle straordinarie propriet\u00e0 \u00e8 solitamente impiegato per la produzione dei fari anteriori delle automobili, dei segnali luminosi e per la produzione dei vetri nell\u2019industria nautica e aeronautica. L\u2019effetto satinato di questa finitura \u00e8 ottenuta grazie a un procedimento brevettato: il segreto [&hellip;]<\/p>\n","protected":false},"author":559,"featured_media":0,"parent":3197,"menu_order":3,"comment_status":"open","ping_status":"open","template":"","meta":{"_acf_changed":false,"footnotes":""},"class_list":["post-5109","page","type-page","status-publish","hentry"],"acf":[],"yoast_head":"<!-- This site is optimized with the Yoast SEO plugin v27.0 - https:\/\/yoast.com\/product\/yoast-seo-wordpress\/ -->\n<title>SKIN DECOR &#8211; Alphacan<\/title>\n<meta name=\"description\" content=\"FINITURE ESTERNE La finitura SKIN DECOR \u00e8 fatta con PMMA (polimetilmetacrilato). Questo polimero trasparente dalle straordinarie propriet\u00e0 \u00e8 solitamente\" \/>\n<meta name=\"robots\" content=\"index, follow, max-snippet:-1, max-image-preview:large, max-video-preview:-1\" \/>\n<link rel=\"canonical\" href=\"https:\/\/www.alphacan.com\/it\/finestre-gamma-francia\/finiture\/skin-decor\/\" \/>\n<meta property=\"og:locale\" content=\"it_IT\" \/>\n<meta property=\"og:type\" content=\"article\" \/>\n<meta property=\"og:title\" content=\"SKIN DECOR &#8211; Alphacan\" \/>\n<meta property=\"og:description\" content=\"FINITURE ESTERNE La finitura SKIN DECOR \u00e8 fatta con PMMA (polimetilmetacrilato). Questo polimero trasparente dalle straordinarie propriet\u00e0 \u00e8 solitamente\" \/>\n<meta property=\"og:url\" content=\"https:\/\/www.alphacan.com\/it\/finestre-gamma-francia\/finiture\/skin-decor\/\" \/>\n<meta property=\"og:site_name\" content=\"Alphacan\" \/>\n<meta property=\"article:modified_time\" content=\"2019-04-12T08:35:10+00:00\" \/>\n<meta name=\"twitter:card\" content=\"summary_large_image\" \/>\n<meta name=\"twitter:label1\" content=\"Tempo di lettura stimato\" \/>\n\t<meta name=\"twitter:data1\" content=\"1 minuto\" \/>\n<script type=\"application\/ld+json\" class=\"yoast-schema-graph\">{\"@context\":\"https:\/\/schema.org\",\"@graph\":[{\"@type\":\"WebPage\",\"@id\":\"https:\/\/www.alphacan.com\/it\/finestre-gamma-francia\/finiture\/skin-decor\/\",\"url\":\"https:\/\/www.alphacan.com\/it\/finestre-gamma-francia\/finiture\/skin-decor\/\",\"name\":\"SKIN DECOR &#8211; Alphacan\",\"isPartOf\":{\"@id\":\"https:\/\/www.alphacan.com\/es\/#website\"},\"datePublished\":\"2019-01-15T09:55:15+00:00\",\"dateModified\":\"2019-04-12T08:35:10+00:00\",\"description\":\"FINITURE ESTERNE La finitura SKIN DECOR \u00e8 fatta con PMMA (polimetilmetacrilato). Questo polimero trasparente dalle straordinarie propriet\u00e0 \u00e8 solitamente\",\"breadcrumb\":{\"@id\":\"https:\/\/www.alphacan.com\/it\/finestre-gamma-francia\/finiture\/skin-decor\/#breadcrumb\"},\"inLanguage\":\"it-IT\",\"potentialAction\":[{\"@type\":\"ReadAction\",\"target\":[\"https:\/\/www.alphacan.com\/it\/finestre-gamma-francia\/finiture\/skin-decor\/\"]}]},{\"@type\":\"BreadcrumbList\",\"@id\":\"https:\/\/www.alphacan.com\/it\/finestre-gamma-francia\/finiture\/skin-decor\/#breadcrumb\",\"itemListElement\":[{\"@type\":\"ListItem\",\"position\":1,\"name\":\"Accueil\",\"item\":\"https:\/\/www.alphacan.com\/it\/\"},{\"@type\":\"ListItem\",\"position\":2,\"name\":\"SERRAMENTI E INFISSI FRANCESI\",\"item\":\"https:\/\/www.alphacan.com\/it\/finestre-gamma-francia\/\"},{\"@type\":\"ListItem\",\"position\":3,\"name\":\"FINITURA\",\"item\":\"https:\/\/www.alphacan.com\/it\/finestre-gamma-francia\/finiture\/\"},{\"@type\":\"ListItem\",\"position\":4,\"name\":\"SKIN DECOR\"}]},{\"@type\":\"WebSite\",\"@id\":\"https:\/\/www.alphacan.com\/es\/#website\",\"url\":\"https:\/\/www.alphacan.com\/es\/\",\"name\":\"Alphacan\",\"description\":\"Concepteur Menuiseries\",\"potentialAction\":[{\"@type\":\"SearchAction\",\"target\":{\"@type\":\"EntryPoint\",\"urlTemplate\":\"https:\/\/www.alphacan.com\/es\/?s={search_term_string}\"},\"query-input\":{\"@type\":\"PropertyValueSpecification\",\"valueRequired\":true,\"valueName\":\"search_term_string\"}}],\"inLanguage\":\"it-IT\"}]}<\/script>\n<!-- \/ Yoast SEO plugin. -->","yoast_head_json":{"title":"SKIN DECOR &#8211; Alphacan","description":"FINITURE ESTERNE La finitura SKIN DECOR \u00e8 fatta con PMMA (polimetilmetacrilato). Questo polimero trasparente dalle straordinarie propriet\u00e0 \u00e8 solitamente","robots":{"index":"index","follow":"follow","max-snippet":"max-snippet:-1","max-image-preview":"max-image-preview:large","max-video-preview":"max-video-preview:-1"},"canonical":"https:\/\/www.alphacan.com\/it\/finestre-gamma-francia\/finiture\/skin-decor\/","og_locale":"it_IT","og_type":"article","og_title":"SKIN DECOR &#8211; Alphacan","og_description":"FINITURE ESTERNE La finitura SKIN DECOR \u00e8 fatta con PMMA (polimetilmetacrilato). Questo polimero trasparente dalle straordinarie propriet\u00e0 \u00e8 solitamente","og_url":"https:\/\/www.alphacan.com\/it\/finestre-gamma-francia\/finiture\/skin-decor\/","og_site_name":"Alphacan","article_modified_time":"2019-04-12T08:35:10+00:00","twitter_card":"summary_large_image","twitter_misc":{"Tempo di lettura stimato":"1 minuto"},"schema":{"@context":"https:\/\/schema.org","@graph":[{"@type":"WebPage","@id":"https:\/\/www.alphacan.com\/it\/finestre-gamma-francia\/finiture\/skin-decor\/","url":"https:\/\/www.alphacan.com\/it\/finestre-gamma-francia\/finiture\/skin-decor\/","name":"SKIN DECOR &#8211; Alphacan","isPartOf":{"@id":"https:\/\/www.alphacan.com\/es\/#website"},"datePublished":"2019-01-15T09:55:15+00:00","dateModified":"2019-04-12T08:35:10+00:00","description":"FINITURE ESTERNE La finitura SKIN DECOR \u00e8 fatta con PMMA (polimetilmetacrilato). Questo polimero trasparente dalle straordinarie propriet\u00e0 \u00e8 solitamente","breadcrumb":{"@id":"https:\/\/www.alphacan.com\/it\/finestre-gamma-francia\/finiture\/skin-decor\/#breadcrumb"},"inLanguage":"it-IT","potentialAction":[{"@type":"ReadAction","target":["https:\/\/www.alphacan.com\/it\/finestre-gamma-francia\/finiture\/skin-decor\/"]}]},{"@type":"BreadcrumbList","@id":"https:\/\/www.alphacan.com\/it\/finestre-gamma-francia\/finiture\/skin-decor\/#breadcrumb","itemListElement":[{"@type":"ListItem","position":1,"name":"Accueil","item":"https:\/\/www.alphacan.com\/it\/"},{"@type":"ListItem","position":2,"name":"SERRAMENTI E INFISSI FRANCESI","item":"https:\/\/www.alphacan.com\/it\/finestre-gamma-francia\/"},{"@type":"ListItem","position":3,"name":"FINITURA","item":"https:\/\/www.alphacan.com\/it\/finestre-gamma-francia\/finiture\/"},{"@type":"ListItem","position":4,"name":"SKIN DECOR"}]},{"@type":"WebSite","@id":"https:\/\/www.alphacan.com\/es\/#website","url":"https:\/\/www.alphacan.com\/es\/","name":"Alphacan","description":"Concepteur Menuiseries","potentialAction":[{"@type":"SearchAction","target":{"@type":"EntryPoint","urlTemplate":"https:\/\/www.alphacan.com\/es\/?s={search_term_string}"},"query-input":{"@type":"PropertyValueSpecification","valueRequired":true,"valueName":"search_term_string"}}],"inLanguage":"it-IT"}]}},"_links":{"self":[{"href":"https:\/\/www.alphacan.com\/it\/wp-json\/wp\/v2\/pages\/5109","targetHints":{"allow":["GET"]}}],"collection":[{"href":"https:\/\/www.alphacan.com\/it\/wp-json\/wp\/v2\/pages"}],"about":[{"href":"https:\/\/www.alphacan.com\/it\/wp-json\/wp\/v2\/types\/page"}],"author":[{"embeddable":true,"href":"https:\/\/www.alphacan.com\/it\/wp-json\/wp\/v2\/users\/559"}],"replies":[{"embeddable":true,"href":"https:\/\/www.alphacan.com\/it\/wp-json\/wp\/v2\/comments?post=5109"}],"version-history":[{"count":5,"href":"https:\/\/www.alphacan.com\/it\/wp-json\/wp\/v2\/pages\/5109\/revisions"}],"predecessor-version":[{"id":6159,"href":"https:\/\/www.alphacan.com\/it\/wp-json\/wp\/v2\/pages\/5109\/revisions\/6159"}],"up":[{"embeddable":true,"href":"https:\/\/www.alphacan.com\/it\/wp-json\/wp\/v2\/pages\/3197"}],"wp:attachment":[{"href":"https:\/\/www.alphacan.com\/it\/wp-json\/wp\/v2\/media?parent=5109"}],"curies":[{"name":"wp","href":"https:\/\/api.w.org\/{rel}","templated":true}]}}